{"id":1925,"date":"2021-05-18T20:41:46","date_gmt":"2021-05-18T19:41:46","guid":{"rendered":"https:\/\/www.fytofontana.com\/hu\/?post_type=product&#038;p=1925"},"modified":"2025-10-14T11:42:01","modified_gmt":"2025-10-14T10:42:01","slug":"gyntima-probiotica-forte","status":"publish","type":"product","link":"https:\/\/www.fytofontana.com\/cs\/produkt\/gyntima-probiotica-forte\/","title":{"rendered":"GYNTIMA Probiotica Forte"},"content":{"rendered":"<p><strong>L\u00e9\u010dba p\u0159\u00edznak\u016f bakteri\u00e1ln\u00ed a kvasinkov\u00e9 infekce<\/strong><\/p>\n<ul>\n<li><b>MDR certifikovan\u00fd <\/b><b>zdravotnick\u00fd<\/b> <b>prost\u0159edek<\/b><b>\u00a0 <\/b>(EU 2017\/745).<\/li>\n<li>P\u0159in\u00e1\u0161\u00ed \u00falevu od p\u0159\u00edznak\u016f sv\u011bd\u011bn\u00ed, p\u00e1len\u00ed, podr\u00e1\u017ed\u011bn\u00ed a zm\u00edr\u0148uje v\u00fdtoky.<\/li>\n<li>P\u0159irozen\u011b eliminuje bakteri\u00e1ln\u00ed i kvasinkov\u00e9 infekce v pochv\u011b.<\/li>\n<li>Nastoluje biologickou rovnov\u00e1hu v pochv\u011b a obnovuje p\u0159irozenou vlhkost.<\/li>\n<li>Kombinuje antiseptick\u00e9 \u00fa\u010dinky s aktivn\u00ed podporou \u017eivn\u00e9 p\u016fdy pro laktobacily.<\/li>\n<li>Ide\u00e1ln\u00ed p\u0159i akutn\u00edch pot\u00ed\u017e\u00edch nebo \u010dasto se vracej\u00edc\u00edch infekc\u00edch.<\/li>\n<\/ul>\n","protected":false},"featured_media":3209,"template":"","products":[72],"yoast_head":"<title>GYNTIMA Probiotica Forte - Fytofontana<\/title>\n<meta name=\"description\" content=\"Vagin\u00e1ln\u00ed \u010d\u00edpky. P\u0159irozen\u00e9 biologick\u00e9 \u0159e\u0161en\u00ed vagin\u00e1ln\u00edch infekc\u00ed. L\u00e9\u010dba p\u0159\u00edznak\u016f bakteri\u00e1ln\u00ed a kvasinkov\u00e9 infekce.\" \/>\n<meta name=\"robots\" content=\"index, follow, max-snippet:-1, max-image-preview:large, max-video-preview:-1\" \/>\n<link rel=\"canonical\" href=\"https:\/\/www.fytofontana.com\/cs\/produkt\/gyntima-probiotica-forte\/\" \/>\n<meta property=\"og:locale\" content=\"cs_CZ\" \/>\n<meta property=\"og:type\" content=\"article\" \/>\n<meta property=\"og:title\" content=\"GYNTIMA Probiotica Forte - Fytofontana\" \/>\n<meta property=\"og:description\" content=\"Vagin\u00e1ln\u00ed \u010d\u00edpky. P\u0159irozen\u00e9 biologick\u00e9 \u0159e\u0161en\u00ed vagin\u00e1ln\u00edch infekc\u00ed. L\u00e9\u010dba p\u0159\u00edznak\u016f bakteri\u00e1ln\u00ed a kvasinkov\u00e9 infekce.\" \/>\n<meta property=\"og:url\" content=\"https:\/\/www.fytofontana.com\/cs\/produkt\/gyntima-probiotica-forte\/\" \/>\n<meta property=\"og:site_name\" content=\"Fytofontana\" \/>\n<meta property=\"article:modified_time\" content=\"2025-10-14T10:42:01+00:00\" \/>\n<meta property=\"og:image\" content=\"https:\/\/www.fytofontana.com\/wp-content\/uploads\/2021\/03\/2025_04_GYNTIMA_Vag_Cap_Probiotica_Forte_10ks_01_LQ_Primary.jpg\" \/>\n\t<meta property=\"og:image:width\" content=\"1000\" \/>\n\t<meta property=\"og:image:height\" content=\"1000\" \/>\n<meta name=\"twitter:card\" content=\"summary_large_image\" \/>\n<meta name=\"twitter:label1\" content=\"Odhadovan\u00e1 doba \u010dten\u00ed\">\n\t<meta name=\"twitter:data1\" content=\"1 minuta\">\n<script type=\"application\/ld+json\" class=\"yoast-schema-graph\">{\"@context\":\"https:\/\/schema.org\",\"@graph\":[{\"@type\":\"Organization\",\"@id\":\"https:\/\/www.fytofontana.com\/#organization\",\"name\":\"Fytofontana\",\"url\":\"https:\/\/www.fytofontana.com\/\",\"sameAs\":[],\"logo\":{\"@type\":\"ImageObject\",\"@id\":\"https:\/\/www.fytofontana.com\/#logo\",\"inLanguage\":\"cs\",\"url\":\"https:\/\/www.fytofontana.com\/wp-content\/uploads\/2021\/01\/fyto.png\",\"width\":817,\"height\":79,\"caption\":\"Fytofontana\"},\"image\":{\"@id\":\"https:\/\/www.fytofontana.com\/#logo\"}},{\"@type\":\"WebSite\",\"@id\":\"https:\/\/www.fytofontana.com\/#website\",\"url\":\"https:\/\/www.fytofontana.com\/\",\"name\":\"Fytofontana\",\"description\":\"\",\"publisher\":{\"@id\":\"https:\/\/www.fytofontana.com\/#organization\"},\"potentialAction\":[{\"@type\":\"SearchAction\",\"target\":\"https:\/\/www.fytofontana.com\/?s={search_term_string}\",\"query-input\":\"required name=search_term_string\"}],\"inLanguage\":\"cs\"},{\"@type\":\"ImageObject\",\"@id\":\"https:\/\/www.fytofontana.com\/cs\/produkt\/gyntima-probiotica-forte\/#primaryimage\",\"inLanguage\":\"cs\",\"url\":\"https:\/\/www.fytofontana.com\/wp-content\/uploads\/2021\/03\/2025_04_GYNTIMA_Vag_Cap_Probiotica_Forte_10ks_01_LQ_Primary.jpg\",\"width\":1000,\"height\":1000},{\"@type\":[\"WebPage\",\"ItemPage\"],\"@id\":\"https:\/\/www.fytofontana.com\/cs\/produkt\/gyntima-probiotica-forte\/#webpage\",\"url\":\"https:\/\/www.fytofontana.com\/cs\/produkt\/gyntima-probiotica-forte\/\",\"name\":\"GYNTIMA Probiotica Forte - Fytofontana\",\"isPartOf\":{\"@id\":\"https:\/\/www.fytofontana.com\/#website\"},\"primaryImageOfPage\":{\"@id\":\"https:\/\/www.fytofontana.com\/cs\/produkt\/gyntima-probiotica-forte\/#primaryimage\"},\"datePublished\":\"2021-05-18T19:41:46+00:00\",\"dateModified\":\"2025-10-14T10:42:01+00:00\",\"description\":\"Vagin\\u00e1ln\\u00ed \\u010d\\u00edpky. P\\u0159irozen\\u00e9 biologick\\u00e9 \\u0159e\\u0161en\\u00ed vagin\\u00e1ln\\u00edch infekc\\u00ed. L\\u00e9\\u010dba p\\u0159\\u00edznak\\u016f bakteri\\u00e1ln\\u00ed a kvasinkov\\u00e9 infekce.\",\"breadcrumb\":{\"@id\":\"https:\/\/www.fytofontana.com\/cs\/produkt\/gyntima-probiotica-forte\/#breadcrumb\"},\"inLanguage\":\"cs\",\"potentialAction\":[{\"@type\":\"ReadAction\",\"target\":[\"https:\/\/www.fytofontana.com\/cs\/produkt\/gyntima-probiotica-forte\/\"]}]},{\"@type\":\"BreadcrumbList\",\"@id\":\"https:\/\/www.fytofontana.com\/cs\/produkt\/gyntima-probiotica-forte\/#breadcrumb\",\"itemListElement\":[{\"@type\":\"ListItem\",\"position\":1,\"item\":{\"@type\":\"WebPage\",\"@id\":\"https:\/\/www.fytofontana.com\/cs\/\",\"url\":\"https:\/\/www.fytofontana.com\/cs\/\",\"name\":\"Home\"}},{\"@type\":\"ListItem\",\"position\":2,\"item\":{\"@type\":\"WebPage\",\"@id\":\"https:\/\/www.fytofontana.com\/cs\/produkt\/gyntima-probiotica-forte\/\",\"url\":\"https:\/\/www.fytofontana.com\/cs\/produkt\/gyntima-probiotica-forte\/\",\"name\":\"GYNTIMA Probiotica Forte\"}}]}]}<\/script>","_links":{"self":[{"href":"https:\/\/www.fytofontana.com\/cs\/wp-json\/wp\/v2\/product\/1925"}],"collection":[{"href":"https:\/\/www.fytofontana.com\/cs\/wp-json\/wp\/v2\/product"}],"about":[{"href":"https:\/\/www.fytofontana.com\/cs\/wp-json\/wp\/v2\/types\/product"}],"wp:featuredmedia":[{"embeddable":true,"href":"https:\/\/www.fytofontana.com\/cs\/wp-json\/wp\/v2\/media\/3209"}],"wp:attachment":[{"href":"https:\/\/www.fytofontana.com\/cs\/wp-json\/wp\/v2\/media?parent=1925"}],"wp:term":[{"taxonomy":"products","embeddable":true,"href":"https:\/\/www.fytofontana.com\/cs\/wp-json\/wp\/v2\/products?post=1925"}],"curies":[{"name":"wp","href":"https:\/\/api.w.org\/{rel}","templated":true}]}}