{"id":1923,"date":"2021-05-12T19:23:44","date_gmt":"2021-05-12T18:23:44","guid":{"rendered":"https:\/\/www.fytofontana.com\/hu\/?post_type=product&#038;p=1923"},"modified":"2025-10-14T11:37:42","modified_gmt":"2025-10-14T10:37:42","slug":"gyntima-probiotica","status":"publish","type":"product","link":"https:\/\/www.fytofontana.com\/cs\/produkt\/gyntima-probiotica\/","title":{"rendered":"GYNTIMA Probiotica"},"content":{"rendered":"<p><strong>Pravideln\u00e1 p\u00e9\u010de o vagin\u00e1ln\u00ed fl\u00f3ru a prevence infekc\u00ed<\/strong><\/p>\n<ul>\n<li><b>MDR certifikovan\u00fd <\/b><b>zdravotnick\u00fd<\/b> <b>prost\u0159edek<\/b><b>\u00a0 <\/b>(EU 2017\/745).<\/li>\n<li>Obnovuje p\u0159irozenou rovnov\u00e1hu mikrofl\u00f3ry v pochv\u011b.<\/li>\n<li>Vhodn\u00e9 p\u0159i a po u\u017e\u00edv\u00e1n\u00ed antibiotik, p\u0159i podr\u00e1\u017ed\u011bn\u00ed intimn\u00edch parti\u00ed, naru\u0161en\u00ed rovnov\u00e1hy v pochv\u011b a\u00a0tak\u00e9 upravuje v\u00fdtoky nezn\u00e1m\u00e9ho p\u016fvodu.<\/li>\n<li>Vytv\u00e1\u0159\u00ed \u017eivnou p\u016fdu pro laktobacily, usnad\u0148uje jejich rozmno\u017eov\u00e1n\u00ed a p\u0159e\u017e\u00edv\u00e1n\u00ed.<\/li>\n<li>Obsahuje p\u0159\u00edrodn\u00ed, t\u011blu ne\u0161kodn\u00e9 l\u00e1tky.<\/li>\n<li>Vhodn\u00e9 pro dlouhodob\u00e9 preventivn\u00ed pou\u017e\u00edv\u00e1n\u00ed.<\/li>\n<\/ul>\n","protected":false},"featured_media":3239,"template":"","products":[72],"yoast_head":"<title>GYNTIMA Probiotica - Fytofontana<\/title>\n<meta name=\"description\" content=\"Vagin\u00e1ln\u00ed \u010d\u00edpky. P\u0159irozen\u00e9 biologick\u00e9 \u0159e\u0161en\u00ed. Pravideln\u00e1 p\u00e9\u010de o vagin\u00e1ln\u00ed fl\u00f3ru a prevence infekc\u00ed.\" \/>\n<meta name=\"robots\" content=\"index, follow, max-snippet:-1, max-image-preview:large, max-video-preview:-1\" \/>\n<link rel=\"canonical\" href=\"https:\/\/www.fytofontana.com\/cs\/produkt\/gyntima-probiotica\/\" \/>\n<meta property=\"og:locale\" content=\"cs_CZ\" \/>\n<meta property=\"og:type\" content=\"article\" \/>\n<meta property=\"og:title\" content=\"GYNTIMA Probiotica - Fytofontana\" \/>\n<meta property=\"og:description\" content=\"Vagin\u00e1ln\u00ed \u010d\u00edpky. P\u0159irozen\u00e9 biologick\u00e9 \u0159e\u0161en\u00ed. Pravideln\u00e1 p\u00e9\u010de o vagin\u00e1ln\u00ed fl\u00f3ru a prevence infekc\u00ed.\" \/>\n<meta property=\"og:url\" content=\"https:\/\/www.fytofontana.com\/cs\/produkt\/gyntima-probiotica\/\" \/>\n<meta property=\"og:site_name\" content=\"Fytofontana\" \/>\n<meta property=\"article:modified_time\" content=\"2025-10-14T10:37:42+00:00\" \/>\n<meta property=\"og:image\" content=\"https:\/\/www.fytofontana.com\/wp-content\/uploads\/2020\/12\/2025_04_GYNTIMA_Vag_Sup_Probiotica_10pcs_01_LQ_Primary.png\" \/>\n\t<meta property=\"og:image:width\" content=\"500\" \/>\n\t<meta property=\"og:image:height\" content=\"500\" \/>\n<meta name=\"twitter:card\" content=\"summary_large_image\" \/>\n<meta name=\"twitter:label1\" content=\"Odhadovan\u00e1 doba \u010dten\u00ed\">\n\t<meta name=\"twitter:data1\" content=\"1 minuta\">\n<script type=\"application\/ld+json\" class=\"yoast-schema-graph\">{\"@context\":\"https:\/\/schema.org\",\"@graph\":[{\"@type\":\"Organization\",\"@id\":\"https:\/\/www.fytofontana.com\/#organization\",\"name\":\"Fytofontana\",\"url\":\"https:\/\/www.fytofontana.com\/\",\"sameAs\":[],\"logo\":{\"@type\":\"ImageObject\",\"@id\":\"https:\/\/www.fytofontana.com\/#logo\",\"inLanguage\":\"cs\",\"url\":\"https:\/\/www.fytofontana.com\/wp-content\/uploads\/2021\/01\/fyto.png\",\"width\":817,\"height\":79,\"caption\":\"Fytofontana\"},\"image\":{\"@id\":\"https:\/\/www.fytofontana.com\/#logo\"}},{\"@type\":\"WebSite\",\"@id\":\"https:\/\/www.fytofontana.com\/#website\",\"url\":\"https:\/\/www.fytofontana.com\/\",\"name\":\"Fytofontana\",\"description\":\"\",\"publisher\":{\"@id\":\"https:\/\/www.fytofontana.com\/#organization\"},\"potentialAction\":[{\"@type\":\"SearchAction\",\"target\":\"https:\/\/www.fytofontana.com\/?s={search_term_string}\",\"query-input\":\"required name=search_term_string\"}],\"inLanguage\":\"cs\"},{\"@type\":\"ImageObject\",\"@id\":\"https:\/\/www.fytofontana.com\/cs\/produkt\/gyntima-probiotica\/#primaryimage\",\"inLanguage\":\"cs\",\"url\":\"https:\/\/www.fytofontana.com\/wp-content\/uploads\/2020\/12\/2025_04_GYNTIMA_Vag_Sup_Probiotica_10pcs_01_LQ_Primary.png\",\"width\":500,\"height\":500},{\"@type\":[\"WebPage\",\"ItemPage\"],\"@id\":\"https:\/\/www.fytofontana.com\/cs\/produkt\/gyntima-probiotica\/#webpage\",\"url\":\"https:\/\/www.fytofontana.com\/cs\/produkt\/gyntima-probiotica\/\",\"name\":\"GYNTIMA Probiotica - Fytofontana\",\"isPartOf\":{\"@id\":\"https:\/\/www.fytofontana.com\/#website\"},\"primaryImageOfPage\":{\"@id\":\"https:\/\/www.fytofontana.com\/cs\/produkt\/gyntima-probiotica\/#primaryimage\"},\"datePublished\":\"2021-05-12T18:23:44+00:00\",\"dateModified\":\"2025-10-14T10:37:42+00:00\",\"description\":\"Vagin\\u00e1ln\\u00ed \\u010d\\u00edpky. P\\u0159irozen\\u00e9 biologick\\u00e9 \\u0159e\\u0161en\\u00ed. Pravideln\\u00e1 p\\u00e9\\u010de o vagin\\u00e1ln\\u00ed fl\\u00f3ru a prevence infekc\\u00ed.\",\"breadcrumb\":{\"@id\":\"https:\/\/www.fytofontana.com\/cs\/produkt\/gyntima-probiotica\/#breadcrumb\"},\"inLanguage\":\"cs\",\"potentialAction\":[{\"@type\":\"ReadAction\",\"target\":[\"https:\/\/www.fytofontana.com\/cs\/produkt\/gyntima-probiotica\/\"]}]},{\"@type\":\"BreadcrumbList\",\"@id\":\"https:\/\/www.fytofontana.com\/cs\/produkt\/gyntima-probiotica\/#breadcrumb\",\"itemListElement\":[{\"@type\":\"ListItem\",\"position\":1,\"item\":{\"@type\":\"WebPage\",\"@id\":\"https:\/\/www.fytofontana.com\/cs\/\",\"url\":\"https:\/\/www.fytofontana.com\/cs\/\",\"name\":\"Home\"}},{\"@type\":\"ListItem\",\"position\":2,\"item\":{\"@type\":\"WebPage\",\"@id\":\"https:\/\/www.fytofontana.com\/cs\/produkt\/gyntima-probiotica\/\",\"url\":\"https:\/\/www.fytofontana.com\/cs\/produkt\/gyntima-probiotica\/\",\"name\":\"GYNTIMA Probiotica\"}}]}]}<\/script>","_links":{"self":[{"href":"https:\/\/www.fytofontana.com\/cs\/wp-json\/wp\/v2\/product\/1923"}],"collection":[{"href":"https:\/\/www.fytofontana.com\/cs\/wp-json\/wp\/v2\/product"}],"about":[{"href":"https:\/\/www.fytofontana.com\/cs\/wp-json\/wp\/v2\/types\/product"}],"wp:featuredmedia":[{"embeddable":true,"href":"https:\/\/www.fytofontana.com\/cs\/wp-json\/wp\/v2\/media\/3239"}],"wp:attachment":[{"href":"https:\/\/www.fytofontana.com\/cs\/wp-json\/wp\/v2\/media?parent=1923"}],"wp:term":[{"taxonomy":"products","embeddable":true,"href":"https:\/\/www.fytofontana.com\/cs\/wp-json\/wp\/v2\/products?post=1923"}],"curies":[{"name":"wp","href":"https:\/\/api.w.org\/{rel}","templated":true}]}}