{"id":1921,"date":"2021-05-12T18:55:26","date_gmt":"2021-05-12T17:55:26","guid":{"rendered":"https:\/\/www.fytofontana.com\/hu\/?post_type=product&#038;p=1921"},"modified":"2026-01-22T00:27:00","modified_gmt":"2026-01-21T23:27:00","slug":"hemorrelax-rektalni-cipky","status":"publish","type":"product","link":"https:\/\/www.fytofontana.com\/cs\/produkt\/hemorrelax-rektalni-cipky\/","title":{"rendered":"HEMORRELAX rekt\u00e1ln\u00ed \u010d\u00edpky"},"content":{"rendered":"<p><strong>Fyto-biotechnologick\u00e9 rekt\u00e1ln\u00ed \u010d\u00edpky<\/strong> jsou ur\u010deny k o\u0161et\u0159en\u00ed <strong>vnit\u0159n\u00edch hemoroid\u016f<\/strong> a dal\u0161\u00edch obt\u00ed\u017e\u00ed v oblasti kone\u010dn\u00edku, jako jsou bolestiv\u00e9 <strong>an\u00e1ln\u00ed trhliny a praskliny (fisury a rhag\u00e1dy).<\/strong><\/p>\n<p>Hemorrelax \u010d\u00edpky se silou <strong>troj\u00edho \u00fa\u010dinku:<\/strong><\/p>\n<ul>\n<li><strong>O\u0161et\u0159uj\u00ed a zklid\u0148uj\u00ed citlivou vnit\u0159n\u00ed oblast kone\u010dn\u00edku a okam\u017eit\u011b zm\u00edr\u0148uj\u00ed <\/strong>bolest, sv\u011bd\u011bn\u00ed, p\u00e1len\u00ed a otoky \u2013 <strong>bez kortikoid\u016f.<\/strong><\/li>\n<li>Podporuj\u00ed <strong>hojen\u00ed, ochranu a regeneraci<\/strong> sliznice kone\u010dn\u00edku p\u0159i ji\u017e p\u0159\u00edtomn\u00fdch obt\u00ed\u017e\u00edch. Z\u00e1rove\u0148 pom\u00e1haj\u00ed udr\u017eovat <strong>dlouhodob\u00fd komfort<\/strong> v citliv\u00e9 oblasti a p\u016fsob\u00ed preventivn\u011b proti opakovan\u00e9mu podr\u00e1\u017ed\u011bn\u00ed.<\/li>\n<li><strong>Peptidy<\/strong> s \u00fa\u010dinkem podobn\u00fdm botulotoxinu, tzv. <strong>botox-like efekt<\/strong>, pom\u00e1haj\u00ed uvolnit k\u0159e\u010dovit\u00e9 sta\u017een\u00ed an\u00e1ln\u00edho sv\u011bra\u010de. T\u00edm vytv\u00e1\u0159ej\u00ed podm\u00ednky pro <strong>rychlej\u0161\u00ed hojen\u00ed drobn\u00fdch ranek a trhlin<\/strong> a p\u0159isp\u00edvaj\u00ed k <strong>bezbolestn\u00e9mu vyprazd\u0148ov\u00e1n\u00ed<\/strong> stolice.<\/li>\n<\/ul>\n","protected":false},"featured_media":3889,"template":"","products":[74],"yoast_head":"<title>HEMORRELAX rekt\u00e1ln\u00ed \u010d\u00edpky - Fytofontana<\/title>\n<meta name=\"description\" content=\"Fyto-biotechnologick\u00e9 \u010d\u00edpky na hemoroidy s botox efektem. Okam\u017eit\u00e1 \u00faleva od bolesti, sv\u011bd\u011bn\u00ed a p\u00e1len\u00ed bez kortikoid\u016f. Botox efekt pom\u00e1h\u00e1 uvolnit k\u0159e\u010dovit\u00e9 sta\u017een\u00ed sv\u011bra\u010de a podporuje hojen\u00ed ran a trhlin.\" \/>\n<meta name=\"robots\" content=\"index, follow, max-snippet:-1, max-image-preview:large, max-video-preview:-1\" \/>\n<link rel=\"canonical\" href=\"https:\/\/www.fytofontana.com\/cs\/produkt\/hemorrelax-rektalni-cipky\/\" \/>\n<meta property=\"og:locale\" content=\"cs_CZ\" \/>\n<meta property=\"og:type\" content=\"article\" \/>\n<meta property=\"og:title\" content=\"HEMORRELAX rekt\u00e1ln\u00ed \u010d\u00edpky - Fytofontana\" \/>\n<meta property=\"og:description\" content=\"Fyto-biotechnologick\u00e9 \u010d\u00edpky na hemoroidy s botox efektem. Okam\u017eit\u00e1 \u00faleva od bolesti, sv\u011bd\u011bn\u00ed a p\u00e1len\u00ed bez kortikoid\u016f. Botox efekt pom\u00e1h\u00e1 uvolnit k\u0159e\u010dovit\u00e9 sta\u017een\u00ed sv\u011bra\u010de a podporuje hojen\u00ed ran a trhlin.\" \/>\n<meta property=\"og:url\" content=\"https:\/\/www.fytofontana.com\/cs\/produkt\/hemorrelax-rektalni-cipky\/\" \/>\n<meta property=\"og:site_name\" content=\"Fytofontana\" \/>\n<meta property=\"article:modified_time\" content=\"2026-01-21T23:27:00+00:00\" \/>\n<meta property=\"og:image\" content=\"https:\/\/www.fytofontana.com\/wp-content\/uploads\/2021\/03\/24_10_HEMORRELAX_Rectal_Supp_10pcs_02_Primary.png\" \/>\n\t<meta property=\"og:image:width\" content=\"1000\" \/>\n\t<meta property=\"og:image:height\" content=\"1000\" \/>\n<meta name=\"twitter:card\" content=\"summary_large_image\" \/>\n<meta name=\"twitter:label1\" content=\"Odhadovan\u00e1 doba \u010dten\u00ed\">\n\t<meta name=\"twitter:data1\" content=\"1 minuta\">\n<script type=\"application\/ld+json\" class=\"yoast-schema-graph\">{\"@context\":\"https:\/\/schema.org\",\"@graph\":[{\"@type\":\"Organization\",\"@id\":\"https:\/\/www.fytofontana.com\/#organization\",\"name\":\"Fytofontana\",\"url\":\"https:\/\/www.fytofontana.com\/\",\"sameAs\":[],\"logo\":{\"@type\":\"ImageObject\",\"@id\":\"https:\/\/www.fytofontana.com\/#logo\",\"inLanguage\":\"cs\",\"url\":\"https:\/\/www.fytofontana.com\/wp-content\/uploads\/2021\/01\/fyto.png\",\"width\":817,\"height\":79,\"caption\":\"Fytofontana\"},\"image\":{\"@id\":\"https:\/\/www.fytofontana.com\/#logo\"}},{\"@type\":\"WebSite\",\"@id\":\"https:\/\/www.fytofontana.com\/#website\",\"url\":\"https:\/\/www.fytofontana.com\/\",\"name\":\"Fytofontana\",\"description\":\"\",\"publisher\":{\"@id\":\"https:\/\/www.fytofontana.com\/#organization\"},\"potentialAction\":[{\"@type\":\"SearchAction\",\"target\":\"https:\/\/www.fytofontana.com\/?s={search_term_string}\",\"query-input\":\"required name=search_term_string\"}],\"inLanguage\":\"cs\"},{\"@type\":\"ImageObject\",\"@id\":\"https:\/\/www.fytofontana.com\/cs\/produkt\/hemorrelax-rektalni-cipky\/#primaryimage\",\"inLanguage\":\"cs\",\"url\":\"https:\/\/www.fytofontana.com\/wp-content\/uploads\/2021\/03\/24_10_HEMORRELAX_Rectal_Supp_10pcs_02_Primary.png\",\"width\":1000,\"height\":1000},{\"@type\":[\"WebPage\",\"ItemPage\"],\"@id\":\"https:\/\/www.fytofontana.com\/cs\/produkt\/hemorrelax-rektalni-cipky\/#webpage\",\"url\":\"https:\/\/www.fytofontana.com\/cs\/produkt\/hemorrelax-rektalni-cipky\/\",\"name\":\"HEMORRELAX rekt\\u00e1ln\\u00ed \\u010d\\u00edpky - Fytofontana\",\"isPartOf\":{\"@id\":\"https:\/\/www.fytofontana.com\/#website\"},\"primaryImageOfPage\":{\"@id\":\"https:\/\/www.fytofontana.com\/cs\/produkt\/hemorrelax-rektalni-cipky\/#primaryimage\"},\"datePublished\":\"2021-05-12T17:55:26+00:00\",\"dateModified\":\"2026-01-21T23:27:00+00:00\",\"description\":\"Fyto-biotechnologick\\u00e9 \\u010d\\u00edpky na hemoroidy s botox efektem. Okam\\u017eit\\u00e1 \\u00faleva od bolesti, sv\\u011bd\\u011bn\\u00ed a p\\u00e1len\\u00ed bez kortikoid\\u016f. Botox efekt pom\\u00e1h\\u00e1 uvolnit k\\u0159e\\u010dovit\\u00e9 sta\\u017een\\u00ed sv\\u011bra\\u010de a podporuje hojen\\u00ed ran a trhlin.\",\"breadcrumb\":{\"@id\":\"https:\/\/www.fytofontana.com\/cs\/produkt\/hemorrelax-rektalni-cipky\/#breadcrumb\"},\"inLanguage\":\"cs\",\"potentialAction\":[{\"@type\":\"ReadAction\",\"target\":[\"https:\/\/www.fytofontana.com\/cs\/produkt\/hemorrelax-rektalni-cipky\/\"]}]},{\"@type\":\"BreadcrumbList\",\"@id\":\"https:\/\/www.fytofontana.com\/cs\/produkt\/hemorrelax-rektalni-cipky\/#breadcrumb\",\"itemListElement\":[{\"@type\":\"ListItem\",\"position\":1,\"item\":{\"@type\":\"WebPage\",\"@id\":\"https:\/\/www.fytofontana.com\/cs\/\",\"url\":\"https:\/\/www.fytofontana.com\/cs\/\",\"name\":\"Home\"}},{\"@type\":\"ListItem\",\"position\":2,\"item\":{\"@type\":\"WebPage\",\"@id\":\"https:\/\/www.fytofontana.com\/cs\/produkt\/hemorrelax-rektalni-cipky\/\",\"url\":\"https:\/\/www.fytofontana.com\/cs\/produkt\/hemorrelax-rektalni-cipky\/\",\"name\":\"HEMORRELAX rekt\\u00e1ln\\u00ed \\u010d\\u00edpky\"}}]}]}<\/script>","_links":{"self":[{"href":"https:\/\/www.fytofontana.com\/cs\/wp-json\/wp\/v2\/product\/1921"}],"collection":[{"href":"https:\/\/www.fytofontana.com\/cs\/wp-json\/wp\/v2\/product"}],"about":[{"href":"https:\/\/www.fytofontana.com\/cs\/wp-json\/wp\/v2\/types\/product"}],"wp:featuredmedia":[{"embeddable":true,"href":"https:\/\/www.fytofontana.com\/cs\/wp-json\/wp\/v2\/media\/3889"}],"wp:attachment":[{"href":"https:\/\/www.fytofontana.com\/cs\/wp-json\/wp\/v2\/media?parent=1921"}],"wp:term":[{"taxonomy":"products","embeddable":true,"href":"https:\/\/www.fytofontana.com\/cs\/wp-json\/wp\/v2\/products?post=1921"}],"curies":[{"name":"wp","href":"https:\/\/api.w.org\/{rel}","templated":true}]}}