{"id":1917,"date":"2021-05-11T21:29:48","date_gmt":"2021-05-11T20:29:48","guid":{"rendered":"https:\/\/www.fytofontana.com\/hu\/?post_type=product&#038;p=1917"},"modified":"2025-07-28T18:05:51","modified_gmt":"2025-07-28T17:05:51","slug":"citrovital-dentalni-gel","status":"publish","type":"product","link":"https:\/\/www.fytofontana.com\/cs\/produkt\/citrovital-dentalni-gel\/","title":{"rendered":"CITROVITAL dent\u00e1ln\u00ed gel"},"content":{"rendered":"<ul>\n<li><strong>Gel na p\u00e9\u010di o d\u00e1sn\u011b s antiseptickou p\u0159\u00edsadou a jemn\u00fdm \u00fa\u010dinkem grapefruitu.<\/strong><\/li>\n<li>Hlavn\u00ed slo\u017eka \u2013 extrakt z grapefruitov\u00fdch jader \u2013 je zn\u00e1m\u00e1 sv\u00fdmi antiseptick\u00fdmi vlastnostmi a p\u0159isp\u00edv\u00e1 k udr\u017eov\u00e1n\u00ed \u010dist\u00e9 \u00fastn\u00ed dutiny a mikrobi\u00e1ln\u00ed rovnov\u00e1hy.<\/li>\n<li>Pom\u00e1h\u00e1 zm\u00edr\u0148ovat nep\u0159\u00edjemnosti v \u00fastn\u00ed dutin\u011b p\u0159i aftech a zv\u00fd\u0161en\u00e9 citlivosti d\u00e1sn\u00ed.<\/li>\n<li>Omezuje ne\u017e\u00e1douc\u00ed mikrofl\u00f3ru a p\u0159isp\u00edv\u00e1 k prevenci tvorby zubn\u00edho plaku.<\/li>\n<li>Neobsahuje cukr a m\u00e1 p\u0159\u00edjemn\u011b ho\u0159kou chu\u0165.<\/li>\n<\/ul>\n<div class=\"field field--name-field-packings field--type-string field--label-inline\"><\/div>\n","protected":false},"featured_media":4024,"template":"","products":[71],"class_list":["post-1917","product","type-product","status-publish","has-post-thumbnail","hentry","products-citrovital-cz"],"yoast_head":"<title>CITROVITAL dent\u00e1ln\u00ed gel - Fytofontana<\/title>\n<meta name=\"description\" content=\"Gel na d\u00e1sn\u011b s antiseptickou p\u0159\u00edsadou a jemn\u00fdm \u00fa\u010dinkem grapefruitu. Pom\u00e1h\u00e1 p\u0159i aftech a citlivosti d\u00e1sn\u00ed, omezuje ne\u017e\u00e1douc\u00ed mikrofl\u00f3ru a tvorbu plaku. Neobsahuje cukr a m\u00e1 p\u0159\u00edjemn\u011b ho\u0159kou chu\u0165.\" \/>\n<meta name=\"robots\" content=\"index, follow, max-snippet:-1, max-image-preview:large, max-video-preview:-1\" \/>\n<link rel=\"canonical\" href=\"https:\/\/www.fytofontana.com\/cs\/produkt\/citrovital-dentalni-gel\/\" \/>\n<meta property=\"og:locale\" content=\"cs_CZ\" \/>\n<meta property=\"og:type\" content=\"article\" \/>\n<meta property=\"og:title\" content=\"CITROVITAL dent\u00e1ln\u00ed gel - Fytofontana\" \/>\n<meta property=\"og:description\" content=\"Gel na d\u00e1sn\u011b s antiseptickou p\u0159\u00edsadou a jemn\u00fdm \u00fa\u010dinkem grapefruitu. Pom\u00e1h\u00e1 p\u0159i aftech a citlivosti d\u00e1sn\u00ed, omezuje ne\u017e\u00e1douc\u00ed mikrofl\u00f3ru a tvorbu plaku. Neobsahuje cukr a m\u00e1 p\u0159\u00edjemn\u011b ho\u0159kou chu\u0165.\" \/>\n<meta property=\"og:url\" content=\"https:\/\/www.fytofontana.com\/cs\/produkt\/citrovital-dentalni-gel\/\" \/>\n<meta property=\"og:site_name\" content=\"Fytofontana\" \/>\n<meta property=\"article:modified_time\" content=\"2025-07-28T17:05:51+00:00\" \/>\n<meta property=\"og:image\" content=\"https:\/\/www.fytofontana.com\/wp-content\/uploads\/2021\/03\/CITROVITAL_Dental_gel_25ml_02-1.png\" \/>\n\t<meta property=\"og:image:width\" content=\"1000\" \/>\n\t<meta property=\"og:image:height\" content=\"1000\" \/>\n\t<meta property=\"og:image:type\" content=\"image\/png\" \/>\n<meta name=\"twitter:card\" content=\"summary_large_image\" \/>\n<meta name=\"twitter:label1\" content=\"Odhadovan\u00e1 doba \u010dten\u00ed\" \/>\n\t<meta name=\"twitter:data1\" content=\"1 minuta\" \/>\n<script type=\"application\/ld+json\" class=\"yoast-schema-graph\">{\"@context\":\"https:\\\/\\\/schema.org\",\"@graph\":[{\"@type\":[\"WebPage\",\"ItemPage\"],\"@id\":\"https:\\\/\\\/www.fytofontana.com\\\/cs\\\/produkt\\\/citrovital-dentalni-gel\\\/\",\"url\":\"https:\\\/\\\/www.fytofontana.com\\\/cs\\\/produkt\\\/citrovital-dentalni-gel\\\/\",\"name\":\"CITROVITAL dent\u00e1ln\u00ed gel - Fytofontana\",\"isPartOf\":{\"@id\":\"https:\\\/\\\/www.fytofontana.com\\\/#website\"},\"primaryImageOfPage\":{\"@id\":\"https:\\\/\\\/www.fytofontana.com\\\/cs\\\/produkt\\\/citrovital-dentalni-gel\\\/#primaryimage\"},\"image\":{\"@id\":\"https:\\\/\\\/www.fytofontana.com\\\/cs\\\/produkt\\\/citrovital-dentalni-gel\\\/#primaryimage\"},\"thumbnailUrl\":\"https:\\\/\\\/www.fytofontana.com\\\/wp-content\\\/uploads\\\/2021\\\/03\\\/CITROVITAL_Dental_gel_25ml_02-1.png\",\"datePublished\":\"2021-05-11T20:29:48+00:00\",\"dateModified\":\"2025-07-28T17:05:51+00:00\",\"description\":\"Gel na d\u00e1sn\u011b s antiseptickou p\u0159\u00edsadou a jemn\u00fdm \u00fa\u010dinkem grapefruitu. Pom\u00e1h\u00e1 p\u0159i aftech a citlivosti d\u00e1sn\u00ed, omezuje ne\u017e\u00e1douc\u00ed mikrofl\u00f3ru a tvorbu plaku. Neobsahuje cukr a m\u00e1 p\u0159\u00edjemn\u011b ho\u0159kou chu\u0165.\",\"breadcrumb\":{\"@id\":\"https:\\\/\\\/www.fytofontana.com\\\/cs\\\/produkt\\\/citrovital-dentalni-gel\\\/#breadcrumb\"},\"inLanguage\":\"cs\",\"potentialAction\":[{\"@type\":\"ReadAction\",\"target\":[\"https:\\\/\\\/www.fytofontana.com\\\/cs\\\/produkt\\\/citrovital-dentalni-gel\\\/\"]}]},{\"@type\":\"ImageObject\",\"inLanguage\":\"cs\",\"@id\":\"https:\\\/\\\/www.fytofontana.com\\\/cs\\\/produkt\\\/citrovital-dentalni-gel\\\/#primaryimage\",\"url\":\"https:\\\/\\\/www.fytofontana.com\\\/wp-content\\\/uploads\\\/2021\\\/03\\\/CITROVITAL_Dental_gel_25ml_02-1.png\",\"contentUrl\":\"https:\\\/\\\/www.fytofontana.com\\\/wp-content\\\/uploads\\\/2021\\\/03\\\/CITROVITAL_Dental_gel_25ml_02-1.png\",\"width\":1000,\"height\":1000},{\"@type\":\"BreadcrumbList\",\"@id\":\"https:\\\/\\\/www.fytofontana.com\\\/cs\\\/produkt\\\/citrovital-dentalni-gel\\\/#breadcrumb\",\"itemListElement\":[{\"@type\":\"ListItem\",\"position\":1,\"name\":\"Home\",\"item\":\"https:\\\/\\\/www.fytofontana.com\\\/cs\\\/\"},{\"@type\":\"ListItem\",\"position\":2,\"name\":\"CITROVITAL dent\u00e1ln\u00ed gel\"}]},{\"@type\":\"WebSite\",\"@id\":\"https:\\\/\\\/www.fytofontana.com\\\/#website\",\"url\":\"https:\\\/\\\/www.fytofontana.com\\\/\",\"name\":\"Fytofontana\",\"description\":\"\",\"publisher\":{\"@id\":\"https:\\\/\\\/www.fytofontana.com\\\/#organization\"},\"potentialAction\":[{\"@type\":\"SearchAction\",\"target\":{\"@type\":\"EntryPoint\",\"urlTemplate\":\"https:\\\/\\\/www.fytofontana.com\\\/?s={search_term_string}\"},\"query-input\":{\"@type\":\"PropertyValueSpecification\",\"valueRequired\":true,\"valueName\":\"search_term_string\"}}],\"inLanguage\":\"cs\"},{\"@type\":\"Organization\",\"@id\":\"https:\\\/\\\/www.fytofontana.com\\\/#organization\",\"name\":\"Fytofontana\",\"url\":\"https:\\\/\\\/www.fytofontana.com\\\/\",\"logo\":{\"@type\":\"ImageObject\",\"inLanguage\":\"cs\",\"@id\":\"https:\\\/\\\/www.fytofontana.com\\\/#\\\/schema\\\/logo\\\/image\\\/\",\"url\":\"https:\\\/\\\/www.fytofontana.com\\\/wp-content\\\/uploads\\\/2021\\\/01\\\/fyto.png\",\"contentUrl\":\"https:\\\/\\\/www.fytofontana.com\\\/wp-content\\\/uploads\\\/2021\\\/01\\\/fyto.png\",\"width\":817,\"height\":79,\"caption\":\"Fytofontana\"},\"image\":{\"@id\":\"https:\\\/\\\/www.fytofontana.com\\\/#\\\/schema\\\/logo\\\/image\\\/\"}}]}<\/script>","yoast_head_json":{"title":"CITROVITAL dent\u00e1ln\u00ed gel - Fytofontana","description":"Gel na d\u00e1sn\u011b s antiseptickou p\u0159\u00edsadou a jemn\u00fdm \u00fa\u010dinkem grapefruitu. Pom\u00e1h\u00e1 p\u0159i aftech a citlivosti d\u00e1sn\u00ed, omezuje ne\u017e\u00e1douc\u00ed mikrofl\u00f3ru a tvorbu plaku. Neobsahuje cukr a m\u00e1 p\u0159\u00edjemn\u011b ho\u0159kou chu\u0165.","robots":{"index":"index","follow":"follow","max-snippet":"max-snippet:-1","max-image-preview":"max-image-preview:large","max-video-preview":"max-video-preview:-1"},"canonical":"https:\/\/www.fytofontana.com\/cs\/produkt\/citrovital-dentalni-gel\/","og_locale":"cs_CZ","og_type":"article","og_title":"CITROVITAL dent\u00e1ln\u00ed gel - Fytofontana","og_description":"Gel na d\u00e1sn\u011b s antiseptickou p\u0159\u00edsadou a jemn\u00fdm \u00fa\u010dinkem grapefruitu. Pom\u00e1h\u00e1 p\u0159i aftech a citlivosti d\u00e1sn\u00ed, omezuje ne\u017e\u00e1douc\u00ed mikrofl\u00f3ru a tvorbu plaku. Neobsahuje cukr a m\u00e1 p\u0159\u00edjemn\u011b ho\u0159kou chu\u0165.","og_url":"https:\/\/www.fytofontana.com\/cs\/produkt\/citrovital-dentalni-gel\/","og_site_name":"Fytofontana","article_modified_time":"2025-07-28T17:05:51+00:00","og_image":[{"width":1000,"height":1000,"url":"https:\/\/www.fytofontana.com\/wp-content\/uploads\/2021\/03\/CITROVITAL_Dental_gel_25ml_02-1.png","type":"image\/png"}],"twitter_card":"summary_large_image","twitter_misc":{"Odhadovan\u00e1 doba \u010dten\u00ed":"1 minuta"},"schema":{"@context":"https:\/\/schema.org","@graph":[{"@type":["WebPage","ItemPage"],"@id":"https:\/\/www.fytofontana.com\/cs\/produkt\/citrovital-dentalni-gel\/","url":"https:\/\/www.fytofontana.com\/cs\/produkt\/citrovital-dentalni-gel\/","name":"CITROVITAL dent\u00e1ln\u00ed gel - Fytofontana","isPartOf":{"@id":"https:\/\/www.fytofontana.com\/#website"},"primaryImageOfPage":{"@id":"https:\/\/www.fytofontana.com\/cs\/produkt\/citrovital-dentalni-gel\/#primaryimage"},"image":{"@id":"https:\/\/www.fytofontana.com\/cs\/produkt\/citrovital-dentalni-gel\/#primaryimage"},"thumbnailUrl":"https:\/\/www.fytofontana.com\/wp-content\/uploads\/2021\/03\/CITROVITAL_Dental_gel_25ml_02-1.png","datePublished":"2021-05-11T20:29:48+00:00","dateModified":"2025-07-28T17:05:51+00:00","description":"Gel na d\u00e1sn\u011b s antiseptickou p\u0159\u00edsadou a jemn\u00fdm \u00fa\u010dinkem grapefruitu. Pom\u00e1h\u00e1 p\u0159i aftech a citlivosti d\u00e1sn\u00ed, omezuje ne\u017e\u00e1douc\u00ed mikrofl\u00f3ru a tvorbu plaku. Neobsahuje cukr a m\u00e1 p\u0159\u00edjemn\u011b ho\u0159kou chu\u0165.","breadcrumb":{"@id":"https:\/\/www.fytofontana.com\/cs\/produkt\/citrovital-dentalni-gel\/#breadcrumb"},"inLanguage":"cs","potentialAction":[{"@type":"ReadAction","target":["https:\/\/www.fytofontana.com\/cs\/produkt\/citrovital-dentalni-gel\/"]}]},{"@type":"ImageObject","inLanguage":"cs","@id":"https:\/\/www.fytofontana.com\/cs\/produkt\/citrovital-dentalni-gel\/#primaryimage","url":"https:\/\/www.fytofontana.com\/wp-content\/uploads\/2021\/03\/CITROVITAL_Dental_gel_25ml_02-1.png","contentUrl":"https:\/\/www.fytofontana.com\/wp-content\/uploads\/2021\/03\/CITROVITAL_Dental_gel_25ml_02-1.png","width":1000,"height":1000},{"@type":"BreadcrumbList","@id":"https:\/\/www.fytofontana.com\/cs\/produkt\/citrovital-dentalni-gel\/#breadcrumb","itemListElement":[{"@type":"ListItem","position":1,"name":"Home","item":"https:\/\/www.fytofontana.com\/cs\/"},{"@type":"ListItem","position":2,"name":"CITROVITAL dent\u00e1ln\u00ed gel"}]},{"@type":"WebSite","@id":"https:\/\/www.fytofontana.com\/#website","url":"https:\/\/www.fytofontana.com\/","name":"Fytofontana","description":"","publisher":{"@id":"https:\/\/www.fytofontana.com\/#organization"},"potentialAction":[{"@type":"SearchAction","target":{"@type":"EntryPoint","urlTemplate":"https:\/\/www.fytofontana.com\/?s={search_term_string}"},"query-input":{"@type":"PropertyValueSpecification","valueRequired":true,"valueName":"search_term_string"}}],"inLanguage":"cs"},{"@type":"Organization","@id":"https:\/\/www.fytofontana.com\/#organization","name":"Fytofontana","url":"https:\/\/www.fytofontana.com\/","logo":{"@type":"ImageObject","inLanguage":"cs","@id":"https:\/\/www.fytofontana.com\/#\/schema\/logo\/image\/","url":"https:\/\/www.fytofontana.com\/wp-content\/uploads\/2021\/01\/fyto.png","contentUrl":"https:\/\/www.fytofontana.com\/wp-content\/uploads\/2021\/01\/fyto.png","width":817,"height":79,"caption":"Fytofontana"},"image":{"@id":"https:\/\/www.fytofontana.com\/#\/schema\/logo\/image\/"}}]}},"_links":{"self":[{"href":"https:\/\/www.fytofontana.com\/cs\/wp-json\/wp\/v2\/product\/1917","targetHints":{"allow":["GET"]}}],"collection":[{"href":"https:\/\/www.fytofontana.com\/cs\/wp-json\/wp\/v2\/product"}],"about":[{"href":"https:\/\/www.fytofontana.com\/cs\/wp-json\/wp\/v2\/types\/product"}],"wp:featuredmedia":[{"embeddable":true,"href":"https:\/\/www.fytofontana.com\/cs\/wp-json\/wp\/v2\/media\/4024"}],"wp:attachment":[{"href":"https:\/\/www.fytofontana.com\/cs\/wp-json\/wp\/v2\/media?parent=1917"}],"wp:term":[{"taxonomy":"products","embeddable":true,"href":"https:\/\/www.fytofontana.com\/cs\/wp-json\/wp\/v2\/products?post=1917"}],"curies":[{"name":"wp","href":"https:\/\/api.w.org\/{rel}","templated":true}]}}