{"id":1915,"date":"2021-05-11T20:54:12","date_gmt":"2021-05-11T19:54:12","guid":{"rendered":"https:\/\/www.fytofontana.com\/hu\/?post_type=product&#038;p=1915"},"modified":"2025-07-28T15:00:58","modified_gmt":"2025-07-28T14:00:58","slug":"citrovital-kapky","status":"publish","type":"product","link":"https:\/\/www.fytofontana.com\/cs\/produkt\/citrovital-kapky\/","title":{"rendered":"CITROVITAL kapky"},"content":{"rendered":"<ul>\n<li>Citrovital kapky jsou dopln\u011bk stravy p\u0159\u00edrodn\u00edho p\u016fvodu, vyroben\u00fd z jader grapefruitu, kter\u00e1 p\u0159irozen\u011b obsahuj\u00ed vysok\u00fd pod\u00edl bioflavonoid\u016f.<\/li>\n<li>Tyto rostlinn\u00e9 slou\u010deniny pat\u0159\u00ed mezi antioxidanty, kter\u00e9 pom\u00e1haj\u00ed chr\u00e1nit bu\u0148ky p\u0159ed \u0161kodliv\u00fdmi vlivy vznikaj\u00edc\u00edmi nap\u0159\u00edklad v d\u016fsledku stresu, nezdrav\u00e9 stravy nebo nep\u0159\u00edzniv\u00e9ho prost\u0159ed\u00ed.<\/li>\n<\/ul>\n<div class=\"field field--name-field-packings field--type-string field--label-inline\"><\/div>\n","protected":false},"featured_media":3907,"template":"","products":[71],"class_list":["post-1915","product","type-product","status-publish","has-post-thumbnail","hentry","products-citrovital-cz"],"yoast_head":"<title>CITROVITAL kapky - Fytofontana<\/title>\n<meta name=\"description\" content=\"Citrovital kapky s bioflavonoidy z grapefruitov\u00fdch jader podporuj\u00ed vitalitu, chr\u00e1n\u00ed bu\u0148ky p\u0159ed \u0161kodliv\u00fdmi vlivy a p\u0159isp\u00edvaj\u00ed k udr\u017een\u00ed mikrobi\u00e1ln\u00ed rovnov\u00e1hy v t\u011ble.\" \/>\n<meta name=\"robots\" content=\"index, follow, max-snippet:-1, max-image-preview:large, max-video-preview:-1\" \/>\n<link rel=\"canonical\" href=\"https:\/\/www.fytofontana.com\/cs\/produkt\/citrovital-kapky\/\" \/>\n<meta property=\"og:locale\" content=\"cs_CZ\" \/>\n<meta property=\"og:type\" content=\"article\" \/>\n<meta property=\"og:title\" content=\"CITROVITAL kapky - Fytofontana\" \/>\n<meta property=\"og:description\" content=\"Citrovital kapky s bioflavonoidy z grapefruitov\u00fdch jader podporuj\u00ed vitalitu, chr\u00e1n\u00ed bu\u0148ky p\u0159ed \u0161kodliv\u00fdmi vlivy a p\u0159isp\u00edvaj\u00ed k udr\u017een\u00ed mikrobi\u00e1ln\u00ed rovnov\u00e1hy v t\u011ble.\" \/>\n<meta property=\"og:url\" content=\"https:\/\/www.fytofontana.com\/cs\/produkt\/citrovital-kapky\/\" \/>\n<meta property=\"og:site_name\" content=\"Fytofontana\" \/>\n<meta property=\"article:modified_time\" content=\"2025-07-28T14:00:58+00:00\" \/>\n<meta property=\"og:image\" content=\"https:\/\/www.fytofontana.com\/wp-content\/uploads\/2021\/03\/CITROVITAL_Drops_25ml_1000x1000px_01_Primary.jpg\" \/>\n\t<meta property=\"og:image:width\" content=\"1000\" \/>\n\t<meta property=\"og:image:height\" content=\"873\" \/>\n\t<meta property=\"og:image:type\" content=\"image\/jpeg\" \/>\n<meta name=\"twitter:card\" content=\"summary_large_image\" \/>\n<meta name=\"twitter:label1\" content=\"Odhadovan\u00e1 doba \u010dten\u00ed\" \/>\n\t<meta name=\"twitter:data1\" content=\"1 minuta\" \/>\n<script type=\"application\/ld+json\" class=\"yoast-schema-graph\">{\"@context\":\"https:\\\/\\\/schema.org\",\"@graph\":[{\"@type\":[\"WebPage\",\"ItemPage\"],\"@id\":\"https:\\\/\\\/www.fytofontana.com\\\/cs\\\/produkt\\\/citrovital-kapky\\\/\",\"url\":\"https:\\\/\\\/www.fytofontana.com\\\/cs\\\/produkt\\\/citrovital-kapky\\\/\",\"name\":\"CITROVITAL kapky - Fytofontana\",\"isPartOf\":{\"@id\":\"https:\\\/\\\/www.fytofontana.com\\\/#website\"},\"primaryImageOfPage\":{\"@id\":\"https:\\\/\\\/www.fytofontana.com\\\/cs\\\/produkt\\\/citrovital-kapky\\\/#primaryimage\"},\"image\":{\"@id\":\"https:\\\/\\\/www.fytofontana.com\\\/cs\\\/produkt\\\/citrovital-kapky\\\/#primaryimage\"},\"thumbnailUrl\":\"https:\\\/\\\/www.fytofontana.com\\\/wp-content\\\/uploads\\\/2021\\\/03\\\/CITROVITAL_Drops_25ml_1000x1000px_01_Primary.jpg\",\"datePublished\":\"2021-05-11T19:54:12+00:00\",\"dateModified\":\"2025-07-28T14:00:58+00:00\",\"description\":\"Citrovital kapky s bioflavonoidy z grapefruitov\u00fdch jader podporuj\u00ed vitalitu, chr\u00e1n\u00ed bu\u0148ky p\u0159ed \u0161kodliv\u00fdmi vlivy a p\u0159isp\u00edvaj\u00ed k udr\u017een\u00ed mikrobi\u00e1ln\u00ed rovnov\u00e1hy v t\u011ble.\",\"breadcrumb\":{\"@id\":\"https:\\\/\\\/www.fytofontana.com\\\/cs\\\/produkt\\\/citrovital-kapky\\\/#breadcrumb\"},\"inLanguage\":\"cs\",\"potentialAction\":[{\"@type\":\"ReadAction\",\"target\":[\"https:\\\/\\\/www.fytofontana.com\\\/cs\\\/produkt\\\/citrovital-kapky\\\/\"]}]},{\"@type\":\"ImageObject\",\"inLanguage\":\"cs\",\"@id\":\"https:\\\/\\\/www.fytofontana.com\\\/cs\\\/produkt\\\/citrovital-kapky\\\/#primaryimage\",\"url\":\"https:\\\/\\\/www.fytofontana.com\\\/wp-content\\\/uploads\\\/2021\\\/03\\\/CITROVITAL_Drops_25ml_1000x1000px_01_Primary.jpg\",\"contentUrl\":\"https:\\\/\\\/www.fytofontana.com\\\/wp-content\\\/uploads\\\/2021\\\/03\\\/CITROVITAL_Drops_25ml_1000x1000px_01_Primary.jpg\",\"width\":1000,\"height\":873},{\"@type\":\"BreadcrumbList\",\"@id\":\"https:\\\/\\\/www.fytofontana.com\\\/cs\\\/produkt\\\/citrovital-kapky\\\/#breadcrumb\",\"itemListElement\":[{\"@type\":\"ListItem\",\"position\":1,\"name\":\"Home\",\"item\":\"https:\\\/\\\/www.fytofontana.com\\\/cs\\\/\"},{\"@type\":\"ListItem\",\"position\":2,\"name\":\"CITROVITAL kapky\"}]},{\"@type\":\"WebSite\",\"@id\":\"https:\\\/\\\/www.fytofontana.com\\\/#website\",\"url\":\"https:\\\/\\\/www.fytofontana.com\\\/\",\"name\":\"Fytofontana\",\"description\":\"\",\"publisher\":{\"@id\":\"https:\\\/\\\/www.fytofontana.com\\\/#organization\"},\"potentialAction\":[{\"@type\":\"SearchAction\",\"target\":{\"@type\":\"EntryPoint\",\"urlTemplate\":\"https:\\\/\\\/www.fytofontana.com\\\/?s={search_term_string}\"},\"query-input\":{\"@type\":\"PropertyValueSpecification\",\"valueRequired\":true,\"valueName\":\"search_term_string\"}}],\"inLanguage\":\"cs\"},{\"@type\":\"Organization\",\"@id\":\"https:\\\/\\\/www.fytofontana.com\\\/#organization\",\"name\":\"Fytofontana\",\"url\":\"https:\\\/\\\/www.fytofontana.com\\\/\",\"logo\":{\"@type\":\"ImageObject\",\"inLanguage\":\"cs\",\"@id\":\"https:\\\/\\\/www.fytofontana.com\\\/#\\\/schema\\\/logo\\\/image\\\/\",\"url\":\"https:\\\/\\\/www.fytofontana.com\\\/wp-content\\\/uploads\\\/2021\\\/01\\\/fyto.png\",\"contentUrl\":\"https:\\\/\\\/www.fytofontana.com\\\/wp-content\\\/uploads\\\/2021\\\/01\\\/fyto.png\",\"width\":817,\"height\":79,\"caption\":\"Fytofontana\"},\"image\":{\"@id\":\"https:\\\/\\\/www.fytofontana.com\\\/#\\\/schema\\\/logo\\\/image\\\/\"}}]}<\/script>","yoast_head_json":{"title":"CITROVITAL kapky - Fytofontana","description":"Citrovital kapky s bioflavonoidy z grapefruitov\u00fdch jader podporuj\u00ed vitalitu, chr\u00e1n\u00ed bu\u0148ky p\u0159ed \u0161kodliv\u00fdmi vlivy a p\u0159isp\u00edvaj\u00ed k udr\u017een\u00ed mikrobi\u00e1ln\u00ed rovnov\u00e1hy v t\u011ble.","robots":{"index":"index","follow":"follow","max-snippet":"max-snippet:-1","max-image-preview":"max-image-preview:large","max-video-preview":"max-video-preview:-1"},"canonical":"https:\/\/www.fytofontana.com\/cs\/produkt\/citrovital-kapky\/","og_locale":"cs_CZ","og_type":"article","og_title":"CITROVITAL kapky - Fytofontana","og_description":"Citrovital kapky s bioflavonoidy z grapefruitov\u00fdch jader podporuj\u00ed vitalitu, chr\u00e1n\u00ed bu\u0148ky p\u0159ed \u0161kodliv\u00fdmi vlivy a p\u0159isp\u00edvaj\u00ed k udr\u017een\u00ed mikrobi\u00e1ln\u00ed rovnov\u00e1hy v t\u011ble.","og_url":"https:\/\/www.fytofontana.com\/cs\/produkt\/citrovital-kapky\/","og_site_name":"Fytofontana","article_modified_time":"2025-07-28T14:00:58+00:00","og_image":[{"width":1000,"height":873,"url":"https:\/\/www.fytofontana.com\/wp-content\/uploads\/2021\/03\/CITROVITAL_Drops_25ml_1000x1000px_01_Primary.jpg","type":"image\/jpeg"}],"twitter_card":"summary_large_image","twitter_misc":{"Odhadovan\u00e1 doba \u010dten\u00ed":"1 minuta"},"schema":{"@context":"https:\/\/schema.org","@graph":[{"@type":["WebPage","ItemPage"],"@id":"https:\/\/www.fytofontana.com\/cs\/produkt\/citrovital-kapky\/","url":"https:\/\/www.fytofontana.com\/cs\/produkt\/citrovital-kapky\/","name":"CITROVITAL kapky - Fytofontana","isPartOf":{"@id":"https:\/\/www.fytofontana.com\/#website"},"primaryImageOfPage":{"@id":"https:\/\/www.fytofontana.com\/cs\/produkt\/citrovital-kapky\/#primaryimage"},"image":{"@id":"https:\/\/www.fytofontana.com\/cs\/produkt\/citrovital-kapky\/#primaryimage"},"thumbnailUrl":"https:\/\/www.fytofontana.com\/wp-content\/uploads\/2021\/03\/CITROVITAL_Drops_25ml_1000x1000px_01_Primary.jpg","datePublished":"2021-05-11T19:54:12+00:00","dateModified":"2025-07-28T14:00:58+00:00","description":"Citrovital kapky s bioflavonoidy z grapefruitov\u00fdch jader podporuj\u00ed vitalitu, chr\u00e1n\u00ed bu\u0148ky p\u0159ed \u0161kodliv\u00fdmi vlivy a p\u0159isp\u00edvaj\u00ed k udr\u017een\u00ed mikrobi\u00e1ln\u00ed rovnov\u00e1hy v t\u011ble.","breadcrumb":{"@id":"https:\/\/www.fytofontana.com\/cs\/produkt\/citrovital-kapky\/#breadcrumb"},"inLanguage":"cs","potentialAction":[{"@type":"ReadAction","target":["https:\/\/www.fytofontana.com\/cs\/produkt\/citrovital-kapky\/"]}]},{"@type":"ImageObject","inLanguage":"cs","@id":"https:\/\/www.fytofontana.com\/cs\/produkt\/citrovital-kapky\/#primaryimage","url":"https:\/\/www.fytofontana.com\/wp-content\/uploads\/2021\/03\/CITROVITAL_Drops_25ml_1000x1000px_01_Primary.jpg","contentUrl":"https:\/\/www.fytofontana.com\/wp-content\/uploads\/2021\/03\/CITROVITAL_Drops_25ml_1000x1000px_01_Primary.jpg","width":1000,"height":873},{"@type":"BreadcrumbList","@id":"https:\/\/www.fytofontana.com\/cs\/produkt\/citrovital-kapky\/#breadcrumb","itemListElement":[{"@type":"ListItem","position":1,"name":"Home","item":"https:\/\/www.fytofontana.com\/cs\/"},{"@type":"ListItem","position":2,"name":"CITROVITAL kapky"}]},{"@type":"WebSite","@id":"https:\/\/www.fytofontana.com\/#website","url":"https:\/\/www.fytofontana.com\/","name":"Fytofontana","description":"","publisher":{"@id":"https:\/\/www.fytofontana.com\/#organization"},"potentialAction":[{"@type":"SearchAction","target":{"@type":"EntryPoint","urlTemplate":"https:\/\/www.fytofontana.com\/?s={search_term_string}"},"query-input":{"@type":"PropertyValueSpecification","valueRequired":true,"valueName":"search_term_string"}}],"inLanguage":"cs"},{"@type":"Organization","@id":"https:\/\/www.fytofontana.com\/#organization","name":"Fytofontana","url":"https:\/\/www.fytofontana.com\/","logo":{"@type":"ImageObject","inLanguage":"cs","@id":"https:\/\/www.fytofontana.com\/#\/schema\/logo\/image\/","url":"https:\/\/www.fytofontana.com\/wp-content\/uploads\/2021\/01\/fyto.png","contentUrl":"https:\/\/www.fytofontana.com\/wp-content\/uploads\/2021\/01\/fyto.png","width":817,"height":79,"caption":"Fytofontana"},"image":{"@id":"https:\/\/www.fytofontana.com\/#\/schema\/logo\/image\/"}}]}},"_links":{"self":[{"href":"https:\/\/www.fytofontana.com\/cs\/wp-json\/wp\/v2\/product\/1915","targetHints":{"allow":["GET"]}}],"collection":[{"href":"https:\/\/www.fytofontana.com\/cs\/wp-json\/wp\/v2\/product"}],"about":[{"href":"https:\/\/www.fytofontana.com\/cs\/wp-json\/wp\/v2\/types\/product"}],"wp:featuredmedia":[{"embeddable":true,"href":"https:\/\/www.fytofontana.com\/cs\/wp-json\/wp\/v2\/media\/3907"}],"wp:attachment":[{"href":"https:\/\/www.fytofontana.com\/cs\/wp-json\/wp\/v2\/media?parent=1915"}],"wp:term":[{"taxonomy":"products","embeddable":true,"href":"https:\/\/www.fytofontana.com\/cs\/wp-json\/wp\/v2\/products?post=1915"}],"curies":[{"name":"wp","href":"https:\/\/api.w.org\/{rel}","templated":true}]}}