{"id":1913,"date":"2021-05-11T20:18:49","date_gmt":"2021-05-11T19:18:49","guid":{"rendered":"https:\/\/www.fytofontana.com\/hu\/?post_type=product&#038;p=1913"},"modified":"2025-08-01T11:30:53","modified_gmt":"2025-08-01T10:30:53","slug":"aloe-vera-kapsle-2","status":"publish","type":"product","link":"https:\/\/www.fytofontana.com\/cs\/produkt\/aloe-vera-kapsle-2\/","title":{"rendered":"ALOE VERA kapsle"},"content":{"rendered":"<ul>\n<li>\u00da\u010dinn\u00e9 l\u00e1tky aloe vera pom\u00e1haj\u00ed podporovat tr\u00e1ven\u00ed a p\u0159\u00edzniv\u011b p\u016fsob\u00ed na funkce st\u0159evn\u00edho syst\u00e9mu.<\/li>\n<li>P\u0159isp\u00edvaj\u00ed k pravideln\u00e9 funkci st\u0159ev, co\u017e p\u0159isp\u00edv\u00e1 k pravideln\u00e9mu vyprazd\u0148ov\u00e1n\u00ed.<\/li>\n<li>D\u00edky sv\u00fdm vlastnostem pozitivn\u011b ovliv\u0148uj\u00ed tvorbu inzulinu a t\u00edm pom\u00e1haj\u00ed udr\u017eovat norm\u00e1ln\u00ed hladinu cukru v krvi.<\/li>\n<li>Aktivn\u011b na sebe v\u00e1\u017e\u00ed jedovat\u00e9 l\u00e1tky, kter\u00e9 se hromad\u00ed v tr\u00e1vic\u00edm traktu a t\u00edm p\u0159isp\u00edvaj\u00ed k detoxikaci organismu.<\/li>\n<li>Sv\u00fdm antioxida\u010dn\u00edm \u00fa\u010dinkem jsou prost\u0159edkem pro omezen\u00ed tvorby voln\u00fdch kysl\u00edkov\u00fdch radik\u00e1l\u016f, jako jedn\u00e9 z hlavn\u00edch p\u0159\u00ed\u010din procesu st\u00e1rnut\u00ed.<\/li>\n<li>P\u0159isp\u00edvaj\u00ed k p\u0159irozen\u00e9 obranyschopnosti.<\/li>\n<\/ul>\n","protected":false},"featured_media":4179,"template":"","products":[68],"class_list":["post-1913","product","type-product","status-publish","has-post-thumbnail","hentry","products-aloe-vera-cz"],"yoast_head":"<title>ALOE VERA kapsle - Fytofontana<\/title>\n<meta name=\"description\" content=\"Kapsle s extraktem z aloe vera podporuj\u00ed tr\u00e1ven\u00ed, p\u0159isp\u00edvaj\u00ed k pravideln\u00e9mu vyprazd\u0148ov\u00e1n\u00ed a detoxikaci. Pom\u00e1haj\u00ed udr\u017eovat norm\u00e1ln\u00ed hladinu cukru v krvi a chr\u00e1n\u00ed bu\u0148ky p\u0159ed oxida\u010dn\u00edm stresem. Podporuj\u00ed p\u0159irozenou imunitu.\" \/>\n<meta name=\"robots\" content=\"index, follow, max-snippet:-1, max-image-preview:large, max-video-preview:-1\" \/>\n<link rel=\"canonical\" href=\"https:\/\/www.fytofontana.com\/cs\/produkt\/aloe-vera-kapsle-2\/\" \/>\n<meta property=\"og:locale\" content=\"cs_CZ\" \/>\n<meta property=\"og:type\" content=\"article\" \/>\n<meta property=\"og:title\" content=\"ALOE VERA kapsle - Fytofontana\" \/>\n<meta property=\"og:description\" content=\"Kapsle s extraktem z aloe vera podporuj\u00ed tr\u00e1ven\u00ed, p\u0159isp\u00edvaj\u00ed k pravideln\u00e9mu vyprazd\u0148ov\u00e1n\u00ed a detoxikaci. Pom\u00e1haj\u00ed udr\u017eovat norm\u00e1ln\u00ed hladinu cukru v krvi a chr\u00e1n\u00ed bu\u0148ky p\u0159ed oxida\u010dn\u00edm stresem. Podporuj\u00ed p\u0159irozenou imunitu.\" \/>\n<meta property=\"og:url\" content=\"https:\/\/www.fytofontana.com\/cs\/produkt\/aloe-vera-kapsle-2\/\" \/>\n<meta property=\"og:site_name\" content=\"Fytofontana\" \/>\n<meta property=\"article:modified_time\" content=\"2025-08-01T10:30:53+00:00\" \/>\n<meta property=\"og:image\" content=\"https:\/\/www.fytofontana.com\/wp-content\/uploads\/2021\/02\/2025_06_Fytofontana_ALOE_VERA_capsules_30cps_01_LQ_Primary.png\" \/>\n\t<meta property=\"og:image:width\" content=\"1000\" \/>\n\t<meta property=\"og:image:height\" content=\"1000\" \/>\n\t<meta property=\"og:image:type\" content=\"image\/png\" \/>\n<meta name=\"twitter:card\" content=\"summary_large_image\" \/>\n<meta name=\"twitter:label1\" content=\"Odhadovan\u00e1 doba \u010dten\u00ed\" \/>\n\t<meta name=\"twitter:data1\" content=\"1 minuta\" \/>\n<script type=\"application\/ld+json\" class=\"yoast-schema-graph\">{\"@context\":\"https:\\\/\\\/schema.org\",\"@graph\":[{\"@type\":[\"WebPage\",\"ItemPage\"],\"@id\":\"https:\\\/\\\/www.fytofontana.com\\\/cs\\\/produkt\\\/aloe-vera-kapsle-2\\\/\",\"url\":\"https:\\\/\\\/www.fytofontana.com\\\/cs\\\/produkt\\\/aloe-vera-kapsle-2\\\/\",\"name\":\"ALOE VERA kapsle - Fytofontana\",\"isPartOf\":{\"@id\":\"https:\\\/\\\/www.fytofontana.com\\\/#website\"},\"primaryImageOfPage\":{\"@id\":\"https:\\\/\\\/www.fytofontana.com\\\/cs\\\/produkt\\\/aloe-vera-kapsle-2\\\/#primaryimage\"},\"image\":{\"@id\":\"https:\\\/\\\/www.fytofontana.com\\\/cs\\\/produkt\\\/aloe-vera-kapsle-2\\\/#primaryimage\"},\"thumbnailUrl\":\"https:\\\/\\\/www.fytofontana.com\\\/wp-content\\\/uploads\\\/2021\\\/02\\\/2025_06_Fytofontana_ALOE_VERA_capsules_30cps_01_LQ_Primary.png\",\"datePublished\":\"2021-05-11T19:18:49+00:00\",\"dateModified\":\"2025-08-01T10:30:53+00:00\",\"description\":\"Kapsle s extraktem z aloe vera podporuj\u00ed tr\u00e1ven\u00ed, p\u0159isp\u00edvaj\u00ed k pravideln\u00e9mu vyprazd\u0148ov\u00e1n\u00ed a detoxikaci. Pom\u00e1haj\u00ed udr\u017eovat norm\u00e1ln\u00ed hladinu cukru v krvi a chr\u00e1n\u00ed bu\u0148ky p\u0159ed oxida\u010dn\u00edm stresem. Podporuj\u00ed p\u0159irozenou imunitu.\",\"breadcrumb\":{\"@id\":\"https:\\\/\\\/www.fytofontana.com\\\/cs\\\/produkt\\\/aloe-vera-kapsle-2\\\/#breadcrumb\"},\"inLanguage\":\"cs\",\"potentialAction\":[{\"@type\":\"ReadAction\",\"target\":[\"https:\\\/\\\/www.fytofontana.com\\\/cs\\\/produkt\\\/aloe-vera-kapsle-2\\\/\"]}]},{\"@type\":\"ImageObject\",\"inLanguage\":\"cs\",\"@id\":\"https:\\\/\\\/www.fytofontana.com\\\/cs\\\/produkt\\\/aloe-vera-kapsle-2\\\/#primaryimage\",\"url\":\"https:\\\/\\\/www.fytofontana.com\\\/wp-content\\\/uploads\\\/2021\\\/02\\\/2025_06_Fytofontana_ALOE_VERA_capsules_30cps_01_LQ_Primary.png\",\"contentUrl\":\"https:\\\/\\\/www.fytofontana.com\\\/wp-content\\\/uploads\\\/2021\\\/02\\\/2025_06_Fytofontana_ALOE_VERA_capsules_30cps_01_LQ_Primary.png\",\"width\":1000,\"height\":1000},{\"@type\":\"BreadcrumbList\",\"@id\":\"https:\\\/\\\/www.fytofontana.com\\\/cs\\\/produkt\\\/aloe-vera-kapsle-2\\\/#breadcrumb\",\"itemListElement\":[{\"@type\":\"ListItem\",\"position\":1,\"name\":\"Home\",\"item\":\"https:\\\/\\\/www.fytofontana.com\\\/cs\\\/\"},{\"@type\":\"ListItem\",\"position\":2,\"name\":\"ALOE VERA kapsle\"}]},{\"@type\":\"WebSite\",\"@id\":\"https:\\\/\\\/www.fytofontana.com\\\/#website\",\"url\":\"https:\\\/\\\/www.fytofontana.com\\\/\",\"name\":\"Fytofontana\",\"description\":\"\",\"publisher\":{\"@id\":\"https:\\\/\\\/www.fytofontana.com\\\/#organization\"},\"potentialAction\":[{\"@type\":\"SearchAction\",\"target\":{\"@type\":\"EntryPoint\",\"urlTemplate\":\"https:\\\/\\\/www.fytofontana.com\\\/?s={search_term_string}\"},\"query-input\":{\"@type\":\"PropertyValueSpecification\",\"valueRequired\":true,\"valueName\":\"search_term_string\"}}],\"inLanguage\":\"cs\"},{\"@type\":\"Organization\",\"@id\":\"https:\\\/\\\/www.fytofontana.com\\\/#organization\",\"name\":\"Fytofontana\",\"url\":\"https:\\\/\\\/www.fytofontana.com\\\/\",\"logo\":{\"@type\":\"ImageObject\",\"inLanguage\":\"cs\",\"@id\":\"https:\\\/\\\/www.fytofontana.com\\\/#\\\/schema\\\/logo\\\/image\\\/\",\"url\":\"https:\\\/\\\/www.fytofontana.com\\\/wp-content\\\/uploads\\\/2021\\\/01\\\/fyto.png\",\"contentUrl\":\"https:\\\/\\\/www.fytofontana.com\\\/wp-content\\\/uploads\\\/2021\\\/01\\\/fyto.png\",\"width\":817,\"height\":79,\"caption\":\"Fytofontana\"},\"image\":{\"@id\":\"https:\\\/\\\/www.fytofontana.com\\\/#\\\/schema\\\/logo\\\/image\\\/\"}}]}<\/script>","yoast_head_json":{"title":"ALOE VERA kapsle - Fytofontana","description":"Kapsle s extraktem z aloe vera podporuj\u00ed tr\u00e1ven\u00ed, p\u0159isp\u00edvaj\u00ed k pravideln\u00e9mu vyprazd\u0148ov\u00e1n\u00ed a detoxikaci. Pom\u00e1haj\u00ed udr\u017eovat norm\u00e1ln\u00ed hladinu cukru v krvi a chr\u00e1n\u00ed bu\u0148ky p\u0159ed oxida\u010dn\u00edm stresem. Podporuj\u00ed p\u0159irozenou imunitu.","robots":{"index":"index","follow":"follow","max-snippet":"max-snippet:-1","max-image-preview":"max-image-preview:large","max-video-preview":"max-video-preview:-1"},"canonical":"https:\/\/www.fytofontana.com\/cs\/produkt\/aloe-vera-kapsle-2\/","og_locale":"cs_CZ","og_type":"article","og_title":"ALOE VERA kapsle - Fytofontana","og_description":"Kapsle s extraktem z aloe vera podporuj\u00ed tr\u00e1ven\u00ed, p\u0159isp\u00edvaj\u00ed k pravideln\u00e9mu vyprazd\u0148ov\u00e1n\u00ed a detoxikaci. Pom\u00e1haj\u00ed udr\u017eovat norm\u00e1ln\u00ed hladinu cukru v krvi a chr\u00e1n\u00ed bu\u0148ky p\u0159ed oxida\u010dn\u00edm stresem. Podporuj\u00ed p\u0159irozenou imunitu.","og_url":"https:\/\/www.fytofontana.com\/cs\/produkt\/aloe-vera-kapsle-2\/","og_site_name":"Fytofontana","article_modified_time":"2025-08-01T10:30:53+00:00","og_image":[{"width":1000,"height":1000,"url":"https:\/\/www.fytofontana.com\/wp-content\/uploads\/2021\/02\/2025_06_Fytofontana_ALOE_VERA_capsules_30cps_01_LQ_Primary.png","type":"image\/png"}],"twitter_card":"summary_large_image","twitter_misc":{"Odhadovan\u00e1 doba \u010dten\u00ed":"1 minuta"},"schema":{"@context":"https:\/\/schema.org","@graph":[{"@type":["WebPage","ItemPage"],"@id":"https:\/\/www.fytofontana.com\/cs\/produkt\/aloe-vera-kapsle-2\/","url":"https:\/\/www.fytofontana.com\/cs\/produkt\/aloe-vera-kapsle-2\/","name":"ALOE VERA kapsle - Fytofontana","isPartOf":{"@id":"https:\/\/www.fytofontana.com\/#website"},"primaryImageOfPage":{"@id":"https:\/\/www.fytofontana.com\/cs\/produkt\/aloe-vera-kapsle-2\/#primaryimage"},"image":{"@id":"https:\/\/www.fytofontana.com\/cs\/produkt\/aloe-vera-kapsle-2\/#primaryimage"},"thumbnailUrl":"https:\/\/www.fytofontana.com\/wp-content\/uploads\/2021\/02\/2025_06_Fytofontana_ALOE_VERA_capsules_30cps_01_LQ_Primary.png","datePublished":"2021-05-11T19:18:49+00:00","dateModified":"2025-08-01T10:30:53+00:00","description":"Kapsle s extraktem z aloe vera podporuj\u00ed tr\u00e1ven\u00ed, p\u0159isp\u00edvaj\u00ed k pravideln\u00e9mu vyprazd\u0148ov\u00e1n\u00ed a detoxikaci. Pom\u00e1haj\u00ed udr\u017eovat norm\u00e1ln\u00ed hladinu cukru v krvi a chr\u00e1n\u00ed bu\u0148ky p\u0159ed oxida\u010dn\u00edm stresem. Podporuj\u00ed p\u0159irozenou imunitu.","breadcrumb":{"@id":"https:\/\/www.fytofontana.com\/cs\/produkt\/aloe-vera-kapsle-2\/#breadcrumb"},"inLanguage":"cs","potentialAction":[{"@type":"ReadAction","target":["https:\/\/www.fytofontana.com\/cs\/produkt\/aloe-vera-kapsle-2\/"]}]},{"@type":"ImageObject","inLanguage":"cs","@id":"https:\/\/www.fytofontana.com\/cs\/produkt\/aloe-vera-kapsle-2\/#primaryimage","url":"https:\/\/www.fytofontana.com\/wp-content\/uploads\/2021\/02\/2025_06_Fytofontana_ALOE_VERA_capsules_30cps_01_LQ_Primary.png","contentUrl":"https:\/\/www.fytofontana.com\/wp-content\/uploads\/2021\/02\/2025_06_Fytofontana_ALOE_VERA_capsules_30cps_01_LQ_Primary.png","width":1000,"height":1000},{"@type":"BreadcrumbList","@id":"https:\/\/www.fytofontana.com\/cs\/produkt\/aloe-vera-kapsle-2\/#breadcrumb","itemListElement":[{"@type":"ListItem","position":1,"name":"Home","item":"https:\/\/www.fytofontana.com\/cs\/"},{"@type":"ListItem","position":2,"name":"ALOE VERA kapsle"}]},{"@type":"WebSite","@id":"https:\/\/www.fytofontana.com\/#website","url":"https:\/\/www.fytofontana.com\/","name":"Fytofontana","description":"","publisher":{"@id":"https:\/\/www.fytofontana.com\/#organization"},"potentialAction":[{"@type":"SearchAction","target":{"@type":"EntryPoint","urlTemplate":"https:\/\/www.fytofontana.com\/?s={search_term_string}"},"query-input":{"@type":"PropertyValueSpecification","valueRequired":true,"valueName":"search_term_string"}}],"inLanguage":"cs"},{"@type":"Organization","@id":"https:\/\/www.fytofontana.com\/#organization","name":"Fytofontana","url":"https:\/\/www.fytofontana.com\/","logo":{"@type":"ImageObject","inLanguage":"cs","@id":"https:\/\/www.fytofontana.com\/#\/schema\/logo\/image\/","url":"https:\/\/www.fytofontana.com\/wp-content\/uploads\/2021\/01\/fyto.png","contentUrl":"https:\/\/www.fytofontana.com\/wp-content\/uploads\/2021\/01\/fyto.png","width":817,"height":79,"caption":"Fytofontana"},"image":{"@id":"https:\/\/www.fytofontana.com\/#\/schema\/logo\/image\/"}}]}},"_links":{"self":[{"href":"https:\/\/www.fytofontana.com\/cs\/wp-json\/wp\/v2\/product\/1913","targetHints":{"allow":["GET"]}}],"collection":[{"href":"https:\/\/www.fytofontana.com\/cs\/wp-json\/wp\/v2\/product"}],"about":[{"href":"https:\/\/www.fytofontana.com\/cs\/wp-json\/wp\/v2\/types\/product"}],"wp:featuredmedia":[{"embeddable":true,"href":"https:\/\/www.fytofontana.com\/cs\/wp-json\/wp\/v2\/media\/4179"}],"wp:attachment":[{"href":"https:\/\/www.fytofontana.com\/cs\/wp-json\/wp\/v2\/media?parent=1913"}],"wp:term":[{"taxonomy":"products","embeddable":true,"href":"https:\/\/www.fytofontana.com\/cs\/wp-json\/wp\/v2\/products?post=1913"}],"curies":[{"name":"wp","href":"https:\/\/api.w.org\/{rel}","templated":true}]}}