{"id":1912,"date":"2021-05-10T20:20:21","date_gmt":"2021-05-10T19:20:21","guid":{"rendered":"https:\/\/www.fytofontana.com\/hu\/?post_type=product&#038;p=1912"},"modified":"2025-07-31T17:15:30","modified_gmt":"2025-07-31T16:15:30","slug":"aloe-vera-extract","status":"publish","type":"product","link":"https:\/\/www.fytofontana.com\/cs\/produkt\/aloe-vera-extract\/","title":{"rendered":"ALOE VERA extrakt"},"content":{"rendered":"<ul>\n<li><strong>N\u00e1poj s vysok\u00fdm pod\u00edlem extraktu z rostliny Aloe vera Barbadensis (96\u202f%) s p\u0159\u00edchut\u00ed marakuji p\u0159irozen\u011b obsahuje \u0159adu d\u016fle\u017eit\u00fdch \u017eivin.<\/strong><\/li>\n<li>Aktivn\u00ed l\u00e1tky z Aloe vera napom\u00e1haj\u00ed podpo\u0159e tr\u00e1ven\u00ed a p\u0159\u00edzniv\u011b p\u016fsob\u00ed na \u010dinnost st\u0159evn\u00edho syst\u00e9mu.<\/li>\n<li>P\u0159isp\u00edvaj\u00ed k pravideln\u00e9 \u010dinnosti st\u0159ev, a t\u00edm i k p\u0159irozen\u00e9mu vyprazd\u0148ov\u00e1n\u00ed.<\/li>\n<li>D\u00edky sv\u00fdm vlastnostem pozitivn\u011b ovliv\u0148uj\u00ed tvorbu inzul\u00ednu a napom\u00e1haj\u00ed udr\u017een\u00ed norm\u00e1ln\u00ed hladiny cukru v krvi.<\/li>\n<li>V\u00e1\u017e\u00ed na sebe ne\u017e\u00e1douc\u00ed l\u00e1tky, kter\u00e9 se hromad\u00ed v tr\u00e1vic\u00edm traktu, a t\u00edm p\u0159isp\u00edvaj\u00ed k detoxikaci organismu.<\/li>\n<li>Sv\u00fdm antioxida\u010dn\u00edm \u00fa\u010dinkem p\u0159isp\u00edvaj\u00ed ke sni\u017eov\u00e1n\u00ed tvorby voln\u00fdch kysl\u00edkov\u00fdch radik\u00e1l\u016f \u2013 jednoho z faktor\u016f spojen\u00fdch se st\u00e1rnut\u00edm bun\u011bk.<\/li>\n<\/ul>\n","protected":false},"featured_media":4124,"template":"","products":[68],"class_list":["post-1912","product","type-product","status-publish","has-post-thumbnail","hentry","products-aloe-vera-cz"],"yoast_head":"<title>ALOE VERA extrakt - Fytofontana<\/title>\n<meta name=\"description\" content=\"Koncentrovan\u00fd n\u00e1poj s extraktem z Aloe vera a p\u0159\u00edchut\u00ed marakuji. Podporuje tr\u00e1ven\u00ed, p\u0159isp\u00edv\u00e1 k pravideln\u00e9mu vyprazd\u0148ov\u00e1n\u00ed a detoxikaci organismu. Antioxidanty p\u0159isp\u00edvaj\u00ed k ochran\u011b bun\u011bk p\u0159ed oxida\u010dn\u00edm stresem.\" \/>\n<meta name=\"robots\" content=\"index, follow, max-snippet:-1, max-image-preview:large, max-video-preview:-1\" \/>\n<link rel=\"canonical\" href=\"https:\/\/www.fytofontana.com\/cs\/produkt\/aloe-vera-extract\/\" \/>\n<meta property=\"og:locale\" content=\"cs_CZ\" \/>\n<meta property=\"og:type\" content=\"article\" \/>\n<meta property=\"og:title\" content=\"ALOE VERA extrakt - Fytofontana\" \/>\n<meta property=\"og:description\" content=\"Koncentrovan\u00fd n\u00e1poj s extraktem z Aloe vera a p\u0159\u00edchut\u00ed marakuji. Podporuje tr\u00e1ven\u00ed, p\u0159isp\u00edv\u00e1 k pravideln\u00e9mu vyprazd\u0148ov\u00e1n\u00ed a detoxikaci organismu. Antioxidanty p\u0159isp\u00edvaj\u00ed k ochran\u011b bun\u011bk p\u0159ed oxida\u010dn\u00edm stresem.\" \/>\n<meta property=\"og:url\" content=\"https:\/\/www.fytofontana.com\/cs\/produkt\/aloe-vera-extract\/\" \/>\n<meta property=\"og:site_name\" content=\"Fytofontana\" \/>\n<meta property=\"article:modified_time\" content=\"2025-07-31T16:15:30+00:00\" \/>\n<meta property=\"og:image\" content=\"https:\/\/www.fytofontana.com\/wp-content\/uploads\/2021\/02\/2025_06_Fytofontana_ALOE_VERA_extract_500ml_01_LQ_Primary.png\" \/>\n\t<meta property=\"og:image:width\" content=\"1000\" \/>\n\t<meta property=\"og:image:height\" content=\"1000\" \/>\n\t<meta property=\"og:image:type\" content=\"image\/png\" \/>\n<meta name=\"twitter:card\" content=\"summary_large_image\" \/>\n<meta name=\"twitter:label1\" content=\"Odhadovan\u00e1 doba \u010dten\u00ed\" \/>\n\t<meta name=\"twitter:data1\" content=\"1 minuta\" \/>\n<script type=\"application\/ld+json\" class=\"yoast-schema-graph\">{\"@context\":\"https:\\\/\\\/schema.org\",\"@graph\":[{\"@type\":[\"WebPage\",\"ItemPage\"],\"@id\":\"https:\\\/\\\/www.fytofontana.com\\\/cs\\\/produkt\\\/aloe-vera-extract\\\/\",\"url\":\"https:\\\/\\\/www.fytofontana.com\\\/cs\\\/produkt\\\/aloe-vera-extract\\\/\",\"name\":\"ALOE VERA extrakt - Fytofontana\",\"isPartOf\":{\"@id\":\"https:\\\/\\\/www.fytofontana.com\\\/#website\"},\"primaryImageOfPage\":{\"@id\":\"https:\\\/\\\/www.fytofontana.com\\\/cs\\\/produkt\\\/aloe-vera-extract\\\/#primaryimage\"},\"image\":{\"@id\":\"https:\\\/\\\/www.fytofontana.com\\\/cs\\\/produkt\\\/aloe-vera-extract\\\/#primaryimage\"},\"thumbnailUrl\":\"https:\\\/\\\/www.fytofontana.com\\\/wp-content\\\/uploads\\\/2021\\\/02\\\/2025_06_Fytofontana_ALOE_VERA_extract_500ml_01_LQ_Primary.png\",\"datePublished\":\"2021-05-10T19:20:21+00:00\",\"dateModified\":\"2025-07-31T16:15:30+00:00\",\"description\":\"Koncentrovan\u00fd n\u00e1poj s extraktem z Aloe vera a p\u0159\u00edchut\u00ed marakuji. Podporuje tr\u00e1ven\u00ed, p\u0159isp\u00edv\u00e1 k pravideln\u00e9mu vyprazd\u0148ov\u00e1n\u00ed a detoxikaci organismu. Antioxidanty p\u0159isp\u00edvaj\u00ed k ochran\u011b bun\u011bk p\u0159ed oxida\u010dn\u00edm stresem.\",\"breadcrumb\":{\"@id\":\"https:\\\/\\\/www.fytofontana.com\\\/cs\\\/produkt\\\/aloe-vera-extract\\\/#breadcrumb\"},\"inLanguage\":\"cs\",\"potentialAction\":[{\"@type\":\"ReadAction\",\"target\":[\"https:\\\/\\\/www.fytofontana.com\\\/cs\\\/produkt\\\/aloe-vera-extract\\\/\"]}]},{\"@type\":\"ImageObject\",\"inLanguage\":\"cs\",\"@id\":\"https:\\\/\\\/www.fytofontana.com\\\/cs\\\/produkt\\\/aloe-vera-extract\\\/#primaryimage\",\"url\":\"https:\\\/\\\/www.fytofontana.com\\\/wp-content\\\/uploads\\\/2021\\\/02\\\/2025_06_Fytofontana_ALOE_VERA_extract_500ml_01_LQ_Primary.png\",\"contentUrl\":\"https:\\\/\\\/www.fytofontana.com\\\/wp-content\\\/uploads\\\/2021\\\/02\\\/2025_06_Fytofontana_ALOE_VERA_extract_500ml_01_LQ_Primary.png\",\"width\":1000,\"height\":1000},{\"@type\":\"BreadcrumbList\",\"@id\":\"https:\\\/\\\/www.fytofontana.com\\\/cs\\\/produkt\\\/aloe-vera-extract\\\/#breadcrumb\",\"itemListElement\":[{\"@type\":\"ListItem\",\"position\":1,\"name\":\"Home\",\"item\":\"https:\\\/\\\/www.fytofontana.com\\\/cs\\\/\"},{\"@type\":\"ListItem\",\"position\":2,\"name\":\"ALOE VERA extrakt\"}]},{\"@type\":\"WebSite\",\"@id\":\"https:\\\/\\\/www.fytofontana.com\\\/#website\",\"url\":\"https:\\\/\\\/www.fytofontana.com\\\/\",\"name\":\"Fytofontana\",\"description\":\"\",\"publisher\":{\"@id\":\"https:\\\/\\\/www.fytofontana.com\\\/#organization\"},\"potentialAction\":[{\"@type\":\"SearchAction\",\"target\":{\"@type\":\"EntryPoint\",\"urlTemplate\":\"https:\\\/\\\/www.fytofontana.com\\\/?s={search_term_string}\"},\"query-input\":{\"@type\":\"PropertyValueSpecification\",\"valueRequired\":true,\"valueName\":\"search_term_string\"}}],\"inLanguage\":\"cs\"},{\"@type\":\"Organization\",\"@id\":\"https:\\\/\\\/www.fytofontana.com\\\/#organization\",\"name\":\"Fytofontana\",\"url\":\"https:\\\/\\\/www.fytofontana.com\\\/\",\"logo\":{\"@type\":\"ImageObject\",\"inLanguage\":\"cs\",\"@id\":\"https:\\\/\\\/www.fytofontana.com\\\/#\\\/schema\\\/logo\\\/image\\\/\",\"url\":\"https:\\\/\\\/www.fytofontana.com\\\/wp-content\\\/uploads\\\/2021\\\/01\\\/fyto.png\",\"contentUrl\":\"https:\\\/\\\/www.fytofontana.com\\\/wp-content\\\/uploads\\\/2021\\\/01\\\/fyto.png\",\"width\":817,\"height\":79,\"caption\":\"Fytofontana\"},\"image\":{\"@id\":\"https:\\\/\\\/www.fytofontana.com\\\/#\\\/schema\\\/logo\\\/image\\\/\"}}]}<\/script>","yoast_head_json":{"title":"ALOE VERA extrakt - Fytofontana","description":"Koncentrovan\u00fd n\u00e1poj s extraktem z Aloe vera a p\u0159\u00edchut\u00ed marakuji. Podporuje tr\u00e1ven\u00ed, p\u0159isp\u00edv\u00e1 k pravideln\u00e9mu vyprazd\u0148ov\u00e1n\u00ed a detoxikaci organismu. Antioxidanty p\u0159isp\u00edvaj\u00ed k ochran\u011b bun\u011bk p\u0159ed oxida\u010dn\u00edm stresem.","robots":{"index":"index","follow":"follow","max-snippet":"max-snippet:-1","max-image-preview":"max-image-preview:large","max-video-preview":"max-video-preview:-1"},"canonical":"https:\/\/www.fytofontana.com\/cs\/produkt\/aloe-vera-extract\/","og_locale":"cs_CZ","og_type":"article","og_title":"ALOE VERA extrakt - Fytofontana","og_description":"Koncentrovan\u00fd n\u00e1poj s extraktem z Aloe vera a p\u0159\u00edchut\u00ed marakuji. Podporuje tr\u00e1ven\u00ed, p\u0159isp\u00edv\u00e1 k pravideln\u00e9mu vyprazd\u0148ov\u00e1n\u00ed a detoxikaci organismu. Antioxidanty p\u0159isp\u00edvaj\u00ed k ochran\u011b bun\u011bk p\u0159ed oxida\u010dn\u00edm stresem.","og_url":"https:\/\/www.fytofontana.com\/cs\/produkt\/aloe-vera-extract\/","og_site_name":"Fytofontana","article_modified_time":"2025-07-31T16:15:30+00:00","og_image":[{"width":1000,"height":1000,"url":"https:\/\/www.fytofontana.com\/wp-content\/uploads\/2021\/02\/2025_06_Fytofontana_ALOE_VERA_extract_500ml_01_LQ_Primary.png","type":"image\/png"}],"twitter_card":"summary_large_image","twitter_misc":{"Odhadovan\u00e1 doba \u010dten\u00ed":"1 minuta"},"schema":{"@context":"https:\/\/schema.org","@graph":[{"@type":["WebPage","ItemPage"],"@id":"https:\/\/www.fytofontana.com\/cs\/produkt\/aloe-vera-extract\/","url":"https:\/\/www.fytofontana.com\/cs\/produkt\/aloe-vera-extract\/","name":"ALOE VERA extrakt - Fytofontana","isPartOf":{"@id":"https:\/\/www.fytofontana.com\/#website"},"primaryImageOfPage":{"@id":"https:\/\/www.fytofontana.com\/cs\/produkt\/aloe-vera-extract\/#primaryimage"},"image":{"@id":"https:\/\/www.fytofontana.com\/cs\/produkt\/aloe-vera-extract\/#primaryimage"},"thumbnailUrl":"https:\/\/www.fytofontana.com\/wp-content\/uploads\/2021\/02\/2025_06_Fytofontana_ALOE_VERA_extract_500ml_01_LQ_Primary.png","datePublished":"2021-05-10T19:20:21+00:00","dateModified":"2025-07-31T16:15:30+00:00","description":"Koncentrovan\u00fd n\u00e1poj s extraktem z Aloe vera a p\u0159\u00edchut\u00ed marakuji. Podporuje tr\u00e1ven\u00ed, p\u0159isp\u00edv\u00e1 k pravideln\u00e9mu vyprazd\u0148ov\u00e1n\u00ed a detoxikaci organismu. Antioxidanty p\u0159isp\u00edvaj\u00ed k ochran\u011b bun\u011bk p\u0159ed oxida\u010dn\u00edm stresem.","breadcrumb":{"@id":"https:\/\/www.fytofontana.com\/cs\/produkt\/aloe-vera-extract\/#breadcrumb"},"inLanguage":"cs","potentialAction":[{"@type":"ReadAction","target":["https:\/\/www.fytofontana.com\/cs\/produkt\/aloe-vera-extract\/"]}]},{"@type":"ImageObject","inLanguage":"cs","@id":"https:\/\/www.fytofontana.com\/cs\/produkt\/aloe-vera-extract\/#primaryimage","url":"https:\/\/www.fytofontana.com\/wp-content\/uploads\/2021\/02\/2025_06_Fytofontana_ALOE_VERA_extract_500ml_01_LQ_Primary.png","contentUrl":"https:\/\/www.fytofontana.com\/wp-content\/uploads\/2021\/02\/2025_06_Fytofontana_ALOE_VERA_extract_500ml_01_LQ_Primary.png","width":1000,"height":1000},{"@type":"BreadcrumbList","@id":"https:\/\/www.fytofontana.com\/cs\/produkt\/aloe-vera-extract\/#breadcrumb","itemListElement":[{"@type":"ListItem","position":1,"name":"Home","item":"https:\/\/www.fytofontana.com\/cs\/"},{"@type":"ListItem","position":2,"name":"ALOE VERA extrakt"}]},{"@type":"WebSite","@id":"https:\/\/www.fytofontana.com\/#website","url":"https:\/\/www.fytofontana.com\/","name":"Fytofontana","description":"","publisher":{"@id":"https:\/\/www.fytofontana.com\/#organization"},"potentialAction":[{"@type":"SearchAction","target":{"@type":"EntryPoint","urlTemplate":"https:\/\/www.fytofontana.com\/?s={search_term_string}"},"query-input":{"@type":"PropertyValueSpecification","valueRequired":true,"valueName":"search_term_string"}}],"inLanguage":"cs"},{"@type":"Organization","@id":"https:\/\/www.fytofontana.com\/#organization","name":"Fytofontana","url":"https:\/\/www.fytofontana.com\/","logo":{"@type":"ImageObject","inLanguage":"cs","@id":"https:\/\/www.fytofontana.com\/#\/schema\/logo\/image\/","url":"https:\/\/www.fytofontana.com\/wp-content\/uploads\/2021\/01\/fyto.png","contentUrl":"https:\/\/www.fytofontana.com\/wp-content\/uploads\/2021\/01\/fyto.png","width":817,"height":79,"caption":"Fytofontana"},"image":{"@id":"https:\/\/www.fytofontana.com\/#\/schema\/logo\/image\/"}}]}},"_links":{"self":[{"href":"https:\/\/www.fytofontana.com\/cs\/wp-json\/wp\/v2\/product\/1912","targetHints":{"allow":["GET"]}}],"collection":[{"href":"https:\/\/www.fytofontana.com\/cs\/wp-json\/wp\/v2\/product"}],"about":[{"href":"https:\/\/www.fytofontana.com\/cs\/wp-json\/wp\/v2\/types\/product"}],"wp:featuredmedia":[{"embeddable":true,"href":"https:\/\/www.fytofontana.com\/cs\/wp-json\/wp\/v2\/media\/4124"}],"wp:attachment":[{"href":"https:\/\/www.fytofontana.com\/cs\/wp-json\/wp\/v2\/media?parent=1912"}],"wp:term":[{"taxonomy":"products","embeddable":true,"href":"https:\/\/www.fytofontana.com\/cs\/wp-json\/wp\/v2\/products?post=1912"}],"curies":[{"name":"wp","href":"https:\/\/api.w.org\/{rel}","templated":true}]}}