{"id":1911,"date":"2021-05-10T20:13:57","date_gmt":"2021-05-10T19:13:57","guid":{"rendered":"https:\/\/www.fytofontana.com\/hu\/?post_type=product&#038;p=1911"},"modified":"2025-07-29T16:09:22","modified_gmt":"2025-07-29T15:09:22","slug":"aloe-vera-gel","status":"publish","type":"product","link":"https:\/\/www.fytofontana.com\/cs\/produkt\/aloe-vera-gel\/","title":{"rendered":"ALOE VERA gel"},"content":{"rendered":"<div class=\"field field--name-field-subtitle field--type-string field--label-hidden field--item\">\n<ul>\n<li><strong>Fytofontana Aloe Vera gel<\/strong> regeneruje, zklid\u0148uje, hydratuje, chlad\u00ed a osv\u011b\u017euje.<\/li>\n<li>Obsahuje <strong>93<\/strong><strong>\u202f<\/strong><strong>% extrakt z list<\/strong><strong>\u016f<\/strong><strong> Aloe Vera<\/strong>.<\/li>\n<li>Je ur\u010den p\u0159edev\u0161\u00edm pro suchou, citlivou a problematickou poko\u017eku, stejn\u011b tak pro poko\u017eku vystavenou nep\u0159\u00edzniv\u00fdm vliv\u016fm \u2013 v\u010detn\u011b podr\u00e1\u017ed\u011bn\u00ed po opalov\u00e1n\u00ed, slune\u010dn\u00ed alergie.<\/li>\n<li>Aloe Vera je ji\u017e po stalet\u00ed cen\u011bna pro sv\u00e9 p\u0159irozen\u00e9 rostlinn\u00e9 slo\u017eky, kter\u00e9 pom\u00e1haj\u00ed udr\u017eovat poko\u017eku zdravou, pru\u017enou a odolnou.<\/li>\n<\/ul>\n<\/div>\n","protected":false},"featured_media":4075,"template":"","products":[68],"class_list":["post-1911","product","type-product","status-publish","has-post-thumbnail","hentry","products-aloe-vera-cz"],"yoast_head":"<title>ALOE VERA gel - Fytofontana<\/title>\n<meta name=\"description\" content=\"Gel s 93\u202f% extraktem z list\u016f Aloe Vera regeneruje, zklid\u0148uje, hydratuje, chlad\u00ed a osv\u011b\u017euje. Je ide\u00e1ln\u00ed pro p\u00e9\u010di o suchou, citlivou \u010di problematickou poko\u017eku, i p\u0159i podr\u00e1\u017ed\u011bn\u00ed sluncem, slune\u010dn\u00ed alergi\u00ed, po bodnut\u00ed hmyzem \u010di jin\u00fdmi vn\u011bj\u0161\u00edmi vlivy.\" \/>\n<meta name=\"robots\" content=\"index, follow, max-snippet:-1, max-image-preview:large, max-video-preview:-1\" \/>\n<link rel=\"canonical\" href=\"https:\/\/www.fytofontana.com\/cs\/produkt\/aloe-vera-gel\/\" \/>\n<meta property=\"og:locale\" content=\"cs_CZ\" \/>\n<meta property=\"og:type\" content=\"article\" \/>\n<meta property=\"og:title\" content=\"ALOE VERA gel - Fytofontana\" \/>\n<meta property=\"og:description\" content=\"Gel s 93\u202f% extraktem z list\u016f Aloe Vera regeneruje, zklid\u0148uje, hydratuje, chlad\u00ed a osv\u011b\u017euje. Je ide\u00e1ln\u00ed pro p\u00e9\u010di o suchou, citlivou \u010di problematickou poko\u017eku, i p\u0159i podr\u00e1\u017ed\u011bn\u00ed sluncem, slune\u010dn\u00ed alergi\u00ed, po bodnut\u00ed hmyzem \u010di jin\u00fdmi vn\u011bj\u0161\u00edmi vlivy.\" \/>\n<meta property=\"og:url\" content=\"https:\/\/www.fytofontana.com\/cs\/produkt\/aloe-vera-gel\/\" \/>\n<meta property=\"og:site_name\" content=\"Fytofontana\" \/>\n<meta property=\"article:modified_time\" content=\"2025-07-29T15:09:22+00:00\" \/>\n<meta property=\"og:image\" content=\"https:\/\/www.fytofontana.com\/wp-content\/uploads\/2025\/07\/2025_06_Fytofontana_ALOE_VERA_gel_100ml_01_LQ_Primary.png\" \/>\n\t<meta property=\"og:image:width\" content=\"1000\" \/>\n\t<meta property=\"og:image:height\" content=\"1000\" \/>\n\t<meta property=\"og:image:type\" content=\"image\/png\" \/>\n<meta name=\"twitter:card\" content=\"summary_large_image\" \/>\n<meta name=\"twitter:label1\" content=\"Odhadovan\u00e1 doba \u010dten\u00ed\" \/>\n\t<meta name=\"twitter:data1\" content=\"1 minuta\" \/>\n<script type=\"application\/ld+json\" class=\"yoast-schema-graph\">{\"@context\":\"https:\\\/\\\/schema.org\",\"@graph\":[{\"@type\":[\"WebPage\",\"ItemPage\"],\"@id\":\"https:\\\/\\\/www.fytofontana.com\\\/cs\\\/produkt\\\/aloe-vera-gel\\\/\",\"url\":\"https:\\\/\\\/www.fytofontana.com\\\/cs\\\/produkt\\\/aloe-vera-gel\\\/\",\"name\":\"ALOE VERA gel - Fytofontana\",\"isPartOf\":{\"@id\":\"https:\\\/\\\/www.fytofontana.com\\\/#website\"},\"primaryImageOfPage\":{\"@id\":\"https:\\\/\\\/www.fytofontana.com\\\/cs\\\/produkt\\\/aloe-vera-gel\\\/#primaryimage\"},\"image\":{\"@id\":\"https:\\\/\\\/www.fytofontana.com\\\/cs\\\/produkt\\\/aloe-vera-gel\\\/#primaryimage\"},\"thumbnailUrl\":\"https:\\\/\\\/www.fytofontana.com\\\/wp-content\\\/uploads\\\/2025\\\/07\\\/2025_06_Fytofontana_ALOE_VERA_gel_100ml_01_LQ_Primary.png\",\"datePublished\":\"2021-05-10T19:13:57+00:00\",\"dateModified\":\"2025-07-29T15:09:22+00:00\",\"description\":\"Gel s 93\u202f% extraktem z list\u016f Aloe Vera regeneruje, zklid\u0148uje, hydratuje, chlad\u00ed a osv\u011b\u017euje. Je ide\u00e1ln\u00ed pro p\u00e9\u010di o suchou, citlivou \u010di problematickou poko\u017eku, i p\u0159i podr\u00e1\u017ed\u011bn\u00ed sluncem, slune\u010dn\u00ed alergi\u00ed, po bodnut\u00ed hmyzem \u010di jin\u00fdmi vn\u011bj\u0161\u00edmi vlivy.\",\"breadcrumb\":{\"@id\":\"https:\\\/\\\/www.fytofontana.com\\\/cs\\\/produkt\\\/aloe-vera-gel\\\/#breadcrumb\"},\"inLanguage\":\"cs\",\"potentialAction\":[{\"@type\":\"ReadAction\",\"target\":[\"https:\\\/\\\/www.fytofontana.com\\\/cs\\\/produkt\\\/aloe-vera-gel\\\/\"]}]},{\"@type\":\"ImageObject\",\"inLanguage\":\"cs\",\"@id\":\"https:\\\/\\\/www.fytofontana.com\\\/cs\\\/produkt\\\/aloe-vera-gel\\\/#primaryimage\",\"url\":\"https:\\\/\\\/www.fytofontana.com\\\/wp-content\\\/uploads\\\/2025\\\/07\\\/2025_06_Fytofontana_ALOE_VERA_gel_100ml_01_LQ_Primary.png\",\"contentUrl\":\"https:\\\/\\\/www.fytofontana.com\\\/wp-content\\\/uploads\\\/2025\\\/07\\\/2025_06_Fytofontana_ALOE_VERA_gel_100ml_01_LQ_Primary.png\",\"width\":1000,\"height\":1000},{\"@type\":\"BreadcrumbList\",\"@id\":\"https:\\\/\\\/www.fytofontana.com\\\/cs\\\/produkt\\\/aloe-vera-gel\\\/#breadcrumb\",\"itemListElement\":[{\"@type\":\"ListItem\",\"position\":1,\"name\":\"Home\",\"item\":\"https:\\\/\\\/www.fytofontana.com\\\/cs\\\/\"},{\"@type\":\"ListItem\",\"position\":2,\"name\":\"ALOE VERA gel\"}]},{\"@type\":\"WebSite\",\"@id\":\"https:\\\/\\\/www.fytofontana.com\\\/#website\",\"url\":\"https:\\\/\\\/www.fytofontana.com\\\/\",\"name\":\"Fytofontana\",\"description\":\"\",\"publisher\":{\"@id\":\"https:\\\/\\\/www.fytofontana.com\\\/#organization\"},\"potentialAction\":[{\"@type\":\"SearchAction\",\"target\":{\"@type\":\"EntryPoint\",\"urlTemplate\":\"https:\\\/\\\/www.fytofontana.com\\\/?s={search_term_string}\"},\"query-input\":{\"@type\":\"PropertyValueSpecification\",\"valueRequired\":true,\"valueName\":\"search_term_string\"}}],\"inLanguage\":\"cs\"},{\"@type\":\"Organization\",\"@id\":\"https:\\\/\\\/www.fytofontana.com\\\/#organization\",\"name\":\"Fytofontana\",\"url\":\"https:\\\/\\\/www.fytofontana.com\\\/\",\"logo\":{\"@type\":\"ImageObject\",\"inLanguage\":\"cs\",\"@id\":\"https:\\\/\\\/www.fytofontana.com\\\/#\\\/schema\\\/logo\\\/image\\\/\",\"url\":\"https:\\\/\\\/www.fytofontana.com\\\/wp-content\\\/uploads\\\/2021\\\/01\\\/fyto.png\",\"contentUrl\":\"https:\\\/\\\/www.fytofontana.com\\\/wp-content\\\/uploads\\\/2021\\\/01\\\/fyto.png\",\"width\":817,\"height\":79,\"caption\":\"Fytofontana\"},\"image\":{\"@id\":\"https:\\\/\\\/www.fytofontana.com\\\/#\\\/schema\\\/logo\\\/image\\\/\"}}]}<\/script>","yoast_head_json":{"title":"ALOE VERA gel - Fytofontana","description":"Gel s 93\u202f% extraktem z list\u016f Aloe Vera regeneruje, zklid\u0148uje, hydratuje, chlad\u00ed a osv\u011b\u017euje. Je ide\u00e1ln\u00ed pro p\u00e9\u010di o suchou, citlivou \u010di problematickou poko\u017eku, i p\u0159i podr\u00e1\u017ed\u011bn\u00ed sluncem, slune\u010dn\u00ed alergi\u00ed, po bodnut\u00ed hmyzem \u010di jin\u00fdmi vn\u011bj\u0161\u00edmi vlivy.","robots":{"index":"index","follow":"follow","max-snippet":"max-snippet:-1","max-image-preview":"max-image-preview:large","max-video-preview":"max-video-preview:-1"},"canonical":"https:\/\/www.fytofontana.com\/cs\/produkt\/aloe-vera-gel\/","og_locale":"cs_CZ","og_type":"article","og_title":"ALOE VERA gel - Fytofontana","og_description":"Gel s 93\u202f% extraktem z list\u016f Aloe Vera regeneruje, zklid\u0148uje, hydratuje, chlad\u00ed a osv\u011b\u017euje. Je ide\u00e1ln\u00ed pro p\u00e9\u010di o suchou, citlivou \u010di problematickou poko\u017eku, i p\u0159i podr\u00e1\u017ed\u011bn\u00ed sluncem, slune\u010dn\u00ed alergi\u00ed, po bodnut\u00ed hmyzem \u010di jin\u00fdmi vn\u011bj\u0161\u00edmi vlivy.","og_url":"https:\/\/www.fytofontana.com\/cs\/produkt\/aloe-vera-gel\/","og_site_name":"Fytofontana","article_modified_time":"2025-07-29T15:09:22+00:00","og_image":[{"width":1000,"height":1000,"url":"https:\/\/www.fytofontana.com\/wp-content\/uploads\/2025\/07\/2025_06_Fytofontana_ALOE_VERA_gel_100ml_01_LQ_Primary.png","type":"image\/png"}],"twitter_card":"summary_large_image","twitter_misc":{"Odhadovan\u00e1 doba \u010dten\u00ed":"1 minuta"},"schema":{"@context":"https:\/\/schema.org","@graph":[{"@type":["WebPage","ItemPage"],"@id":"https:\/\/www.fytofontana.com\/cs\/produkt\/aloe-vera-gel\/","url":"https:\/\/www.fytofontana.com\/cs\/produkt\/aloe-vera-gel\/","name":"ALOE VERA gel - Fytofontana","isPartOf":{"@id":"https:\/\/www.fytofontana.com\/#website"},"primaryImageOfPage":{"@id":"https:\/\/www.fytofontana.com\/cs\/produkt\/aloe-vera-gel\/#primaryimage"},"image":{"@id":"https:\/\/www.fytofontana.com\/cs\/produkt\/aloe-vera-gel\/#primaryimage"},"thumbnailUrl":"https:\/\/www.fytofontana.com\/wp-content\/uploads\/2025\/07\/2025_06_Fytofontana_ALOE_VERA_gel_100ml_01_LQ_Primary.png","datePublished":"2021-05-10T19:13:57+00:00","dateModified":"2025-07-29T15:09:22+00:00","description":"Gel s 93\u202f% extraktem z list\u016f Aloe Vera regeneruje, zklid\u0148uje, hydratuje, chlad\u00ed a osv\u011b\u017euje. Je ide\u00e1ln\u00ed pro p\u00e9\u010di o suchou, citlivou \u010di problematickou poko\u017eku, i p\u0159i podr\u00e1\u017ed\u011bn\u00ed sluncem, slune\u010dn\u00ed alergi\u00ed, po bodnut\u00ed hmyzem \u010di jin\u00fdmi vn\u011bj\u0161\u00edmi vlivy.","breadcrumb":{"@id":"https:\/\/www.fytofontana.com\/cs\/produkt\/aloe-vera-gel\/#breadcrumb"},"inLanguage":"cs","potentialAction":[{"@type":"ReadAction","target":["https:\/\/www.fytofontana.com\/cs\/produkt\/aloe-vera-gel\/"]}]},{"@type":"ImageObject","inLanguage":"cs","@id":"https:\/\/www.fytofontana.com\/cs\/produkt\/aloe-vera-gel\/#primaryimage","url":"https:\/\/www.fytofontana.com\/wp-content\/uploads\/2025\/07\/2025_06_Fytofontana_ALOE_VERA_gel_100ml_01_LQ_Primary.png","contentUrl":"https:\/\/www.fytofontana.com\/wp-content\/uploads\/2025\/07\/2025_06_Fytofontana_ALOE_VERA_gel_100ml_01_LQ_Primary.png","width":1000,"height":1000},{"@type":"BreadcrumbList","@id":"https:\/\/www.fytofontana.com\/cs\/produkt\/aloe-vera-gel\/#breadcrumb","itemListElement":[{"@type":"ListItem","position":1,"name":"Home","item":"https:\/\/www.fytofontana.com\/cs\/"},{"@type":"ListItem","position":2,"name":"ALOE VERA gel"}]},{"@type":"WebSite","@id":"https:\/\/www.fytofontana.com\/#website","url":"https:\/\/www.fytofontana.com\/","name":"Fytofontana","description":"","publisher":{"@id":"https:\/\/www.fytofontana.com\/#organization"},"potentialAction":[{"@type":"SearchAction","target":{"@type":"EntryPoint","urlTemplate":"https:\/\/www.fytofontana.com\/?s={search_term_string}"},"query-input":{"@type":"PropertyValueSpecification","valueRequired":true,"valueName":"search_term_string"}}],"inLanguage":"cs"},{"@type":"Organization","@id":"https:\/\/www.fytofontana.com\/#organization","name":"Fytofontana","url":"https:\/\/www.fytofontana.com\/","logo":{"@type":"ImageObject","inLanguage":"cs","@id":"https:\/\/www.fytofontana.com\/#\/schema\/logo\/image\/","url":"https:\/\/www.fytofontana.com\/wp-content\/uploads\/2021\/01\/fyto.png","contentUrl":"https:\/\/www.fytofontana.com\/wp-content\/uploads\/2021\/01\/fyto.png","width":817,"height":79,"caption":"Fytofontana"},"image":{"@id":"https:\/\/www.fytofontana.com\/#\/schema\/logo\/image\/"}}]}},"_links":{"self":[{"href":"https:\/\/www.fytofontana.com\/cs\/wp-json\/wp\/v2\/product\/1911","targetHints":{"allow":["GET"]}}],"collection":[{"href":"https:\/\/www.fytofontana.com\/cs\/wp-json\/wp\/v2\/product"}],"about":[{"href":"https:\/\/www.fytofontana.com\/cs\/wp-json\/wp\/v2\/types\/product"}],"wp:featuredmedia":[{"embeddable":true,"href":"https:\/\/www.fytofontana.com\/cs\/wp-json\/wp\/v2\/media\/4075"}],"wp:attachment":[{"href":"https:\/\/www.fytofontana.com\/cs\/wp-json\/wp\/v2\/media?parent=1911"}],"wp:term":[{"taxonomy":"products","embeddable":true,"href":"https:\/\/www.fytofontana.com\/cs\/wp-json\/wp\/v2\/products?post=1911"}],"curies":[{"name":"wp","href":"https:\/\/api.w.org\/{rel}","templated":true}]}}