{"id":1904,"date":"2021-05-10T18:52:46","date_gmt":"2021-05-10T17:52:46","guid":{"rendered":"https:\/\/www.fytofontana.com\/hu\/?post_type=product&#038;p=1904"},"modified":"2025-08-07T08:00:17","modified_gmt":"2025-08-07T07:00:17","slug":"hair-woman","status":"publish","type":"product","link":"https:\/\/www.fytofontana.com\/cs\/produkt\/hair-woman\/","title":{"rendered":"HAIR Woman"},"content":{"rendered":"<ul>\n<li><strong>Fyto-biotechnologick\u00e9 s\u00e9rum na omlazen\u00ed a podporu r\u016fstu vlas\u016f<\/strong><\/li>\n<li>Fyto-biotechnologick\u00e9 s\u00e9rum je spojen\u00edm tradi\u010dn\u00edch rostlinn\u00fdch v\u00fdta\u017ek\u016f z nejnov\u011bj\u0161\u00edch biotechnologick\u00fdch \u00fa\u010dinn\u00fdch l\u00e1tek z\u00edskan\u00fdch v\u011bdeck\u00fdmi metodami. \u2028Slo\u017een\u00ed v\u00fdrobk\u016f bylo vytvo\u0159en\u00e9 na z\u00e1klad\u011b v\u00fdzkumu r\u016fstov\u00fdch faktor\u016f a biomimetick\u00fdch peptid\u016f, kter\u00e9 pat\u0159\u00ed mezi nej\u00fa\u010dinn\u011bj\u0161\u00ed l\u00e1tky sou\u010dasnosti, kter\u00e9 zpomaluj\u00ed st\u00e1rnut\u00ed.<\/li>\n<li>Nav\u00edc d\u00edky technologii nanokapsl\u00ed (nanotechnologie) dok\u00e1\u017e\u00ed \u00fa\u010dinn\u011b proniknout do bu\u0148ky vlasov\u00e9ho folikulu a revitalizovat tak vlas a\u017e od \u00fapln\u00e9ho z\u00e1kladu.<\/li>\n<li>S\u00e9rum celkov\u011b ozdravuje, vlasy i vlasov\u00e9 folikuly se st\u00e1vaj\u00ed strukturovan\u011bj\u0161\u00ed, siln\u011bj\u0161\u00ed i lesklej\u0161\u00ed.<\/li>\n<\/ul>\n","protected":false},"featured_media":1446,"template":"","products":[73],"yoast_head":"<title>HAIR Woman - Fytofontana<\/title>\n<meta name=\"description\" content=\"Intenzivn\u00ed s\u00e9rum na r\u016fst vlas\u016f pro \u017eeny s peptidy a rostlinn\u00fdmi extrakty. Posiluje vlasy, zpomaluje st\u00e1rnut\u00ed a podporuje op\u011btovn\u00fd r\u016fst.\" \/>\n<meta name=\"robots\" content=\"index, follow, max-snippet:-1, max-image-preview:large, max-video-preview:-1\" \/>\n<link rel=\"canonical\" href=\"https:\/\/www.fytofontana.com\/cs\/produkt\/hair-woman\/\" \/>\n<meta property=\"og:locale\" content=\"cs_CZ\" \/>\n<meta property=\"og:type\" content=\"article\" \/>\n<meta property=\"og:title\" content=\"HAIR Woman - Fytofontana\" \/>\n<meta property=\"og:description\" content=\"Intenzivn\u00ed s\u00e9rum na r\u016fst vlas\u016f pro \u017eeny s peptidy a rostlinn\u00fdmi extrakty. Posiluje vlasy, zpomaluje st\u00e1rnut\u00ed a podporuje op\u011btovn\u00fd r\u016fst.\" \/>\n<meta property=\"og:url\" content=\"https:\/\/www.fytofontana.com\/cs\/produkt\/hair-woman\/\" \/>\n<meta property=\"og:site_name\" content=\"Fytofontana\" \/>\n<meta property=\"article:modified_time\" content=\"2025-08-07T07:00:17+00:00\" \/>\n<meta property=\"og:image\" content=\"https:\/\/www.fytofontana.com\/wp-content\/uploads\/2020\/12\/093.png\" \/>\n\t<meta property=\"og:image:width\" content=\"1500\" \/>\n\t<meta property=\"og:image:height\" content=\"1500\" \/>\n<meta name=\"twitter:card\" content=\"summary_large_image\" \/>\n<meta name=\"twitter:label1\" content=\"Odhadovan\u00e1 doba \u010dten\u00ed\">\n\t<meta name=\"twitter:data1\" content=\"1 minuta\">\n<script type=\"application\/ld+json\" class=\"yoast-schema-graph\">{\"@context\":\"https:\/\/schema.org\",\"@graph\":[{\"@type\":\"Organization\",\"@id\":\"https:\/\/www.fytofontana.com\/#organization\",\"name\":\"Fytofontana\",\"url\":\"https:\/\/www.fytofontana.com\/\",\"sameAs\":[],\"logo\":{\"@type\":\"ImageObject\",\"@id\":\"https:\/\/www.fytofontana.com\/#logo\",\"inLanguage\":\"cs\",\"url\":\"https:\/\/www.fytofontana.com\/wp-content\/uploads\/2021\/01\/fyto.png\",\"width\":817,\"height\":79,\"caption\":\"Fytofontana\"},\"image\":{\"@id\":\"https:\/\/www.fytofontana.com\/#logo\"}},{\"@type\":\"WebSite\",\"@id\":\"https:\/\/www.fytofontana.com\/#website\",\"url\":\"https:\/\/www.fytofontana.com\/\",\"name\":\"Fytofontana\",\"description\":\"\",\"publisher\":{\"@id\":\"https:\/\/www.fytofontana.com\/#organization\"},\"potentialAction\":[{\"@type\":\"SearchAction\",\"target\":\"https:\/\/www.fytofontana.com\/?s={search_term_string}\",\"query-input\":\"required name=search_term_string\"}],\"inLanguage\":\"cs\"},{\"@type\":\"ImageObject\",\"@id\":\"https:\/\/www.fytofontana.com\/cs\/produkt\/hair-woman\/#primaryimage\",\"inLanguage\":\"cs\",\"url\":\"https:\/\/www.fytofontana.com\/wp-content\/uploads\/2020\/12\/093.png\",\"width\":1500,\"height\":1500},{\"@type\":[\"WebPage\",\"ItemPage\"],\"@id\":\"https:\/\/www.fytofontana.com\/cs\/produkt\/hair-woman\/#webpage\",\"url\":\"https:\/\/www.fytofontana.com\/cs\/produkt\/hair-woman\/\",\"name\":\"HAIR Woman - Fytofontana\",\"isPartOf\":{\"@id\":\"https:\/\/www.fytofontana.com\/#website\"},\"primaryImageOfPage\":{\"@id\":\"https:\/\/www.fytofontana.com\/cs\/produkt\/hair-woman\/#primaryimage\"},\"datePublished\":\"2021-05-10T17:52:46+00:00\",\"dateModified\":\"2025-08-07T07:00:17+00:00\",\"description\":\"Intenzivn\\u00ed s\\u00e9rum na r\\u016fst vlas\\u016f pro \\u017eeny s peptidy a rostlinn\\u00fdmi extrakty. Posiluje vlasy, zpomaluje st\\u00e1rnut\\u00ed a podporuje op\\u011btovn\\u00fd r\\u016fst.\",\"breadcrumb\":{\"@id\":\"https:\/\/www.fytofontana.com\/cs\/produkt\/hair-woman\/#breadcrumb\"},\"inLanguage\":\"cs\",\"potentialAction\":[{\"@type\":\"ReadAction\",\"target\":[\"https:\/\/www.fytofontana.com\/cs\/produkt\/hair-woman\/\"]}]},{\"@type\":\"BreadcrumbList\",\"@id\":\"https:\/\/www.fytofontana.com\/cs\/produkt\/hair-woman\/#breadcrumb\",\"itemListElement\":[{\"@type\":\"ListItem\",\"position\":1,\"item\":{\"@type\":\"WebPage\",\"@id\":\"https:\/\/www.fytofontana.com\/cs\/\",\"url\":\"https:\/\/www.fytofontana.com\/cs\/\",\"name\":\"Home\"}},{\"@type\":\"ListItem\",\"position\":2,\"item\":{\"@type\":\"WebPage\",\"@id\":\"https:\/\/www.fytofontana.com\/cs\/produkt\/hair-woman\/\",\"url\":\"https:\/\/www.fytofontana.com\/cs\/produkt\/hair-woman\/\",\"name\":\"HAIR Woman\"}}]}]}<\/script>","_links":{"self":[{"href":"https:\/\/www.fytofontana.com\/cs\/wp-json\/wp\/v2\/product\/1904"}],"collection":[{"href":"https:\/\/www.fytofontana.com\/cs\/wp-json\/wp\/v2\/product"}],"about":[{"href":"https:\/\/www.fytofontana.com\/cs\/wp-json\/wp\/v2\/types\/product"}],"wp:featuredmedia":[{"embeddable":true,"href":"https:\/\/www.fytofontana.com\/cs\/wp-json\/wp\/v2\/media\/1446"}],"wp:attachment":[{"href":"https:\/\/www.fytofontana.com\/cs\/wp-json\/wp\/v2\/media?parent=1904"}],"wp:term":[{"taxonomy":"products","embeddable":true,"href":"https:\/\/www.fytofontana.com\/cs\/wp-json\/wp\/v2\/products?post=1904"}],"curies":[{"name":"wp","href":"https:\/\/api.w.org\/{rel}","templated":true}]}}