{"id":1897,"date":"2021-05-02T17:47:28","date_gmt":"2021-05-02T16:47:28","guid":{"rendered":"https:\/\/www.fytofontana.com\/hu\/?post_type=product&#038;p=1897"},"modified":"2025-08-01T11:02:41","modified_gmt":"2025-08-01T10:02:41","slug":"aloe-vera-extrakt-forte","status":"publish","type":"product","link":"https:\/\/www.fytofontana.com\/cs\/produkt\/aloe-vera-extrakt-forte\/","title":{"rendered":"ALOE VERA extrakt forte"},"content":{"rendered":"<div class=\"field field--name-field-lead field--type-text-long field--label-hidden field--item\">\n<ul>\n<li><strong>N\u00e1poj vyroben\u00fd z koncentrovan\u00e9ho extraktu rostliny Aloe Vera Barbadensis, pupe\u010dn\u00edku asijsk\u00e9ho (Centella Asiatica) s p\u0159\u00edchut\u00ed Maracuji, kter\u00fd p\u0159irozen\u011b obsahuje \u0159adu d\u016fle\u017eit\u00fdch nutrient\u016f.<\/strong><\/li>\n<li><strong>Aktivn\u00ed l\u00e1tky Aloe Vera<\/strong> pom\u00e1haj\u00ed podporovat tr\u00e1ven\u00ed a p\u0159\u00edzniv\u011b p\u016fsob\u00ed na funkce st\u0159evn\u00edho syst\u00e9mu.<\/li>\n<li><strong>Pupe\u010dn\u00edk asijsk\u00fd<\/strong> p\u0159\u00edzniv\u011b ovliv\u0148uje mikrocirkulaci v perifern\u00edch oblastech jako je mozek a kon\u010detiny.<\/li>\n<\/ul>\n<\/div>\n","protected":false},"featured_media":4148,"template":"","products":[68],"class_list":["post-1897","product","type-product","status-publish","has-post-thumbnail","hentry","products-aloe-vera-cz"],"yoast_head":"<title>ALOE VERA extrakt forte - Fytofontana<\/title>\n<meta name=\"description\" content=\"Koncentrovan\u00fd n\u00e1poj s Aloe vera, pupe\u010dn\u00edkem asijsk\u00fdm a p\u0159\u00edchut\u00ed marakuji. Podporuje tr\u00e1ven\u00ed, detoxikaci, prokrven\u00ed mozku a ment\u00e1ln\u00ed vitalitu. Obsahuje antioxidanty, kter\u00e9 p\u0159isp\u00edvaj\u00ed k ochran\u011b bun\u011bk p\u0159ed oxida\u010dn\u00edm stresem.\" \/>\n<meta name=\"robots\" content=\"index, follow, max-snippet:-1, max-image-preview:large, max-video-preview:-1\" \/>\n<link rel=\"canonical\" href=\"https:\/\/www.fytofontana.com\/cs\/produkt\/aloe-vera-extrakt-forte\/\" \/>\n<meta property=\"og:locale\" content=\"cs_CZ\" \/>\n<meta property=\"og:type\" content=\"article\" \/>\n<meta property=\"og:title\" content=\"ALOE VERA extrakt forte - Fytofontana\" \/>\n<meta property=\"og:description\" content=\"Koncentrovan\u00fd n\u00e1poj s Aloe vera, pupe\u010dn\u00edkem asijsk\u00fdm a p\u0159\u00edchut\u00ed marakuji. Podporuje tr\u00e1ven\u00ed, detoxikaci, prokrven\u00ed mozku a ment\u00e1ln\u00ed vitalitu. Obsahuje antioxidanty, kter\u00e9 p\u0159isp\u00edvaj\u00ed k ochran\u011b bun\u011bk p\u0159ed oxida\u010dn\u00edm stresem.\" \/>\n<meta property=\"og:url\" content=\"https:\/\/www.fytofontana.com\/cs\/produkt\/aloe-vera-extrakt-forte\/\" \/>\n<meta property=\"og:site_name\" content=\"Fytofontana\" \/>\n<meta property=\"article:modified_time\" content=\"2025-08-01T10:02:41+00:00\" \/>\n<meta property=\"og:image\" content=\"https:\/\/www.fytofontana.com\/wp-content\/uploads\/2021\/02\/2025_06_Fytofontana_ALOE_VERA_extract_forte_500ml_01_LQ_Primary.png\" \/>\n\t<meta property=\"og:image:width\" content=\"1000\" \/>\n\t<meta property=\"og:image:height\" content=\"1000\" \/>\n\t<meta property=\"og:image:type\" content=\"image\/png\" \/>\n<meta name=\"twitter:card\" content=\"summary_large_image\" \/>\n<meta name=\"twitter:label1\" content=\"Odhadovan\u00e1 doba \u010dten\u00ed\" \/>\n\t<meta name=\"twitter:data1\" content=\"1 minuta\" \/>\n<script type=\"application\/ld+json\" class=\"yoast-schema-graph\">{\"@context\":\"https:\\\/\\\/schema.org\",\"@graph\":[{\"@type\":[\"WebPage\",\"ItemPage\"],\"@id\":\"https:\\\/\\\/www.fytofontana.com\\\/cs\\\/produkt\\\/aloe-vera-extrakt-forte\\\/\",\"url\":\"https:\\\/\\\/www.fytofontana.com\\\/cs\\\/produkt\\\/aloe-vera-extrakt-forte\\\/\",\"name\":\"ALOE VERA extrakt forte - Fytofontana\",\"isPartOf\":{\"@id\":\"https:\\\/\\\/www.fytofontana.com\\\/#website\"},\"primaryImageOfPage\":{\"@id\":\"https:\\\/\\\/www.fytofontana.com\\\/cs\\\/produkt\\\/aloe-vera-extrakt-forte\\\/#primaryimage\"},\"image\":{\"@id\":\"https:\\\/\\\/www.fytofontana.com\\\/cs\\\/produkt\\\/aloe-vera-extrakt-forte\\\/#primaryimage\"},\"thumbnailUrl\":\"https:\\\/\\\/www.fytofontana.com\\\/wp-content\\\/uploads\\\/2021\\\/02\\\/2025_06_Fytofontana_ALOE_VERA_extract_forte_500ml_01_LQ_Primary.png\",\"datePublished\":\"2021-05-02T16:47:28+00:00\",\"dateModified\":\"2025-08-01T10:02:41+00:00\",\"description\":\"Koncentrovan\u00fd n\u00e1poj s Aloe vera, pupe\u010dn\u00edkem asijsk\u00fdm a p\u0159\u00edchut\u00ed marakuji. Podporuje tr\u00e1ven\u00ed, detoxikaci, prokrven\u00ed mozku a ment\u00e1ln\u00ed vitalitu. Obsahuje antioxidanty, kter\u00e9 p\u0159isp\u00edvaj\u00ed k ochran\u011b bun\u011bk p\u0159ed oxida\u010dn\u00edm stresem.\",\"breadcrumb\":{\"@id\":\"https:\\\/\\\/www.fytofontana.com\\\/cs\\\/produkt\\\/aloe-vera-extrakt-forte\\\/#breadcrumb\"},\"inLanguage\":\"cs\",\"potentialAction\":[{\"@type\":\"ReadAction\",\"target\":[\"https:\\\/\\\/www.fytofontana.com\\\/cs\\\/produkt\\\/aloe-vera-extrakt-forte\\\/\"]}]},{\"@type\":\"ImageObject\",\"inLanguage\":\"cs\",\"@id\":\"https:\\\/\\\/www.fytofontana.com\\\/cs\\\/produkt\\\/aloe-vera-extrakt-forte\\\/#primaryimage\",\"url\":\"https:\\\/\\\/www.fytofontana.com\\\/wp-content\\\/uploads\\\/2021\\\/02\\\/2025_06_Fytofontana_ALOE_VERA_extract_forte_500ml_01_LQ_Primary.png\",\"contentUrl\":\"https:\\\/\\\/www.fytofontana.com\\\/wp-content\\\/uploads\\\/2021\\\/02\\\/2025_06_Fytofontana_ALOE_VERA_extract_forte_500ml_01_LQ_Primary.png\",\"width\":1000,\"height\":1000},{\"@type\":\"BreadcrumbList\",\"@id\":\"https:\\\/\\\/www.fytofontana.com\\\/cs\\\/produkt\\\/aloe-vera-extrakt-forte\\\/#breadcrumb\",\"itemListElement\":[{\"@type\":\"ListItem\",\"position\":1,\"name\":\"Home\",\"item\":\"https:\\\/\\\/www.fytofontana.com\\\/cs\\\/\"},{\"@type\":\"ListItem\",\"position\":2,\"name\":\"ALOE VERA extrakt forte\"}]},{\"@type\":\"WebSite\",\"@id\":\"https:\\\/\\\/www.fytofontana.com\\\/#website\",\"url\":\"https:\\\/\\\/www.fytofontana.com\\\/\",\"name\":\"Fytofontana\",\"description\":\"\",\"publisher\":{\"@id\":\"https:\\\/\\\/www.fytofontana.com\\\/#organization\"},\"potentialAction\":[{\"@type\":\"SearchAction\",\"target\":{\"@type\":\"EntryPoint\",\"urlTemplate\":\"https:\\\/\\\/www.fytofontana.com\\\/?s={search_term_string}\"},\"query-input\":{\"@type\":\"PropertyValueSpecification\",\"valueRequired\":true,\"valueName\":\"search_term_string\"}}],\"inLanguage\":\"cs\"},{\"@type\":\"Organization\",\"@id\":\"https:\\\/\\\/www.fytofontana.com\\\/#organization\",\"name\":\"Fytofontana\",\"url\":\"https:\\\/\\\/www.fytofontana.com\\\/\",\"logo\":{\"@type\":\"ImageObject\",\"inLanguage\":\"cs\",\"@id\":\"https:\\\/\\\/www.fytofontana.com\\\/#\\\/schema\\\/logo\\\/image\\\/\",\"url\":\"https:\\\/\\\/www.fytofontana.com\\\/wp-content\\\/uploads\\\/2021\\\/01\\\/fyto.png\",\"contentUrl\":\"https:\\\/\\\/www.fytofontana.com\\\/wp-content\\\/uploads\\\/2021\\\/01\\\/fyto.png\",\"width\":817,\"height\":79,\"caption\":\"Fytofontana\"},\"image\":{\"@id\":\"https:\\\/\\\/www.fytofontana.com\\\/#\\\/schema\\\/logo\\\/image\\\/\"}}]}<\/script>","yoast_head_json":{"title":"ALOE VERA extrakt forte - Fytofontana","description":"Koncentrovan\u00fd n\u00e1poj s Aloe vera, pupe\u010dn\u00edkem asijsk\u00fdm a p\u0159\u00edchut\u00ed marakuji. Podporuje tr\u00e1ven\u00ed, detoxikaci, prokrven\u00ed mozku a ment\u00e1ln\u00ed vitalitu. Obsahuje antioxidanty, kter\u00e9 p\u0159isp\u00edvaj\u00ed k ochran\u011b bun\u011bk p\u0159ed oxida\u010dn\u00edm stresem.","robots":{"index":"index","follow":"follow","max-snippet":"max-snippet:-1","max-image-preview":"max-image-preview:large","max-video-preview":"max-video-preview:-1"},"canonical":"https:\/\/www.fytofontana.com\/cs\/produkt\/aloe-vera-extrakt-forte\/","og_locale":"cs_CZ","og_type":"article","og_title":"ALOE VERA extrakt forte - Fytofontana","og_description":"Koncentrovan\u00fd n\u00e1poj s Aloe vera, pupe\u010dn\u00edkem asijsk\u00fdm a p\u0159\u00edchut\u00ed marakuji. Podporuje tr\u00e1ven\u00ed, detoxikaci, prokrven\u00ed mozku a ment\u00e1ln\u00ed vitalitu. Obsahuje antioxidanty, kter\u00e9 p\u0159isp\u00edvaj\u00ed k ochran\u011b bun\u011bk p\u0159ed oxida\u010dn\u00edm stresem.","og_url":"https:\/\/www.fytofontana.com\/cs\/produkt\/aloe-vera-extrakt-forte\/","og_site_name":"Fytofontana","article_modified_time":"2025-08-01T10:02:41+00:00","og_image":[{"width":1000,"height":1000,"url":"https:\/\/www.fytofontana.com\/wp-content\/uploads\/2021\/02\/2025_06_Fytofontana_ALOE_VERA_extract_forte_500ml_01_LQ_Primary.png","type":"image\/png"}],"twitter_card":"summary_large_image","twitter_misc":{"Odhadovan\u00e1 doba \u010dten\u00ed":"1 minuta"},"schema":{"@context":"https:\/\/schema.org","@graph":[{"@type":["WebPage","ItemPage"],"@id":"https:\/\/www.fytofontana.com\/cs\/produkt\/aloe-vera-extrakt-forte\/","url":"https:\/\/www.fytofontana.com\/cs\/produkt\/aloe-vera-extrakt-forte\/","name":"ALOE VERA extrakt forte - Fytofontana","isPartOf":{"@id":"https:\/\/www.fytofontana.com\/#website"},"primaryImageOfPage":{"@id":"https:\/\/www.fytofontana.com\/cs\/produkt\/aloe-vera-extrakt-forte\/#primaryimage"},"image":{"@id":"https:\/\/www.fytofontana.com\/cs\/produkt\/aloe-vera-extrakt-forte\/#primaryimage"},"thumbnailUrl":"https:\/\/www.fytofontana.com\/wp-content\/uploads\/2021\/02\/2025_06_Fytofontana_ALOE_VERA_extract_forte_500ml_01_LQ_Primary.png","datePublished":"2021-05-02T16:47:28+00:00","dateModified":"2025-08-01T10:02:41+00:00","description":"Koncentrovan\u00fd n\u00e1poj s Aloe vera, pupe\u010dn\u00edkem asijsk\u00fdm a p\u0159\u00edchut\u00ed marakuji. Podporuje tr\u00e1ven\u00ed, detoxikaci, prokrven\u00ed mozku a ment\u00e1ln\u00ed vitalitu. Obsahuje antioxidanty, kter\u00e9 p\u0159isp\u00edvaj\u00ed k ochran\u011b bun\u011bk p\u0159ed oxida\u010dn\u00edm stresem.","breadcrumb":{"@id":"https:\/\/www.fytofontana.com\/cs\/produkt\/aloe-vera-extrakt-forte\/#breadcrumb"},"inLanguage":"cs","potentialAction":[{"@type":"ReadAction","target":["https:\/\/www.fytofontana.com\/cs\/produkt\/aloe-vera-extrakt-forte\/"]}]},{"@type":"ImageObject","inLanguage":"cs","@id":"https:\/\/www.fytofontana.com\/cs\/produkt\/aloe-vera-extrakt-forte\/#primaryimage","url":"https:\/\/www.fytofontana.com\/wp-content\/uploads\/2021\/02\/2025_06_Fytofontana_ALOE_VERA_extract_forte_500ml_01_LQ_Primary.png","contentUrl":"https:\/\/www.fytofontana.com\/wp-content\/uploads\/2021\/02\/2025_06_Fytofontana_ALOE_VERA_extract_forte_500ml_01_LQ_Primary.png","width":1000,"height":1000},{"@type":"BreadcrumbList","@id":"https:\/\/www.fytofontana.com\/cs\/produkt\/aloe-vera-extrakt-forte\/#breadcrumb","itemListElement":[{"@type":"ListItem","position":1,"name":"Home","item":"https:\/\/www.fytofontana.com\/cs\/"},{"@type":"ListItem","position":2,"name":"ALOE VERA extrakt forte"}]},{"@type":"WebSite","@id":"https:\/\/www.fytofontana.com\/#website","url":"https:\/\/www.fytofontana.com\/","name":"Fytofontana","description":"","publisher":{"@id":"https:\/\/www.fytofontana.com\/#organization"},"potentialAction":[{"@type":"SearchAction","target":{"@type":"EntryPoint","urlTemplate":"https:\/\/www.fytofontana.com\/?s={search_term_string}"},"query-input":{"@type":"PropertyValueSpecification","valueRequired":true,"valueName":"search_term_string"}}],"inLanguage":"cs"},{"@type":"Organization","@id":"https:\/\/www.fytofontana.com\/#organization","name":"Fytofontana","url":"https:\/\/www.fytofontana.com\/","logo":{"@type":"ImageObject","inLanguage":"cs","@id":"https:\/\/www.fytofontana.com\/#\/schema\/logo\/image\/","url":"https:\/\/www.fytofontana.com\/wp-content\/uploads\/2021\/01\/fyto.png","contentUrl":"https:\/\/www.fytofontana.com\/wp-content\/uploads\/2021\/01\/fyto.png","width":817,"height":79,"caption":"Fytofontana"},"image":{"@id":"https:\/\/www.fytofontana.com\/#\/schema\/logo\/image\/"}}]}},"_links":{"self":[{"href":"https:\/\/www.fytofontana.com\/cs\/wp-json\/wp\/v2\/product\/1897","targetHints":{"allow":["GET"]}}],"collection":[{"href":"https:\/\/www.fytofontana.com\/cs\/wp-json\/wp\/v2\/product"}],"about":[{"href":"https:\/\/www.fytofontana.com\/cs\/wp-json\/wp\/v2\/types\/product"}],"wp:featuredmedia":[{"embeddable":true,"href":"https:\/\/www.fytofontana.com\/cs\/wp-json\/wp\/v2\/media\/4148"}],"wp:attachment":[{"href":"https:\/\/www.fytofontana.com\/cs\/wp-json\/wp\/v2\/media?parent=1897"}],"wp:term":[{"taxonomy":"products","embeddable":true,"href":"https:\/\/www.fytofontana.com\/cs\/wp-json\/wp\/v2\/products?post=1897"}],"curies":[{"name":"wp","href":"https:\/\/api.w.org\/{rel}","templated":true}]}}