{"id":1982,"date":"2021-05-23T19:19:23","date_gmt":"2021-05-23T18:19:23","guid":{"rendered":"https:\/\/www.fytofontana.com\/hu\/?page_id=1982"},"modified":"2024-02-19T19:02:58","modified_gmt":"2024-02-19T18:02:58","slug":"vseobecne-podminky-uziti","status":"publish","type":"page","link":"https:\/\/www.fytofontana.com\/cs\/vseobecne-podminky-uziti\/","title":{"rendered":"V\u0161eobecn\u00e9 podm\u00ednky u\u017eit\u00ed"},"content":{"rendered":"\n<p><strong>V\u0161eobecn\u00e9 podm\u00ednky u\u017eit\u00ed<\/strong><\/p>\n\n\n\n<p>V\u00edtejte na webov\u00e9 str\u00e1nce spole\u010dnosti Herb-Pharma! P\u0159\u00edstupem a pou\u017e\u00edv\u00e1n\u00edm na\u0161\u00ed webov\u00e9 str\u00e1nky souhlas\u00edte s dodr\u017eov\u00e1n\u00edm n\u00e1sleduj\u00edc\u00edch podm\u00ednek:<\/p>\n\n\n\n<p>Vlastnictv\u00ed obsahu: Obsah t\u00e9to webov\u00e9 str\u00e1nky, v\u010detn\u011b text\u016f, softwaru, obr\u00e1zk\u016f, vide\u00ed, hudby, log, obchodn\u00edch zna\u010dek a dal\u0161\u00edch materi\u00e1l\u016f (&#8222;Obsah&#8220;), je chr\u00e1n\u011bn autorsk\u00fdmi pr\u00e1vy, obchodn\u00edmi zna\u010dkami a dal\u0161\u00edmi vlastnick\u00fdmi pr\u00e1vy. Tento Obsah je bu\u010f vlastn\u011bn nebo kontrolov\u00e1n spole\u010dnost\u00ed Herb-Pharma nebo licencov\u00e1n spole\u010dnosti Herb-Pharma t\u0159et\u00edmi stranami. Souhlas\u00edte s dodr\u017eov\u00e1n\u00edm v\u0161ech platn\u00fdch autorsk\u00fdch z\u00e1kon\u016f a jak\u00fdchkoli dodate\u010dn\u00fdch upozorn\u011bn\u00ed na autorsk\u00e1 pr\u00e1va nebo omezen\u00ed uveden\u00fdch na webov\u00e9 str\u00e1nce.<\/p>\n\n\n\n<p>Pou\u017eit\u00ed obchodn\u00edch zna\u010dek: Bez p\u0159edchoz\u00edho p\u00edsemn\u00e9ho souhlasu nen\u00ed povoleno pou\u017e\u00edv\u00e1n\u00ed \u017e\u00e1dn\u00fdch obchodn\u00edch zna\u010dek nebo obchodn\u00edch jmen spole\u010dnosti Herb-Pharma. Uv\u011bdomujete si, \u017ee nevlastn\u00edte \u017e\u00e1dn\u00e1 vlastnick\u00e1 pr\u00e1va k t\u011bmto n\u00e1zv\u016fm a zna\u010dk\u00e1m.<\/p>\n\n\n\n<p>Ozn\u00e1men\u00ed o neopr\u00e1vn\u011bn\u00e9m pou\u017eit\u00ed: Pokud se dozv\u00edte o jak\u00e9mkoli neopr\u00e1vn\u011bn\u00e9m p\u0159\u00edstupu nebo pou\u017eit\u00ed webov\u00e9 str\u00e1nky nebo pokud se dozv\u00edte o jak\u00e9mkoli tvrzen\u00ed, \u017ee webov\u00e1 str\u00e1nka nebo jej\u00ed obsah poru\u0161uje pr\u00e1va kter\u00e9koli strany, v\u010detn\u011b autorsk\u00fdch pr\u00e1v, obchodn\u00edch zna\u010dek nebo jin\u00fdch smluvn\u00edch, z\u00e1konem stanoven\u00fdch nebo pr\u00e1vn\u011b podm\u00edn\u011bn\u00fdch pr\u00e1v, souhlas\u00edte s t\u00edm, \u017ee budete okam\u017eit\u011b p\u00edsemn\u011b informovat spole\u010dnost Herb-Pharma.<\/p>\n\n\n\n<p>P\u0159ipom\u00ednky nebo st\u00ed\u017enosti: Pokud m\u00e1te jak\u00e9koli p\u0159ipom\u00ednky, st\u00ed\u017enosti nebo pokud chcete nahl\u00e1sit probl\u00e9m t\u00fdkaj\u00edc\u00ed se produkt\u016f spole\u010dnosti Herb-Pharma nebo jejich aplikace, nebo pokud m\u00e1te technick\u00e9 dotazy t\u00fdkaj\u00edc\u00ed se webov\u00e9 str\u00e1nky, kontaktujte n\u00e1s na adrese: <a>home@herb-pharma.com<\/a>.<\/p>\n\n\n\n<p>Odm\u00edtnut\u00ed odpov\u011bdnosti: I kdy\u017e se sna\u017e\u00edme poskytovat p\u0159esn\u00e9 a aktu\u00e1ln\u00ed informace na na\u0161\u00ed webov\u00e9 str\u00e1nce, neud\u011blujeme \u017e\u00e1dn\u00e1 prohl\u00e1\u0161en\u00ed nebo z\u00e1ruky jak\u00e9hokoli druhu, v\u00fdslovn\u00e9 nebo implicitn\u00ed, o \u00faplnosti, p\u0159esnosti, spolehlivosti, vhodnosti nebo dostupnosti webov\u00e9 str\u00e1nky nebo informac\u00ed, produkt\u016f, slu\u017eeb nebo souvisej\u00edc\u00edch grafiky na webov\u00e9 str\u00e1nce pro jak\u00fdkoli \u00fa\u010del. Jak\u00e9koliv spol\u00e9h\u00e1n\u00ed se na takov\u00e9 informace je tedy v\u00fdlu\u010dn\u011b na va\u0161e vlastn\u00ed riziko.<\/p>\n\n\n\n<p>Odkazy na webov\u00e9 str\u00e1nky t\u0159et\u00edch stran: Na\u0161e webov\u00e1 str\u00e1nka m\u016f\u017ee obsahovat odkazy na webov\u00e9 str\u00e1nky t\u0159et\u00edch stran pro va\u0161e pohodl\u00ed. Tyto odkazy neznamenaj\u00ed, \u017ee schvalujeme tyto webov\u00e9 str\u00e1nky. Neneseme \u017e\u00e1dnou odpov\u011bdnost za obsah t\u011bchto odkazovan\u00fdch webov\u00fdch str\u00e1nek.<\/p>\n\n\n\n<p>Zm\u011bny v podm\u00ednk\u00e1ch pou\u017e\u00edv\u00e1n\u00ed: Spole\u010dnost Herb-Pharma si vyhrazuje pr\u00e1vo kdykoli zm\u011bnit tyto podm\u00ednky pou\u017e\u00edv\u00e1n\u00ed. Takov\u00e9 zm\u011bny budou okam\u017eit\u011b \u00fa\u010dinn\u00e9 po jejich zve\u0159ejn\u011bn\u00ed na webov\u00e9 str\u00e1nce. Va\u0161e dal\u0161\u00ed pou\u017e\u00edv\u00e1n\u00ed webov\u00e9 str\u00e1nky po jak\u00fdchkoli zm\u011bn\u00e1ch p\u0159edstavuje va\u0161e p\u0159ijet\u00ed upraven\u00fdch podm\u00ednek pou\u017e\u00edv\u00e1n\u00ed.<\/p>\n\n\n\n<p>Platn\u00e9 pr\u00e1vo: Tyto podm\u00ednky pou\u017e\u00edv\u00e1n\u00ed budou \u0159\u00edzeny a vykl\u00e1d\u00e1ny v souladu s pr\u00e1vem [Va\u0161e jurisdikce] a v\u0161echny spory t\u00fdkaj\u00edc\u00ed se t\u011bchto podm\u00ednek pou\u017e\u00edv\u00e1n\u00ed budou podl\u00e9hat v\u00fdhradn\u00ed jurisdikci soud\u016f [Va\u0161e jurisdikce].<\/p>\n\n\n\n<p>Pou\u017e\u00edv\u00e1n\u00edm na\u0161\u00ed webov\u00e9 str\u00e1nky souhlas\u00edte s t\u011bmito podm\u00ednkami pou\u017e\u00edv\u00e1n\u00ed. Pokud nesouhlas\u00edte s jakoukoli \u010d\u00e1st\u00ed t\u011bchto podm\u00ednek pou\u017e\u00edv\u00e1n\u00ed, nepou\u017e\u00edvejte na\u0161i webovou str\u00e1nku.<\/p>\n","protected":false},"excerpt":{"rendered":"<p>V\u0161eobecn\u00e9 podm\u00ednky u\u017eit\u00ed V\u00edtejte na webov\u00e9 str\u00e1nce spole\u010dnosti Herb-Pharma! P\u0159\u00edstupem a pou\u017e\u00edv\u00e1n\u00edm na\u0161\u00ed webov\u00e9 str\u00e1nky souhlas\u00edte s dodr\u017eov\u00e1n\u00edm n\u00e1sleduj\u00edc\u00edch podm\u00ednek: Vlastnictv\u00ed obsahu: Obsah t\u00e9to webov\u00e9 str\u00e1nky, v\u010detn\u011b text\u016f, softwaru, obr\u00e1zk\u016f, vide\u00ed, hudby, log, obchodn\u00edch zna\u010dek a dal\u0161\u00edch materi\u00e1l\u016f (&#8222;Obsah&#8220;), je chr\u00e1n\u011bn autorsk\u00fdmi pr\u00e1vy, obchodn\u00edmi zna\u010dkami a dal\u0161\u00edmi vlastnick\u00fdmi pr\u00e1vy. Tento Obsah je bu\u010f vlastn\u011bn nebo &hellip; <a href=\"https:\/\/www.fytofontana.com\/cs\/vseobecne-podminky-uziti\/\">Continued<\/a><\/p>\n","protected":false},"author":2,"featured_media":0,"parent":0,"menu_order":0,"comment_status":"closed","ping_status":"closed","template":"","meta":[],"yoast_head":"<title>V\u0161eobecn\u00e9 podm\u00ednky u\u017eit\u00ed - Fytofontana<\/title>\n<meta name=\"robots\" content=\"index, follow, max-snippet:-1, max-image-preview:large, max-video-preview:-1\" \/>\n<link rel=\"canonical\" href=\"https:\/\/www.fytofontana.com\/cs\/vseobecne-podminky-uziti\/\" \/>\n<meta property=\"og:locale\" content=\"cs_CZ\" \/>\n<meta property=\"og:type\" content=\"article\" \/>\n<meta property=\"og:title\" content=\"V\u0161eobecn\u00e9 podm\u00ednky u\u017eit\u00ed - Fytofontana\" \/>\n<meta property=\"og:description\" content=\"V\u0161eobecn\u00e9 podm\u00ednky u\u017eit\u00ed V\u00edtejte na webov\u00e9 str\u00e1nce spole\u010dnosti Herb-Pharma! P\u0159\u00edstupem a pou\u017e\u00edv\u00e1n\u00edm na\u0161\u00ed webov\u00e9 str\u00e1nky souhlas\u00edte s dodr\u017eov\u00e1n\u00edm n\u00e1sleduj\u00edc\u00edch podm\u00ednek: Vlastnictv\u00ed obsahu: Obsah t\u00e9to webov\u00e9 str\u00e1nky, v\u010detn\u011b text\u016f, softwaru, obr\u00e1zk\u016f, vide\u00ed, hudby, log, obchodn\u00edch zna\u010dek a dal\u0161\u00edch materi\u00e1l\u016f (&#8222;Obsah&#8220;), je chr\u00e1n\u011bn autorsk\u00fdmi pr\u00e1vy, obchodn\u00edmi zna\u010dkami a dal\u0161\u00edmi vlastnick\u00fdmi pr\u00e1vy. Tento Obsah je bu\u010f vlastn\u011bn nebo &hellip; Continued\" \/>\n<meta property=\"og:url\" content=\"https:\/\/www.fytofontana.com\/cs\/vseobecne-podminky-uziti\/\" \/>\n<meta property=\"og:site_name\" content=\"Fytofontana\" \/>\n<meta property=\"article:modified_time\" content=\"2024-02-19T18:02:58+00:00\" \/>\n<meta property=\"og:image\" content=\"https:\/\/www.fytofontana.com\/wp-content\/uploads\/2021\/01\/FB-Share.jpg\" \/>\n\t<meta property=\"og:image:width\" content=\"2400\" \/>\n\t<meta property=\"og:image:height\" content=\"1260\" \/>\n<meta name=\"twitter:card\" content=\"summary_large_image\" \/>\n<meta name=\"twitter:label1\" content=\"Odhadovan\u00e1 doba \u010dten\u00ed\">\n\t<meta name=\"twitter:data1\" content=\"2 minuty\">\n<script type=\"application\/ld+json\" class=\"yoast-schema-graph\">{\"@context\":\"https:\/\/schema.org\",\"@graph\":[{\"@type\":\"Organization\",\"@id\":\"https:\/\/www.fytofontana.com\/#organization\",\"name\":\"Fytofontana\",\"url\":\"https:\/\/www.fytofontana.com\/\",\"sameAs\":[],\"logo\":{\"@type\":\"ImageObject\",\"@id\":\"https:\/\/www.fytofontana.com\/#logo\",\"inLanguage\":\"cs\",\"url\":\"https:\/\/www.fytofontana.com\/wp-content\/uploads\/2021\/01\/fyto.png\",\"width\":817,\"height\":79,\"caption\":\"Fytofontana\"},\"image\":{\"@id\":\"https:\/\/www.fytofontana.com\/#logo\"}},{\"@type\":\"WebSite\",\"@id\":\"https:\/\/www.fytofontana.com\/#website\",\"url\":\"https:\/\/www.fytofontana.com\/\",\"name\":\"Fytofontana\",\"description\":\"\",\"publisher\":{\"@id\":\"https:\/\/www.fytofontana.com\/#organization\"},\"potentialAction\":[{\"@type\":\"SearchAction\",\"target\":\"https:\/\/www.fytofontana.com\/?s={search_term_string}\",\"query-input\":\"required name=search_term_string\"}],\"inLanguage\":\"cs\"},{\"@type\":\"WebPage\",\"@id\":\"https:\/\/www.fytofontana.com\/cs\/vseobecne-podminky-uziti\/#webpage\",\"url\":\"https:\/\/www.fytofontana.com\/cs\/vseobecne-podminky-uziti\/\",\"name\":\"V\\u0161eobecn\\u00e9 podm\\u00ednky u\\u017eit\\u00ed - Fytofontana\",\"isPartOf\":{\"@id\":\"https:\/\/www.fytofontana.com\/#website\"},\"datePublished\":\"2021-05-23T18:19:23+00:00\",\"dateModified\":\"2024-02-19T18:02:58+00:00\",\"breadcrumb\":{\"@id\":\"https:\/\/www.fytofontana.com\/cs\/vseobecne-podminky-uziti\/#breadcrumb\"},\"inLanguage\":\"cs\",\"potentialAction\":[{\"@type\":\"ReadAction\",\"target\":[\"https:\/\/www.fytofontana.com\/cs\/vseobecne-podminky-uziti\/\"]}]},{\"@type\":\"BreadcrumbList\",\"@id\":\"https:\/\/www.fytofontana.com\/cs\/vseobecne-podminky-uziti\/#breadcrumb\",\"itemListElement\":[{\"@type\":\"ListItem\",\"position\":1,\"item\":{\"@type\":\"WebPage\",\"@id\":\"https:\/\/www.fytofontana.com\/cs\/\",\"url\":\"https:\/\/www.fytofontana.com\/cs\/\",\"name\":\"Home\"}},{\"@type\":\"ListItem\",\"position\":2,\"item\":{\"@type\":\"WebPage\",\"@id\":\"https:\/\/www.fytofontana.com\/cs\/vseobecne-podminky-uziti\/\",\"url\":\"https:\/\/www.fytofontana.com\/cs\/vseobecne-podminky-uziti\/\",\"name\":\"V\\u0161eobecn\\u00e9 podm\\u00ednky u\\u017eit\\u00ed\"}}]}]}<\/script>","_links":{"self":[{"href":"https:\/\/www.fytofontana.com\/cs\/wp-json\/wp\/v2\/pages\/1982"}],"collection":[{"href":"https:\/\/www.fytofontana.com\/cs\/wp-json\/wp\/v2\/pages"}],"about":[{"href":"https:\/\/www.fytofontana.com\/cs\/wp-json\/wp\/v2\/types\/page"}],"author":[{"embeddable":true,"href":"https:\/\/www.fytofontana.com\/cs\/wp-json\/wp\/v2\/users\/2"}],"replies":[{"embeddable":true,"href":"https:\/\/www.fytofontana.com\/cs\/wp-json\/wp\/v2\/comments?post=1982"}],"version-history":[{"count":2,"href":"https:\/\/www.fytofontana.com\/cs\/wp-json\/wp\/v2\/pages\/1982\/revisions"}],"predecessor-version":[{"id":2639,"href":"https:\/\/www.fytofontana.com\/cs\/wp-json\/wp\/v2\/pages\/1982\/revisions\/2639"}],"wp:attachment":[{"href":"https:\/\/www.fytofontana.com\/cs\/wp-json\/wp\/v2\/media?parent=1982"}],"curies":[{"name":"wp","href":"https:\/\/api.w.org\/{rel}","templated":true}]}}