{"id":1974,"date":"2021-05-23T19:12:23","date_gmt":"2021-05-23T18:12:23","guid":{"rendered":"https:\/\/www.fytofontana.com\/hu\/?page_id=1974"},"modified":"2022-05-13T08:02:06","modified_gmt":"2022-05-13T07:02:06","slug":"ochrana-osobnich-udaju","status":"publish","type":"page","link":"https:\/\/www.fytofontana.com\/cs\/ochrana-osobnich-udaju\/","title":{"rendered":"Ochrana osobn\u00edch \u00fadaj\u016f"},"content":{"rendered":"\n<p><strong>Ochrana osobn\u00edch \u00fadaj\u016f<\/strong><\/p>\n\n\n\n<p>P\u0159i zad\u00e1n\u00ed na\u0161ich Internetov\u00fdch str\u00e1nek budou z&nbsp;va\u0161eho prohl\u00ed\u017ee\u010de p\u0159enesena ur\u010dit\u00e1 data na n\u00e1\u0161 web server. Co\u017e d\u011bl\u00e1me a po\u017eadujeme z&nbsp;technick\u00fdch d\u016fvod\u016f, aby v\u00e1m mohly b\u00fdt zp\u0159\u00edstupn\u011bny po\u017eadovan\u00e9 informace. Abychom umo\u017enili p\u0159\u00edstup na na\u0161e Internetov\u00e9 str\u00e1nky, sb\u00edraj\u00ed se n\u00e1sleduj\u00edc\u00ed data, kter\u00e1 budou kr\u00e1tce ulo\u017eena a pou\u017eita: IP adresa, datum a \u010das p\u0159\u00edstupu, konkr\u00e9tn\u00ed str\u00e1nka, http k\u00f3d stavu, internetov\u00e1 str\u00e1nka po\u017eaduj\u00edc\u00ed p\u0159\u00edstup, prohl\u00ed\u017ee\u010d<\/p>\n\n\n\n<p>Na na\u0161ich Internetov\u00fdch str\u00e1nk\u00e1ch vyu\u017e\u00edv\u00e1me slu\u017ebu anal\u00fdzy internetov\u00fdch str\u00e1nek Google Analytics spole\u010dnosti Google Inc.<\/p>\n\n\n\n<p>Informace shroma\u017e\u010fovan\u00e9 spole\u010dnost\u00ed Google v&nbsp;souvislosti s&nbsp;va\u0161\u00edm pou\u017e\u00edv\u00e1n\u00edm na\u0161ich Internetov\u00fdch str\u00e1nek budou p\u0159eneseny na server spole\u010dnosti Google v&nbsp;USA, kde budou ulo\u017eeny a&nbsp;analyzov\u00e1ny. P\u0159\u00edslu\u0161n\u00e9 v\u00fdsledky n\u00e1m pak budou zp\u0159\u00edstupn\u011bny v&nbsp;anonymizovan\u00e9 podob\u011b. Va\u0161e \u00fadaje o pou\u017e\u00edv\u00e1n\u00ed nebudou b\u011bhem tohoto procesu spojeny s&nbsp;celou va\u0161\u00ed IP adresou. Google m\u00e1&nbsp;<a href=\"https:\/\/www.privacyshield.gov\/participant?id=a2zt000000001L5AAI\">certifikaci dle EU-US Privacy Shield<\/a>, kter\u00e1 zaji\u0161\u0165uje dodr\u017eov\u00e1n\u00ed adekv\u00e1tn\u00ed \u00farovn\u011b ochrany osobn\u00edch \u00fadaj\u016f p\u0159i&nbsp;zpracov\u00e1n\u00ed dat spole\u010dnost\u00ed Google v USA.<\/p>\n\n\n\n<p>Sv\u016fj souhlas s&nbsp;anal\u00fdzou internetov\u00fdch str\u00e1nek m\u016f\u017eete kdykoli odvolat, bu\u010f sta\u017een\u00edm a nainstalov\u00e1n\u00edm poskytnut\u00e9ho&nbsp;<a href=\"https:\/\/tools.google.com\/dlpage\/gaoptout?hl=en-GB\">Google Browser Plugin<\/a>, zamez\u00ed anal\u00fdze internetov\u00fdch str\u00e1nek pouze, pokud budete pou\u017e\u00edvat prohl\u00ed\u017ee\u010d, na kter\u00e9m jste nainstalovali plugin a pokud nevyma\u017eete zakazovac\u00ed cookie.<\/p>\n\n\n\n<p>Dal\u0161\u00ed informace o Google Analytics viz&nbsp;<a href=\"https:\/\/www.google.com\/analytics\/terms\/us.html\">Podm\u00ednky u\u017e\u00edv\u00e1n\u00ed Google Analytics<\/a>,&nbsp;<a href=\"https:\/\/support.google.com\/analytics\/answer\/6004245?hl=en-GB\">Sm\u011brnice pro ochranu osobn\u00edch \u00fadaj\u016f Google Analytics<\/a>&nbsp;a&nbsp;<a href=\"http:\/\/www.google.com\/intl\/en\/policies\/privacy\">Politika ochrany osobn\u00edch \u00fadaj\u016f Google<\/a>.<\/p>\n\n\n\n<p>N\u00e1sleduj\u00edc\u00ed pr\u00e1va v\u00e1m obecn\u011b n\u00e1le\u017e\u00ed dle p\u0159\u00edslu\u0161n\u00fdch z\u00e1kon\u016f o ochran\u011b osobn\u00edch \u00fadaj\u016f: pr\u00e1vo na informace o va\u0161ich osobn\u00edch \u00fadaj\u00edch, kter\u00e9 m\u00e1me ulo\u017eeny, pr\u00e1vo po\u017eadovat opravu, vymaz\u00e1n\u00ed nebo omezen\u00ed zpracov\u00e1n\u00ed va\u0161ich osobn\u00edch \u00fadaj\u016f, pr\u00e1vo nam\u00edtat v\u016f\u010di zpracov\u00e1n\u00ed z&nbsp;d\u016fvod\u016f va\u0161ich vlastn\u00edch legitimn\u00edch z\u00e1jm\u016f nebo profilov\u00e1n\u00ed, pokud nebudeme schopni prok\u00e1zat, \u017ee ur\u010dit\u00e9 z\u00e1va\u017en\u00e9 a zaru\u010den\u00e9 d\u016fvody p\u0159evy\u0161uj\u00ed va\u0161e z\u00e1jmy, pr\u00e1va a svobodu, nebo \u017ee toto zpracov\u00e1n\u00ed prob\u00edh\u00e1 za \u00fa\u010delem prosazen\u00ed, uplatn\u011bn\u00ed nebo&nbsp;obh\u00e1jen\u00ed pr\u00e1vn\u00edch n\u00e1rok\u016f, pr\u00e1vo na p\u0159enositelnost \u00fadaj\u016f, pr\u00e1vo na pod\u00e1n\u00ed st\u00ed\u017enosti u \u00fa\u0159adu pro ochranu osobn\u00edch \u00fadaj\u016f; kdykoli m\u016f\u017eete s&nbsp;budouc\u00ed platnost\u00ed sv\u016fj souhlas se&nbsp;shroma\u017e\u010fov\u00e1n\u00edm, zpracov\u00e1n\u00edm a u\u017e\u00edv\u00e1n\u00edm sv\u00fdch osobn\u00edch \u00fadaj\u016f odvolat.<\/p>\n\n\n\n<p>Ve\u0161ker\u00e9 ot\u00e1zky ohledn\u011b ochrany osobn\u00edch \u00fadaj\u016f zas\u00edlejte prost\u0159ednictv\u00edm uveden\u00e9ho e-mailu: <a href=\"mailto:home@herb-pharma.com\">home@herb-pharma.com<\/a><\/p>\n","protected":false},"excerpt":{"rendered":"<p>Ochrana osobn\u00edch \u00fadaj\u016f P\u0159i zad\u00e1n\u00ed na\u0161ich Internetov\u00fdch str\u00e1nek budou z&nbsp;va\u0161eho prohl\u00ed\u017ee\u010de p\u0159enesena ur\u010dit\u00e1 data na n\u00e1\u0161 web server. Co\u017e d\u011bl\u00e1me a po\u017eadujeme z&nbsp;technick\u00fdch d\u016fvod\u016f, aby v\u00e1m mohly b\u00fdt zp\u0159\u00edstupn\u011bny po\u017eadovan\u00e9 informace. Abychom umo\u017enili p\u0159\u00edstup na na\u0161e Internetov\u00e9 str\u00e1nky, sb\u00edraj\u00ed se n\u00e1sleduj\u00edc\u00ed data, kter\u00e1 budou kr\u00e1tce ulo\u017eena a pou\u017eita: IP adresa, datum a \u010das p\u0159\u00edstupu, konkr\u00e9tn\u00ed &hellip; <a href=\"https:\/\/www.fytofontana.com\/cs\/ochrana-osobnich-udaju\/\">Continued<\/a><\/p>\n","protected":false},"author":2,"featured_media":0,"parent":0,"menu_order":0,"comment_status":"closed","ping_status":"open","template":"","meta":{"footnotes":""},"class_list":["post-1974","page","type-page","status-publish","hentry"],"yoast_head":"<title>Ochrana osobn\u00edch \u00fadaj\u016f - Fytofontana<\/title>\n<meta name=\"robots\" content=\"index, follow, max-snippet:-1, max-image-preview:large, max-video-preview:-1\" \/>\n<link rel=\"canonical\" href=\"https:\/\/www.fytofontana.com\/cs\/ochrana-osobnich-udaju\/\" \/>\n<meta property=\"og:locale\" content=\"cs_CZ\" \/>\n<meta property=\"og:type\" content=\"article\" \/>\n<meta property=\"og:title\" content=\"Ochrana osobn\u00edch \u00fadaj\u016f - Fytofontana\" \/>\n<meta property=\"og:description\" content=\"Ochrana osobn\u00edch \u00fadaj\u016f P\u0159i zad\u00e1n\u00ed na\u0161ich Internetov\u00fdch str\u00e1nek budou z&nbsp;va\u0161eho prohl\u00ed\u017ee\u010de p\u0159enesena ur\u010dit\u00e1 data na n\u00e1\u0161 web server. Co\u017e d\u011bl\u00e1me a po\u017eadujeme z&nbsp;technick\u00fdch d\u016fvod\u016f, aby v\u00e1m mohly b\u00fdt zp\u0159\u00edstupn\u011bny po\u017eadovan\u00e9 informace. Abychom umo\u017enili p\u0159\u00edstup na na\u0161e Internetov\u00e9 str\u00e1nky, sb\u00edraj\u00ed se n\u00e1sleduj\u00edc\u00ed data, kter\u00e1 budou kr\u00e1tce ulo\u017eena a pou\u017eita: IP adresa, datum a \u010das p\u0159\u00edstupu, konkr\u00e9tn\u00ed &hellip; Continued\" \/>\n<meta property=\"og:url\" content=\"https:\/\/www.fytofontana.com\/cs\/ochrana-osobnich-udaju\/\" \/>\n<meta property=\"og:site_name\" content=\"Fytofontana\" \/>\n<meta property=\"article:modified_time\" content=\"2022-05-13T07:02:06+00:00\" \/>\n<meta property=\"og:image\" content=\"https:\/\/www.fytofontana.com\/wp-content\/uploads\/2021\/01\/FB-Share.jpg\" \/>\n\t<meta property=\"og:image:width\" content=\"2400\" \/>\n\t<meta property=\"og:image:height\" content=\"1260\" \/>\n\t<meta property=\"og:image:type\" content=\"image\/jpeg\" \/>\n<meta name=\"twitter:card\" content=\"summary_large_image\" \/>\n<meta name=\"twitter:label1\" content=\"Odhadovan\u00e1 doba \u010dten\u00ed\" \/>\n\t<meta name=\"twitter:data1\" content=\"2 minuty\" \/>\n<script type=\"application\/ld+json\" class=\"yoast-schema-graph\">{\"@context\":\"https:\\\/\\\/schema.org\",\"@graph\":[{\"@type\":\"WebPage\",\"@id\":\"https:\\\/\\\/www.fytofontana.com\\\/cs\\\/ochrana-osobnich-udaju\\\/\",\"url\":\"https:\\\/\\\/www.fytofontana.com\\\/cs\\\/ochrana-osobnich-udaju\\\/\",\"name\":\"Ochrana osobn\u00edch \u00fadaj\u016f - Fytofontana\",\"isPartOf\":{\"@id\":\"https:\\\/\\\/www.fytofontana.com\\\/#website\"},\"datePublished\":\"2021-05-23T18:12:23+00:00\",\"dateModified\":\"2022-05-13T07:02:06+00:00\",\"breadcrumb\":{\"@id\":\"https:\\\/\\\/www.fytofontana.com\\\/cs\\\/ochrana-osobnich-udaju\\\/#breadcrumb\"},\"inLanguage\":\"cs\",\"potentialAction\":[{\"@type\":\"ReadAction\",\"target\":[\"https:\\\/\\\/www.fytofontana.com\\\/cs\\\/ochrana-osobnich-udaju\\\/\"]}]},{\"@type\":\"BreadcrumbList\",\"@id\":\"https:\\\/\\\/www.fytofontana.com\\\/cs\\\/ochrana-osobnich-udaju\\\/#breadcrumb\",\"itemListElement\":[{\"@type\":\"ListItem\",\"position\":1,\"name\":\"Home\",\"item\":\"https:\\\/\\\/www.fytofontana.com\\\/cs\\\/\"},{\"@type\":\"ListItem\",\"position\":2,\"name\":\"Ochrana osobn\u00edch \u00fadaj\u016f\"}]},{\"@type\":\"WebSite\",\"@id\":\"https:\\\/\\\/www.fytofontana.com\\\/#website\",\"url\":\"https:\\\/\\\/www.fytofontana.com\\\/\",\"name\":\"Fytofontana\",\"description\":\"\",\"publisher\":{\"@id\":\"https:\\\/\\\/www.fytofontana.com\\\/#organization\"},\"potentialAction\":[{\"@type\":\"SearchAction\",\"target\":{\"@type\":\"EntryPoint\",\"urlTemplate\":\"https:\\\/\\\/www.fytofontana.com\\\/?s={search_term_string}\"},\"query-input\":{\"@type\":\"PropertyValueSpecification\",\"valueRequired\":true,\"valueName\":\"search_term_string\"}}],\"inLanguage\":\"cs\"},{\"@type\":\"Organization\",\"@id\":\"https:\\\/\\\/www.fytofontana.com\\\/#organization\",\"name\":\"Fytofontana\",\"url\":\"https:\\\/\\\/www.fytofontana.com\\\/\",\"logo\":{\"@type\":\"ImageObject\",\"inLanguage\":\"cs\",\"@id\":\"https:\\\/\\\/www.fytofontana.com\\\/#\\\/schema\\\/logo\\\/image\\\/\",\"url\":\"https:\\\/\\\/www.fytofontana.com\\\/wp-content\\\/uploads\\\/2021\\\/01\\\/fyto.png\",\"contentUrl\":\"https:\\\/\\\/www.fytofontana.com\\\/wp-content\\\/uploads\\\/2021\\\/01\\\/fyto.png\",\"width\":817,\"height\":79,\"caption\":\"Fytofontana\"},\"image\":{\"@id\":\"https:\\\/\\\/www.fytofontana.com\\\/#\\\/schema\\\/logo\\\/image\\\/\"}}]}<\/script>","yoast_head_json":{"title":"Ochrana osobn\u00edch \u00fadaj\u016f - Fytofontana","robots":{"index":"index","follow":"follow","max-snippet":"max-snippet:-1","max-image-preview":"max-image-preview:large","max-video-preview":"max-video-preview:-1"},"canonical":"https:\/\/www.fytofontana.com\/cs\/ochrana-osobnich-udaju\/","og_locale":"cs_CZ","og_type":"article","og_title":"Ochrana osobn\u00edch \u00fadaj\u016f - Fytofontana","og_description":"Ochrana osobn\u00edch \u00fadaj\u016f P\u0159i zad\u00e1n\u00ed na\u0161ich Internetov\u00fdch str\u00e1nek budou z&nbsp;va\u0161eho prohl\u00ed\u017ee\u010de p\u0159enesena ur\u010dit\u00e1 data na n\u00e1\u0161 web server. Co\u017e d\u011bl\u00e1me a po\u017eadujeme z&nbsp;technick\u00fdch d\u016fvod\u016f, aby v\u00e1m mohly b\u00fdt zp\u0159\u00edstupn\u011bny po\u017eadovan\u00e9 informace. Abychom umo\u017enili p\u0159\u00edstup na na\u0161e Internetov\u00e9 str\u00e1nky, sb\u00edraj\u00ed se n\u00e1sleduj\u00edc\u00ed data, kter\u00e1 budou kr\u00e1tce ulo\u017eena a pou\u017eita: IP adresa, datum a \u010das p\u0159\u00edstupu, konkr\u00e9tn\u00ed &hellip; Continued","og_url":"https:\/\/www.fytofontana.com\/cs\/ochrana-osobnich-udaju\/","og_site_name":"Fytofontana","article_modified_time":"2022-05-13T07:02:06+00:00","og_image":[{"width":2400,"height":1260,"url":"https:\/\/www.fytofontana.com\/wp-content\/uploads\/2021\/01\/FB-Share.jpg","type":"image\/jpeg"}],"twitter_card":"summary_large_image","twitter_misc":{"Odhadovan\u00e1 doba \u010dten\u00ed":"2 minuty"},"schema":{"@context":"https:\/\/schema.org","@graph":[{"@type":"WebPage","@id":"https:\/\/www.fytofontana.com\/cs\/ochrana-osobnich-udaju\/","url":"https:\/\/www.fytofontana.com\/cs\/ochrana-osobnich-udaju\/","name":"Ochrana osobn\u00edch \u00fadaj\u016f - Fytofontana","isPartOf":{"@id":"https:\/\/www.fytofontana.com\/#website"},"datePublished":"2021-05-23T18:12:23+00:00","dateModified":"2022-05-13T07:02:06+00:00","breadcrumb":{"@id":"https:\/\/www.fytofontana.com\/cs\/ochrana-osobnich-udaju\/#breadcrumb"},"inLanguage":"cs","potentialAction":[{"@type":"ReadAction","target":["https:\/\/www.fytofontana.com\/cs\/ochrana-osobnich-udaju\/"]}]},{"@type":"BreadcrumbList","@id":"https:\/\/www.fytofontana.com\/cs\/ochrana-osobnich-udaju\/#breadcrumb","itemListElement":[{"@type":"ListItem","position":1,"name":"Home","item":"https:\/\/www.fytofontana.com\/cs\/"},{"@type":"ListItem","position":2,"name":"Ochrana osobn\u00edch \u00fadaj\u016f"}]},{"@type":"WebSite","@id":"https:\/\/www.fytofontana.com\/#website","url":"https:\/\/www.fytofontana.com\/","name":"Fytofontana","description":"","publisher":{"@id":"https:\/\/www.fytofontana.com\/#organization"},"potentialAction":[{"@type":"SearchAction","target":{"@type":"EntryPoint","urlTemplate":"https:\/\/www.fytofontana.com\/?s={search_term_string}"},"query-input":{"@type":"PropertyValueSpecification","valueRequired":true,"valueName":"search_term_string"}}],"inLanguage":"cs"},{"@type":"Organization","@id":"https:\/\/www.fytofontana.com\/#organization","name":"Fytofontana","url":"https:\/\/www.fytofontana.com\/","logo":{"@type":"ImageObject","inLanguage":"cs","@id":"https:\/\/www.fytofontana.com\/#\/schema\/logo\/image\/","url":"https:\/\/www.fytofontana.com\/wp-content\/uploads\/2021\/01\/fyto.png","contentUrl":"https:\/\/www.fytofontana.com\/wp-content\/uploads\/2021\/01\/fyto.png","width":817,"height":79,"caption":"Fytofontana"},"image":{"@id":"https:\/\/www.fytofontana.com\/#\/schema\/logo\/image\/"}}]}},"_links":{"self":[{"href":"https:\/\/www.fytofontana.com\/cs\/wp-json\/wp\/v2\/pages\/1974","targetHints":{"allow":["GET"]}}],"collection":[{"href":"https:\/\/www.fytofontana.com\/cs\/wp-json\/wp\/v2\/pages"}],"about":[{"href":"https:\/\/www.fytofontana.com\/cs\/wp-json\/wp\/v2\/types\/page"}],"author":[{"embeddable":true,"href":"https:\/\/www.fytofontana.com\/cs\/wp-json\/wp\/v2\/users\/2"}],"replies":[{"embeddable":true,"href":"https:\/\/www.fytofontana.com\/cs\/wp-json\/wp\/v2\/comments?post=1974"}],"version-history":[{"count":3,"href":"https:\/\/www.fytofontana.com\/cs\/wp-json\/wp\/v2\/pages\/1974\/revisions"}],"predecessor-version":[{"id":2220,"href":"https:\/\/www.fytofontana.com\/cs\/wp-json\/wp\/v2\/pages\/1974\/revisions\/2220"}],"wp:attachment":[{"href":"https:\/\/www.fytofontana.com\/cs\/wp-json\/wp\/v2\/media?parent=1974"}],"curies":[{"name":"wp","href":"https:\/\/api.w.org\/{rel}","templated":true}]}}