{"id":1960,"date":"2021-05-23T18:29:14","date_gmt":"2021-05-23T17:29:14","guid":{"rendered":"https:\/\/www.fytofontana.com\/hu\/?page_id=1960"},"modified":"2025-10-16T21:09:38","modified_gmt":"2025-10-16T20:09:38","slug":"produkty","status":"publish","type":"page","link":"https:\/\/www.fytofontana.com\/cs\/produkty\/","title":{"rendered":"Produkty"},"content":{"rendered":"\n<p>Zdrav\u00ed a pohoda jsou pro n\u00e1s prvo\u0159ad\u00e9. V\u011b\u0159\u00edme v s\u00edlu p\u0159\u00edrodn\u00edch ingredienc\u00ed ve spojen\u00ed s nejnov\u011bj\u0161\u00edmi biotechnologick\u00fdmi poznatky. Na\u0161e zdravotnick\u00e9 prost\u0159edky, ur\u010den\u00e9 pro celou rodinu, spl\u0148uj\u00ed nejvy\u0161\u0161\u00ed evropsk\u00e9 standardy podle na\u0159\u00edzen\u00ed MDR (2017\/745) s d\u016frazem na \u00fa\u010dinnost a bezpe\u010dnost.<\/p>\n\n\n<section class=\"section-bestsellers container py-10 lg:py-20 relative\">\n\t<h3 class=\"mb-10 text-4xl font-extrabold leading-tight text-center\">Nejobl\u00edben\u011bj\u0161\u00ed \u0159ady<\/h3>\n\t<div class=\"slider-bestsellers swiper-container\">\n\t\t<nav class=\"nav-slider bg-white\">\n\t\t\t<button type=\"button\" class=\"button-prev mr-4 text-fytofontana-green\">\n\t\t\t\t<i class=\"fa fa-caret-left fa-2x\"><\/i>\n\t\t\t<\/button>\n\t\t\t<button type=\"button\" class=\"button-next ml-4 text-fytofontana-green\">\n\t\t\t\t<i class=\"fa fa-caret-right fa-2x\"><\/i>\n\t\t\t<\/button>\n\t\t<\/nav>\n\t\t<div class=\"swiper-wrapper\">\n\t\t\t\t\t\t\t\t\t\t<div class=\"swiper-slide\">\n\t\t\t\t<div class=\"flex flex-wrap\">\n\t\t\t\t\t<div class=\"w-full lg:w-1\/2 lg:mr-auto\">\n\t\t\t\t\t\t<a href=\"https:\/\/www.fytofontana.com\/cs\/products\/virostop-cz\/\">\n\t\t\t\t\t\t\t<img src=\"https:\/\/www.fytofontana.com\/wp-content\/uploads\/2024\/02\/10-2023_Virostop_Web_HU_04-768x768.jpg\" alt=\"VIROSTOP\" class=\"mb-6 lg:mb-0\">\n\t\t\t\t\t\t<\/a>\n\t\t\t\t\t<\/div>\n\t\t\t\t\t<div class=\"w-full lg:w-5\/12\">\n\t\t\t\t\t\t<img src=\"https:\/\/www.fytofontana.com\/wp-content\/uploads\/2025\/05\/500x500_VIROSTOP_logo_Square-132x132.jpg\" alt=\"VIROSTOP\" class=\"max-w-1\/2 mb-10 brand-logo\">\n\t\t\t\t\t\t<p>Klinicky potvrzen\u00fd antivirov\u00fd \u00fa\u010dinek extraktu p\u011bti bylinn\u00fdch slo\u017eek s obsahem Cistu kr\u00e9tsk\u00e9ho.<\/p>\n\t\t\t\t\t\t<p class=\"mt-10\">\n\t\t\t\t\t\t\t<a href=\"https:\/\/www.fytofontana.com\/cs\/products\/virostop-cz\/\" class=\"w-full lg:w-1\/2 btn-fytofontana\">Objevte<\/a>\n\t\t\t\t\t\t<\/p>\n\t\t\t\t\t<\/div>\n\t\t\t\t<\/div>\n\t\t\t<\/div>\n\t\t\t\t\t\t\t\t\t\t<div class=\"swiper-slide\">\n\t\t\t\t<div class=\"flex flex-wrap\">\n\t\t\t\t\t<div class=\"w-full lg:w-1\/2 lg:mr-auto\">\n\t\t\t\t\t\t<a href=\"https:\/\/www.fytofontana.com\/cs\/products\/gyntima-cz\/\">\n\t\t\t\t\t\t\t<img src=\"https:\/\/www.fytofontana.com\/wp-content\/uploads\/2025\/07\/5_HQ_GYNTIMA-sestava-prechod-768x768.jpg\" alt=\"GYNTIMA\" class=\"mb-6 lg:mb-0\">\n\t\t\t\t\t\t<\/a>\n\t\t\t\t\t<\/div>\n\t\t\t\t\t<div class=\"w-full lg:w-5\/12\">\n\t\t\t\t\t\t<img src=\"https:\/\/www.fytofontana.com\/wp-content\/uploads\/2024\/02\/Gyntima-logo-RGB-179x132.jpg\" alt=\"GYNTIMA\" class=\"max-w-1\/2 mb-10 brand-logo\">\n\t\t\t\t\t\t<p>\u0158ada Gyntima p\u0159irozen\u011b zaji\u0161\u0165uje intimn\u00ed biologickou rovnov\u00e1hu, pom\u00e1h\u00e1 p\u0159i prevenci a l\u00e9\u010den\u00ed vagin\u00e1ln\u00edho diskomfortu.<\/p>\n\t\t\t\t\t\t<p class=\"mt-10\">\n\t\t\t\t\t\t\t<a href=\"https:\/\/www.fytofontana.com\/cs\/products\/gyntima-cz\/\" class=\"w-full lg:w-1\/2 btn-fytofontana\">Objevte<\/a>\n\t\t\t\t\t\t<\/p>\n\t\t\t\t\t<\/div>\n\t\t\t\t<\/div>\n\t\t\t<\/div>\n\t\t\t\t\t\t\t\t\t\t<div class=\"swiper-slide\">\n\t\t\t\t<div class=\"flex flex-wrap\">\n\t\t\t\t\t<div class=\"w-full lg:w-1\/2 lg:mr-auto\">\n\t\t\t\t\t\t<a href=\"https:\/\/www.fytofontana.com\/cs\/products\/aurecon-cz\/\">\n\t\t\t\t\t\t\t<img src=\"https:\/\/www.fytofontana.com\/wp-content\/uploads\/2020\/12\/30-768x512.jpg\" alt=\"AURECON\" class=\"mb-6 lg:mb-0\">\n\t\t\t\t\t\t<\/a>\n\t\t\t\t\t<\/div>\n\t\t\t\t\t<div class=\"w-full lg:w-5\/12\">\n\t\t\t\t\t\t<img src=\"https:\/\/www.fytofontana.com\/wp-content\/uploads\/2020\/12\/AURECON_logo_RGB-508x132.png\" alt=\"AURECON\" class=\"max-w-1\/2 mb-10 brand-logo\">\n\t\t\t\t\t\t<p>P\u0159\u00edrodn\u00ed \u0159ada produkt\u016f pro p\u00e9\u010di o u\u0161i a u\u0161n\u00ed hygienu pro celou rodinu. Pom\u00e1h\u00e1 p\u0159edch\u00e1zet zdravotn\u00edm probl\u00e9m\u016fm, jako je ucp\u00e1n\u00ed zvukovodu a u\u0161n\u00ed infekce.<\/p>\n\t\t\t\t\t\t<p class=\"mt-10\">\n\t\t\t\t\t\t\t<a href=\"https:\/\/www.fytofontana.com\/cs\/products\/aurecon-cz\/\" class=\"w-full lg:w-1\/2 btn-fytofontana\">Objevte<\/a>\n\t\t\t\t\t\t<\/p>\n\t\t\t\t\t<\/div>\n\t\t\t\t<\/div>\n\t\t\t<\/div>\n\t\t\t\t\t\t\t\t\t\t<div class=\"swiper-slide\">\n\t\t\t\t<div class=\"flex flex-wrap\">\n\t\t\t\t\t<div class=\"w-full lg:w-1\/2 lg:mr-auto\">\n\t\t\t\t\t\t<a href=\"https:\/\/www.fytofontana.com\/cs\/products\/hemorrelax-cz\/\">\n\t\t\t\t\t\t\t<img src=\"https:\/\/www.fytofontana.com\/wp-content\/uploads\/2025\/10\/Dizajn-bez-nazvu-2-e1760642478919.jpg\" alt=\"HEMORRELAX\" class=\"mb-6 lg:mb-0\">\n\t\t\t\t\t\t<\/a>\n\t\t\t\t\t<\/div>\n\t\t\t\t\t<div class=\"w-full lg:w-5\/12\">\n\t\t\t\t\t\t<img src=\"https:\/\/www.fytofontana.com\/wp-content\/uploads\/2020\/12\/HEMORRELAX_logo_vyska_RGB-329x132.png\" alt=\"HEMORRELAX\" class=\"max-w-1\/2 mb-10 brand-logo\">\n\t\t\t\t\t\t<p>Fyto-biotechnologick\u00fd kr\u00e9m a \u010d\u00edpky na hemoroidy.<\/p>\n\t\t\t\t\t\t<p class=\"mt-10\">\n\t\t\t\t\t\t\t<a href=\"https:\/\/www.fytofontana.com\/cs\/products\/hemorrelax-cz\/\" class=\"w-full lg:w-1\/2 btn-fytofontana\">Objevte<\/a>\n\t\t\t\t\t\t<\/p>\n\t\t\t\t\t<\/div>\n\t\t\t\t<\/div>\n\t\t\t<\/div>\n\t\t\t\t\t\t\t\t\t\t<div class=\"swiper-slide\">\n\t\t\t\t<div class=\"flex flex-wrap\">\n\t\t\t\t\t<div class=\"w-full lg:w-1\/2 lg:mr-auto\">\n\t\t\t\t\t\t<a href=\"https:\/\/www.fytofontana.com\/cs\/products\/virostop-cz\/\">\n\t\t\t\t\t\t\t<img src=\"https:\/\/www.fytofontana.com\/wp-content\/uploads\/2024\/04\/VIROSTOP-PASTILKY-20-ENDEESIT-sestava-copy-768x768.png\" alt=\"VIROSTOP\" class=\"mb-6 lg:mb-0\">\n\t\t\t\t\t\t<\/a>\n\t\t\t\t\t<\/div>\n\t\t\t\t\t<div class=\"w-full lg:w-5\/12\">\n\t\t\t\t\t\t<img src=\"https:\/\/www.fytofontana.com\/wp-content\/uploads\/2025\/05\/500x500_VIROSTOP_logo_Square-132x132.jpg\" alt=\"VIROSTOP\" class=\"max-w-1\/2 mb-10 brand-logo\">\n\t\t\t\t\t\t<p>Klinicky potvrzen\u00fd antivirov\u00fd \u00fa\u010dinek extraktu p\u011bti bylinn\u00fdch slo\u017eek s obsahem Cistu kr\u00e9tsk\u00e9ho.<\/p>\n\t\t\t\t\t\t<p class=\"mt-10\">\n\t\t\t\t\t\t\t<a href=\"https:\/\/www.fytofontana.com\/cs\/products\/virostop-cz\/\" class=\"w-full lg:w-1\/2 btn-fytofontana\">Objevte<\/a>\n\t\t\t\t\t\t<\/p>\n\t\t\t\t\t<\/div>\n\t\t\t\t<\/div>\n\t\t\t<\/div>\n\t\t\t\t\t<\/div>\n\t<\/div>\n<\/section>\n","protected":false},"excerpt":{"rendered":"<p>Zdrav\u00ed a pohoda jsou pro n\u00e1s prvo\u0159ad\u00e9. V\u011b\u0159\u00edme v s\u00edlu p\u0159\u00edrodn\u00edch ingredienc\u00ed ve spojen\u00ed s nejnov\u011bj\u0161\u00edmi biotechnologick\u00fdmi poznatky. Na\u0161e zdravotnick\u00e9 prost\u0159edky, ur\u010den\u00e9 pro celou rodinu, spl\u0148uj\u00ed nejvy\u0161\u0161\u00ed evropsk\u00e9 standardy podle na\u0159\u00edzen\u00ed MDR (2017\/745) s d\u016frazem na \u00fa\u010dinnost a bezpe\u010dnost.<\/p>\n","protected":false},"author":2,"featured_media":0,"parent":0,"menu_order":0,"comment_status":"closed","ping_status":"closed","template":"template-products.blade.php","meta":[],"yoast_head":"<title>Produkty - Fytofontana<\/title>\n<meta name=\"robots\" content=\"index, follow, max-snippet:-1, max-image-preview:large, max-video-preview:-1\" \/>\n<link rel=\"canonical\" href=\"https:\/\/www.fytofontana.com\/cs\/produkty\/\" \/>\n<meta property=\"og:locale\" content=\"cs_CZ\" \/>\n<meta property=\"og:type\" content=\"article\" \/>\n<meta property=\"og:title\" content=\"Produkty - Fytofontana\" \/>\n<meta property=\"og:description\" content=\"Zdrav\u00ed a pohoda jsou pro n\u00e1s prvo\u0159ad\u00e9. V\u011b\u0159\u00edme v s\u00edlu p\u0159\u00edrodn\u00edch ingredienc\u00ed ve spojen\u00ed s nejnov\u011bj\u0161\u00edmi biotechnologick\u00fdmi poznatky. Na\u0161e zdravotnick\u00e9 prost\u0159edky, ur\u010den\u00e9 pro celou rodinu, spl\u0148uj\u00ed nejvy\u0161\u0161\u00ed evropsk\u00e9 standardy podle na\u0159\u00edzen\u00ed MDR (2017\/745) s d\u016frazem na \u00fa\u010dinnost a bezpe\u010dnost.\" \/>\n<meta property=\"og:url\" content=\"https:\/\/www.fytofontana.com\/cs\/produkty\/\" \/>\n<meta property=\"og:site_name\" content=\"Fytofontana\" \/>\n<meta property=\"article:modified_time\" content=\"2025-10-16T20:09:38+00:00\" \/>\n<meta property=\"og:image\" content=\"https:\/\/www.fytofontana.com\/wp-content\/uploads\/2021\/01\/FB-Share.jpg\" \/>\n\t<meta property=\"og:image:width\" content=\"2400\" \/>\n\t<meta property=\"og:image:height\" content=\"1260\" \/>\n<meta name=\"twitter:card\" content=\"summary_large_image\" \/>\n<meta name=\"twitter:label1\" content=\"Odhadovan\u00e1 doba \u010dten\u00ed\">\n\t<meta name=\"twitter:data1\" content=\"1 minuta\">\n<script type=\"application\/ld+json\" class=\"yoast-schema-graph\">{\"@context\":\"https:\/\/schema.org\",\"@graph\":[{\"@type\":\"Organization\",\"@id\":\"https:\/\/www.fytofontana.com\/#organization\",\"name\":\"Fytofontana\",\"url\":\"https:\/\/www.fytofontana.com\/\",\"sameAs\":[],\"logo\":{\"@type\":\"ImageObject\",\"@id\":\"https:\/\/www.fytofontana.com\/#logo\",\"inLanguage\":\"cs\",\"url\":\"https:\/\/www.fytofontana.com\/wp-content\/uploads\/2021\/01\/fyto.png\",\"width\":817,\"height\":79,\"caption\":\"Fytofontana\"},\"image\":{\"@id\":\"https:\/\/www.fytofontana.com\/#logo\"}},{\"@type\":\"WebSite\",\"@id\":\"https:\/\/www.fytofontana.com\/#website\",\"url\":\"https:\/\/www.fytofontana.com\/\",\"name\":\"Fytofontana\",\"description\":\"\",\"publisher\":{\"@id\":\"https:\/\/www.fytofontana.com\/#organization\"},\"potentialAction\":[{\"@type\":\"SearchAction\",\"target\":\"https:\/\/www.fytofontana.com\/?s={search_term_string}\",\"query-input\":\"required name=search_term_string\"}],\"inLanguage\":\"cs\"},{\"@type\":\"WebPage\",\"@id\":\"https:\/\/www.fytofontana.com\/cs\/produkty\/#webpage\",\"url\":\"https:\/\/www.fytofontana.com\/cs\/produkty\/\",\"name\":\"Produkty - Fytofontana\",\"isPartOf\":{\"@id\":\"https:\/\/www.fytofontana.com\/#website\"},\"datePublished\":\"2021-05-23T17:29:14+00:00\",\"dateModified\":\"2025-10-16T20:09:38+00:00\",\"breadcrumb\":{\"@id\":\"https:\/\/www.fytofontana.com\/cs\/produkty\/#breadcrumb\"},\"inLanguage\":\"cs\",\"potentialAction\":[{\"@type\":\"ReadAction\",\"target\":[\"https:\/\/www.fytofontana.com\/cs\/produkty\/\"]}]},{\"@type\":\"BreadcrumbList\",\"@id\":\"https:\/\/www.fytofontana.com\/cs\/produkty\/#breadcrumb\",\"itemListElement\":[{\"@type\":\"ListItem\",\"position\":1,\"item\":{\"@type\":\"WebPage\",\"@id\":\"https:\/\/www.fytofontana.com\/cs\/\",\"url\":\"https:\/\/www.fytofontana.com\/cs\/\",\"name\":\"Home\"}},{\"@type\":\"ListItem\",\"position\":2,\"item\":{\"@type\":\"WebPage\",\"@id\":\"https:\/\/www.fytofontana.com\/cs\/produkty\/\",\"url\":\"https:\/\/www.fytofontana.com\/cs\/produkty\/\",\"name\":\"Produkty\"}}]}]}<\/script>","_links":{"self":[{"href":"https:\/\/www.fytofontana.com\/cs\/wp-json\/wp\/v2\/pages\/1960"}],"collection":[{"href":"https:\/\/www.fytofontana.com\/cs\/wp-json\/wp\/v2\/pages"}],"about":[{"href":"https:\/\/www.fytofontana.com\/cs\/wp-json\/wp\/v2\/types\/page"}],"author":[{"embeddable":true,"href":"https:\/\/www.fytofontana.com\/cs\/wp-json\/wp\/v2\/users\/2"}],"replies":[{"embeddable":true,"href":"https:\/\/www.fytofontana.com\/cs\/wp-json\/wp\/v2\/comments?post=1960"}],"version-history":[{"count":13,"href":"https:\/\/www.fytofontana.com\/cs\/wp-json\/wp\/v2\/pages\/1960\/revisions"}],"predecessor-version":[{"id":5025,"href":"https:\/\/www.fytofontana.com\/cs\/wp-json\/wp\/v2\/pages\/1960\/revisions\/5025"}],"wp:attachment":[{"href":"https:\/\/www.fytofontana.com\/cs\/wp-json\/wp\/v2\/media?parent=1960"}],"curies":[{"name":"wp","href":"https:\/\/api.w.org\/{rel}","templated":true}]}}