{"id":1958,"date":"2021-05-23T18:22:29","date_gmt":"2021-05-23T17:22:29","guid":{"rendered":"https:\/\/www.fytofontana.com\/hu\/?page_id=1958"},"modified":"2022-11-18T14:35:42","modified_gmt":"2022-11-18T13:35:42","slug":"contact","status":"publish","type":"page","link":"https:\/\/www.fytofontana.com\/cs\/contact\/","title":{"rendered":"Kontakt"},"content":{"rendered":"\n<p>Herb-Pharma AG<br>Waldmannstrasse 6,&nbsp;8001 Zurich, Switzerland<br><a href=\"mailto:home@herb-pharma.com\"><strong>home@herb-pharma.com<\/strong><\/a><\/p>\n\n\n\n<p><\/p>\n\n\n\n<p><\/p>\n\n\n\n<p><\/p>\n\n\n\n<p><br><\/p>\n","protected":false},"excerpt":{"rendered":"<p>Herb-Pharma AGWaldmannstrasse 6,&nbsp;8001 Zurich, Switzerlandhome@herb-pharma.com<\/p>\n","protected":false},"author":2,"featured_media":918,"parent":0,"menu_order":0,"comment_status":"closed","ping_status":"closed","template":"template-contact.blade.php","meta":[],"yoast_head":"<title>Kontakt - Fytofontana<\/title>\n<meta name=\"robots\" content=\"index, follow, max-snippet:-1, max-image-preview:large, max-video-preview:-1\" \/>\n<link rel=\"canonical\" href=\"https:\/\/www.fytofontana.com\/cs\/contact\/\" \/>\n<meta property=\"og:locale\" content=\"cs_CZ\" \/>\n<meta property=\"og:type\" content=\"article\" \/>\n<meta property=\"og:title\" content=\"Kontakt - Fytofontana\" \/>\n<meta property=\"og:description\" content=\"Herb-Pharma AGWaldmannstrasse 6,&nbsp;8001 Zurich, Switzerlandhome@herb-pharma.com\" \/>\n<meta property=\"og:url\" content=\"https:\/\/www.fytofontana.com\/cs\/contact\/\" \/>\n<meta property=\"og:site_name\" content=\"Fytofontana\" \/>\n<meta property=\"article:modified_time\" content=\"2022-11-18T13:35:42+00:00\" \/>\n<meta property=\"og:image\" content=\"https:\/\/www.fytofontana.com\/wp-content\/uploads\/2020\/12\/AdobeStock_213664354-2-1.jpg\" \/>\n\t<meta property=\"og:image:width\" content=\"750\" \/>\n\t<meta property=\"og:image:height\" content=\"907\" \/>\n<meta name=\"twitter:card\" content=\"summary_large_image\" \/>\n<meta name=\"twitter:label1\" content=\"Odhadovan\u00e1 doba \u010dten\u00ed\">\n\t<meta name=\"twitter:data1\" content=\"1 minuta\">\n<script type=\"application\/ld+json\" class=\"yoast-schema-graph\">{\"@context\":\"https:\/\/schema.org\",\"@graph\":[{\"@type\":\"Organization\",\"@id\":\"https:\/\/www.fytofontana.com\/#organization\",\"name\":\"Fytofontana\",\"url\":\"https:\/\/www.fytofontana.com\/\",\"sameAs\":[],\"logo\":{\"@type\":\"ImageObject\",\"@id\":\"https:\/\/www.fytofontana.com\/#logo\",\"inLanguage\":\"cs\",\"url\":\"https:\/\/www.fytofontana.com\/wp-content\/uploads\/2021\/01\/fyto.png\",\"width\":817,\"height\":79,\"caption\":\"Fytofontana\"},\"image\":{\"@id\":\"https:\/\/www.fytofontana.com\/#logo\"}},{\"@type\":\"WebSite\",\"@id\":\"https:\/\/www.fytofontana.com\/#website\",\"url\":\"https:\/\/www.fytofontana.com\/\",\"name\":\"Fytofontana\",\"description\":\"\",\"publisher\":{\"@id\":\"https:\/\/www.fytofontana.com\/#organization\"},\"potentialAction\":[{\"@type\":\"SearchAction\",\"target\":\"https:\/\/www.fytofontana.com\/?s={search_term_string}\",\"query-input\":\"required name=search_term_string\"}],\"inLanguage\":\"cs\"},{\"@type\":\"ImageObject\",\"@id\":\"https:\/\/www.fytofontana.com\/cs\/contact\/#primaryimage\",\"inLanguage\":\"cs\",\"url\":\"https:\/\/www.fytofontana.com\/wp-content\/uploads\/2020\/12\/AdobeStock_213664354-2-1.jpg\",\"width\":750,\"height\":907},{\"@type\":\"WebPage\",\"@id\":\"https:\/\/www.fytofontana.com\/cs\/contact\/#webpage\",\"url\":\"https:\/\/www.fytofontana.com\/cs\/contact\/\",\"name\":\"Kontakt - Fytofontana\",\"isPartOf\":{\"@id\":\"https:\/\/www.fytofontana.com\/#website\"},\"primaryImageOfPage\":{\"@id\":\"https:\/\/www.fytofontana.com\/cs\/contact\/#primaryimage\"},\"datePublished\":\"2021-05-23T17:22:29+00:00\",\"dateModified\":\"2022-11-18T13:35:42+00:00\",\"breadcrumb\":{\"@id\":\"https:\/\/www.fytofontana.com\/cs\/contact\/#breadcrumb\"},\"inLanguage\":\"cs\",\"potentialAction\":[{\"@type\":\"ReadAction\",\"target\":[\"https:\/\/www.fytofontana.com\/cs\/contact\/\"]}]},{\"@type\":\"BreadcrumbList\",\"@id\":\"https:\/\/www.fytofontana.com\/cs\/contact\/#breadcrumb\",\"itemListElement\":[{\"@type\":\"ListItem\",\"position\":1,\"item\":{\"@type\":\"WebPage\",\"@id\":\"https:\/\/www.fytofontana.com\/cs\/\",\"url\":\"https:\/\/www.fytofontana.com\/cs\/\",\"name\":\"Home\"}},{\"@type\":\"ListItem\",\"position\":2,\"item\":{\"@type\":\"WebPage\",\"@id\":\"https:\/\/www.fytofontana.com\/cs\/contact\/\",\"url\":\"https:\/\/www.fytofontana.com\/cs\/contact\/\",\"name\":\"Kontakt\"}}]}]}<\/script>","_links":{"self":[{"href":"https:\/\/www.fytofontana.com\/cs\/wp-json\/wp\/v2\/pages\/1958"}],"collection":[{"href":"https:\/\/www.fytofontana.com\/cs\/wp-json\/wp\/v2\/pages"}],"about":[{"href":"https:\/\/www.fytofontana.com\/cs\/wp-json\/wp\/v2\/types\/page"}],"author":[{"embeddable":true,"href":"https:\/\/www.fytofontana.com\/cs\/wp-json\/wp\/v2\/users\/2"}],"replies":[{"embeddable":true,"href":"https:\/\/www.fytofontana.com\/cs\/wp-json\/wp\/v2\/comments?post=1958"}],"version-history":[{"count":9,"href":"https:\/\/www.fytofontana.com\/cs\/wp-json\/wp\/v2\/pages\/1958\/revisions"}],"predecessor-version":[{"id":2499,"href":"https:\/\/www.fytofontana.com\/cs\/wp-json\/wp\/v2\/pages\/1958\/revisions\/2499"}],"wp:featuredmedia":[{"embeddable":true,"href":"https:\/\/www.fytofontana.com\/cs\/wp-json\/wp\/v2\/media\/918"}],"wp:attachment":[{"href":"https:\/\/www.fytofontana.com\/cs\/wp-json\/wp\/v2\/media?parent=1958"}],"curies":[{"name":"wp","href":"https:\/\/api.w.org\/{rel}","templated":true}]}}